{"id":164265,"date":"2025-02-11T12:39:49","date_gmt":"2025-02-11T12:39:49","guid":{"rendered":"https:\/\/nexgendecors.com\/en\/product\/ultra-thin-translucent-stone-flexible-translucent-board-background-wall-hotel-club-bar-new-decoration-natural-marble\/"},"modified":"2025-04-15T10:59:05","modified_gmt":"2025-04-15T10:59:05","slug":"ultra-thin-translucent-stone-flexible-translucent-board-background-wall-hotel-club-bar-new-decoration-natural-marble","status":"publish","type":"product","link":"https:\/\/nexgendecors.com\/es\/product\/ultra-thin-translucent-stone-flexible-translucent-board-background-wall-hotel-club-bar-new-decoration-natural-marble\/","title":{"rendered":"Paneles de pared de m\u00e1rmol transl\u00facido para una decoraci\u00f3n moderna"},"content":{"rendered":"<ul>\n<li><strong>ordenar por color<\/strong>:Contact customer service to receive samples, F102-10, F102-11, F105, F111, F113-1, F124, F124-1, F127, F144, F146, T301-A, T301-1, T301-3, T301-5, T301-10, T301-1 black series, T306 ancient wood grain, T313, T324, T343 lime stone grain<\/li>\n<li><strong><\/strong>:<\/li>\n<\/ul>","protected":false},"excerpt":{"rendered":"<p>ordenar por color:P\u00f3ngase en contacto con el servicio de atenci\u00f3n al cliente para recibir muestras, F102-10, F102-11, F105, F111, F113-1, F124, F124-1, F127, F144, F146, T301-A, T301-1,<\/p>","protected":false},"featured_media":164263,"comment_status":"open","ping_status":"closed","template":"","meta":[],"product_brand":[],"product_cat":[30894,30892,30878,30985],"product_tag":[30891],"class_list":{"0":"post-164265","1":"product","2":"type-product","3":"status-publish","4":"has-post-thumbnail","6":"product_cat-bs-wall-panels","7":"product_cat-export","8":"product_cat-wall-panel","9":"product_cat-wall-panels","10":"product_tag-title-adjust","12":"first","13":"instock","14":"taxable","15":"shipping-taxable","16":"purchasable","17":"product-type-variable"},"_links":{"self":[{"href":"https:\/\/nexgendecors.com\/es\/wp-json\/wp\/v2\/product\/164265","targetHints":{"allow":["GET"]}}],"collection":[{"href":"https:\/\/nexgendecors.com\/es\/wp-json\/wp\/v2\/product"}],"about":[{"href":"https:\/\/nexgendecors.com\/es\/wp-json\/wp\/v2\/types\/product"}],"replies":[{"embeddable":true,"href":"https:\/\/nexgendecors.com\/es\/wp-json\/wp\/v2\/comments?post=164265"}],"version-history":[{"count":0,"href":"https:\/\/nexgendecors.com\/es\/wp-json\/wp\/v2\/product\/164265\/revisions"}],"wp:featuredmedia":[{"embeddable":true,"href":"https:\/\/nexgendecors.com\/es\/wp-json\/wp\/v2\/media\/164263"}],"wp:attachment":[{"href":"https:\/\/nexgendecors.com\/es\/wp-json\/wp\/v2\/media?parent=164265"}],"wp:term":[{"taxonomy":"product_brand","embeddable":true,"href":"https:\/\/nexgendecors.com\/es\/wp-json\/wp\/v2\/product_brand?post=164265"},{"taxonomy":"product_cat","embeddable":true,"href":"https:\/\/nexgendecors.com\/es\/wp-json\/wp\/v2\/product_cat?post=164265"},{"taxonomy":"product_tag","embeddable":true,"href":"https:\/\/nexgendecors.com\/es\/wp-json\/wp\/v2\/product_tag?post=164265"}],"curies":[{"name":"wp","href":"https:\/\/api.w.org\/{rel}","templated":true}]}}