{"id":16457,"date":"2025-01-13T06:54:07","date_gmt":"2025-01-13T06:54:07","guid":{"rendered":"https:\/\/nexgendecors.com\/product\/arrow-urinal-wall-mounted-floor-standing-household-ceramic-induction-mens-vertical-urine-pocket-adult-urinal\/"},"modified":"2025-04-06T07:39:47","modified_gmt":"2025-04-06T07:39:47","slug":"urinario-arrow-de-pared-de-pie-de-ceramica-de-induccion-para-hombre-con-bolsillo-vertical-para-orina-para-adultos","status":"publish","type":"product","link":"https:\/\/nexgendecors.com\/es\/product\/urinario-arrow-de-pared-de-pie-de-ceramica-de-induccion-para-hombre-con-bolsillo-vertical-para-orina-para-adultos\/","title":{"rendered":"Urinario de cer\u00e1mica de inducci\u00f3n Arrow para hombre montado en la pared"},"content":{"rendered":"<ul>\n<li>\n<strong>marca<\/strong>:FLECHA<\/li>\n<li>\n<strong>modelo<\/strong>:Wrigley<\/li>\n<li>\n<strong>Origen<\/strong>:China continental<\/li>\n<li>\n<strong>M\u00e9todo de descarga de aguas residuales<\/strong>:Fila de pared<\/li>\n<li>\n<strong>Instalaci\u00f3n<\/strong>:Montado en la pared<\/li>\n<li>\n<strong>Modo de suministro de energ\u00eda<\/strong>:Tanto CC como CA<\/li>\n<li>\n<strong>Servicio en la ciudad<\/strong>:Log\u00edstica intraurbana de entrega puerta a puerta<\/li>\n<li>\n<strong>ordenar por color<\/strong>:A urinario + fila de pared de inducci\u00f3n oculta, A urinario + fila de suelo de inducci\u00f3n oculta, A urinario + fila de pared de inducci\u00f3n expuesta, A urinario + fila de suelo de inducci\u00f3n expuesta, A urinario + fila de pared de inducci\u00f3n integrada, A urinario + fila de suelo de inducci\u00f3n integrada, B urinario + fila de pared de inducci\u00f3n integrada, B urinario + fila de suelo de inducci\u00f3n integrada, C urinario + fila de pared de inducci\u00f3n incorporada, C urinario + fila de suelo de inducci\u00f3n incorporada, D urinario + desag\u00fce de pared de inducci\u00f3n oculta, D urinario + desag\u00fce de suelo de inducci\u00f3n oculta, D urinario + desag\u00fce de pared de inducci\u00f3n expuesta, D urinario + desag\u00fce de suelo de inducci\u00f3n expuesta, D urinario + desag\u00fce de pared de descarga manual, D urinario + desag\u00fce de suelo de descarga manual, E urinario + desag\u00fce de suelo de inducci\u00f3n oculta, E urinario + desag\u00fce de suelo de inducci\u00f3n expuesta, E urinario + desag\u00fce de suelo de inducci\u00f3n integrado, F urinario + desag\u00fce de suelo de inducci\u00f3n incorporado, garant\u00eda de dos a\u00f1os por reemplazo da\u00f1ado, env\u00edo y ticket gratuitos para la aceptaci\u00f3n del proyecto<\/li>\n<\/ul>\n<p><img><\/p>","protected":false},"excerpt":{"rendered":"<p>Marca: ARROW Modelo: Wrigley Origen: China continental M\u00e9todo de descarga de aguas residuales: Fila de pared Instalaci\u00f3n: Montado en la pared Modo de suministro de energ\u00eda: Tanto CC como CA Servicio en la ciudad: Entrega puerta a puerta de log\u00edstica dentro de la ciudad<\/p>","protected":false},"featured_media":16878,"comment_status":"open","ping_status":"closed","template":"","meta":[],"product_brand":[],"product_cat":[30971,353],"product_tag":[],"class_list":{"0":"post-16457","1":"product","2":"type-product","3":"status-publish","4":"has-post-thumbnail","6":"product_cat-hp","7":"product_cat-wholesale-toilet","9":"first","10":"instock","11":"sale","12":"taxable","13":"shipping-taxable","14":"purchasable","15":"product-type-variable"},"_links":{"self":[{"href":"https:\/\/nexgendecors.com\/es\/wp-json\/wp\/v2\/product\/16457","targetHints":{"allow":["GET"]}}],"collection":[{"href":"https:\/\/nexgendecors.com\/es\/wp-json\/wp\/v2\/product"}],"about":[{"href":"https:\/\/nexgendecors.com\/es\/wp-json\/wp\/v2\/types\/product"}],"replies":[{"embeddable":true,"href":"https:\/\/nexgendecors.com\/es\/wp-json\/wp\/v2\/comments?post=16457"}],"version-history":[{"count":0,"href":"https:\/\/nexgendecors.com\/es\/wp-json\/wp\/v2\/product\/16457\/revisions"}],"wp:featuredmedia":[{"embeddable":true,"href":"https:\/\/nexgendecors.com\/es\/wp-json\/wp\/v2\/media\/16878"}],"wp:attachment":[{"href":"https:\/\/nexgendecors.com\/es\/wp-json\/wp\/v2\/media?parent=16457"}],"wp:term":[{"taxonomy":"product_brand","embeddable":true,"href":"https:\/\/nexgendecors.com\/es\/wp-json\/wp\/v2\/product_brand?post=16457"},{"taxonomy":"product_cat","embeddable":true,"href":"https:\/\/nexgendecors.com\/es\/wp-json\/wp\/v2\/product_cat?post=16457"},{"taxonomy":"product_tag","embeddable":true,"href":"https:\/\/nexgendecors.com\/es\/wp-json\/wp\/v2\/product_tag?post=16457"}],"curies":[{"name":"wp","href":"https:\/\/api.w.org\/{rel}","templated":true}]}}