{"id":16480,"date":"2025-01-13T06:54:09","date_gmt":"2025-01-13T06:54:09","guid":{"rendered":"https:\/\/nexgendecors.com\/product\/dexiton-square-smart-toilet-dxd9025-square-diamond-black-integrated-fully-automatic-splash-proof-foam-toilet\/"},"modified":"2025-04-06T07:39:51","modified_gmt":"2025-04-06T07:39:51","slug":"inodoro-inteligente-cuadrado-dexiton-dxd9025-con-asiento-de-espuma-integrado-totalmente-automatico-y-a-prueba-de-salpicaduras-color-negro-diamante","status":"publish","type":"product","link":"https:\/\/nexgendecors.com\/es\/product\/inodoro-inteligente-cuadrado-dexiton-dxd9025-con-asiento-de-espuma-integrado-totalmente-automatico-y-a-prueba-de-salpicaduras-color-negro-diamante\/","title":{"rendered":"Inodoro integrado de dise\u00f1o elegante y cuadrado en color negro diamante"},"content":{"rendered":"<p>Mejore su ba\u00f1o con el inodoro integrado Square Diamond Black, donde la tecnolog\u00eda de vanguardia se combina con un dise\u00f1o elegante.<\/p>\n<p><strong>Dise\u00f1o llamativo:<\/strong><\/p>\n<ul>\n<li>Haga una declaraci\u00f3n audaz con este inodoro integrado cuadrado y negro que agrega un toque de sofisticaci\u00f3n moderna a cualquier ba\u00f1o.<\/li>\n<li>El elegante dise\u00f1o en forma de diamante realza su espacio con un toque contempor\u00e1neo.<\/li>\n<\/ul>\n<p><strong>Funciones avanzadas:<\/strong><\/p>\n<ul>\n<li>Disfrute de un funcionamiento totalmente autom\u00e1tico para una experiencia fluida y manos libres, que combina comodidad con innovaci\u00f3n de alta tecnolog\u00eda.<\/li>\n<li>La tecnolog\u00eda de espuma a prueba de salpicaduras garantiza la limpieza y reduce el mantenimiento, manteniendo su ba\u00f1o impecable.<\/li>\n<\/ul>\n<p><strong>Elegante y eficiente:<\/strong><\/p>\n<ul>\n<li>Dise\u00f1ado tanto para el estilo como para la funcionalidad, este inodoro proporciona una descarga eficiente y al mismo tiempo agrega un toque de lujo a su espacio.<\/li>\n<li>El dise\u00f1o integrado combina perfectamente todas las caracter\u00edsticas en una unidad sofisticada.<\/li>\n<\/ul>\n<p><strong>Eleve su ba\u00f1o:<\/strong><\/p>\n<ul>\n<li>Transforme su ba\u00f1o en un santuario moderno con el inodoro integrado Square Diamond Black, que ofrece una combinaci\u00f3n perfecta de elegancia y practicidad.<\/li>\n<\/ul>\n<p>Descubra el futuro del lujo en el ba\u00f1o con nuestro inodoro integrado Square Diamond Black. \u00a1Compre ahora y eleve su ba\u00f1o con este innovador y elegante accesorio!<\/p>\n<ul>\n<li>\n<strong>marca<\/strong>:De Hedon<\/li>\n<li>\n<strong>modelo<\/strong>:D-DXDON9025A<\/li>\n<li>\n<strong>Si contiene control remoto<\/strong>:S\u00ed<\/li>\n<li>\n<strong>Distancia m\u00ednima entre boxes<\/strong>:Otro\/otro 400mm 305mm<\/li>\n<li>\n<strong>Tipo inteligente<\/strong>:Conectado a Tmall Genie<\/li>\n<li>\n<strong>Nivel de eficiencia del agua<\/strong>:nivel 2<\/li>\n<li>\n<strong>provincia<\/strong>:Provincia de Guangdong<\/li>\n<li>\n<strong>ciudad<\/strong>:Shenzhen<\/li>\n<li>\n<strong>Servicio en la ciudad<\/strong>:Log\u00edstica intraurbana de entrega puerta a puerta<\/li>\n<li>\n<strong>Caracter\u00edsticas adicionales<\/strong>:Descarga r\u00e1pida Anillo de asiento antibacteriano Calefacci\u00f3n del anillo del asiento Descarga Ajuste de la presi\u00f3n del agua Modo de inducci\u00f3n dual Autolimpieza de la boquilla Sin l\u00edmite de presi\u00f3n de agua Lavado de cadera Lavado femenino Boquilla desodorizante autom\u00e1tica Limpieza m\u00f3vil Descarga con sensaci\u00f3n de pie Descarga r\u00e1pida Tipo de calor instant\u00e1neo Luz nocturna Bomba de refuerzo Protector de espuma Ajuste de secado Viento c\u00e1lido Control remoto Inducci\u00f3n r\u00e1pida Sistema de aromaterapia Ajuste de la temperatura del agua Control de voz Descarga por corte de energ\u00eda Temperatura del agua de calentamiento<\/li>\n<li>\n<strong>Volumen de descarga del inodoro<\/strong>:3\/6L<\/li>\n<li>\n<strong>Origen<\/strong>:China continental<\/li>\n<li>\n<strong>\u00bfLa cubierta est\u00e1 amortiguada?<\/strong>:S\u00ed<\/li>\n<li>\n<strong>Material<\/strong>:cer\u00e1mica<\/li>\n<li>\n<strong>M\u00e9todo de descarga del inodoro<\/strong>:Super v\u00f3rtice<\/li>\n<li>\n<strong>M\u00e9todo de drenaje del inodoro<\/strong>:Drenaje del suelo<\/li>\n<li>\n<strong>Soporte de carga<\/strong>:70 kg y m\u00e1s<\/li>\n<li>\n<strong>ordenar por color<\/strong>:Square Diamond 9057 Gun Gray Edge \u2013 Edici\u00f3n est\u00e1ndar (giro manual + sin restricci\u00f3n de presi\u00f3n de agua) Square Diamond 9057 Gun Gray Edge \u2013 Edici\u00f3n alta (giro autom\u00e1tico + sin restricci\u00f3n de presi\u00f3n de agua) Square Diamond 9057 Gun Gray Edge \u2013 Edici\u00f3n superior (giro autom\u00e1tico + sin restricci\u00f3n de presi\u00f3n de agua + desinfecci\u00f3n UV) Square Diamond 9025 White \u2013 Edici\u00f3n superior (giro autom\u00e1tico + voz IA + espuma a prueba de salpicaduras + lavado de gl\u00fateos) Square Diamond 9025 Black \u2013 Edici\u00f3n superior (giro autom\u00e1tico + voz IA + espuma a prueba de salpicaduras + lavado de gl\u00fateos) Square Diamond 9025 Gun Gray \u2013 Edici\u00f3n superior (giro autom\u00e1tico + voz IA + espuma a prueba de salpicaduras + lavado de gl\u00fateos)<\/li>\n<\/ul>\n<p><img><\/p>","protected":false},"excerpt":{"rendered":"<p>Mejore su ba\u00f1o con el inodoro integrado Square Diamond Black, donde la tecnolog\u00eda de vanguardia se combina con un dise\u00f1o elegante. Dise\u00f1o llamativo:<\/p>","protected":false},"featured_media":16904,"comment_status":"open","ping_status":"closed","template":"","meta":[],"product_brand":[],"product_cat":[30971,353],"product_tag":[],"class_list":{"0":"post-16480","1":"product","2":"type-product","3":"status-publish","4":"has-post-thumbnail","6":"product_cat-hp","7":"product_cat-wholesale-toilet","9":"first","10":"instock","11":"taxable","12":"shipping-taxable","13":"purchasable","14":"product-type-variable"},"_links":{"self":[{"href":"https:\/\/nexgendecors.com\/es\/wp-json\/wp\/v2\/product\/16480","targetHints":{"allow":["GET"]}}],"collection":[{"href":"https:\/\/nexgendecors.com\/es\/wp-json\/wp\/v2\/product"}],"about":[{"href":"https:\/\/nexgendecors.com\/es\/wp-json\/wp\/v2\/types\/product"}],"replies":[{"embeddable":true,"href":"https:\/\/nexgendecors.com\/es\/wp-json\/wp\/v2\/comments?post=16480"}],"version-history":[{"count":0,"href":"https:\/\/nexgendecors.com\/es\/wp-json\/wp\/v2\/product\/16480\/revisions"}],"wp:featuredmedia":[{"embeddable":true,"href":"https:\/\/nexgendecors.com\/es\/wp-json\/wp\/v2\/media\/16904"}],"wp:attachment":[{"href":"https:\/\/nexgendecors.com\/es\/wp-json\/wp\/v2\/media?parent=16480"}],"wp:term":[{"taxonomy":"product_brand","embeddable":true,"href":"https:\/\/nexgendecors.com\/es\/wp-json\/wp\/v2\/product_brand?post=16480"},{"taxonomy":"product_cat","embeddable":true,"href":"https:\/\/nexgendecors.com\/es\/wp-json\/wp\/v2\/product_cat?post=16480"},{"taxonomy":"product_tag","embeddable":true,"href":"https:\/\/nexgendecors.com\/es\/wp-json\/wp\/v2\/product_tag?post=16480"}],"curies":[{"name":"wp","href":"https:\/\/api.w.org\/{rel}","templated":true}]}}