{"id":16507,"date":"2025-01-13T06:54:10","date_gmt":"2025-01-13T06:54:10","guid":{"rendered":"https:\/\/nexgendecors.com\/product\/dexiton-9083-wall-mounted-siphon-wall-mounted-smart-toilet-suspended-wall-mounted-water-tank-free-pre-buried-hanging-toilet\/"},"modified":"2025-04-06T07:39:54","modified_gmt":"2025-04-06T07:39:54","slug":"dexiton-9083-wall-mounted-siphon-wall-mounted-smart-toilet-suspended-wall-mounted-water-tank-free-pre-buried-hanging-toilet","status":"publish","type":"product","link":"https:\/\/nexgendecors.com\/es\/product\/dexiton-9083-wall-mounted-siphon-wall-mounted-smart-toilet-suspended-wall-mounted-water-tank-free-pre-buried-hanging-toilet\/","title":{"rendered":"Inodoro inteligente de pared Dexiton 9083 con tanque oculto"},"content":{"rendered":"<ul>\n<li><strong>marca<\/strong>:De Hedon<\/li>\n<li><strong>modelo<\/strong>:D-DXDON9072<\/li>\n<li><strong>Material<\/strong>:cer\u00e1mica<\/li>\n<li><strong>Origen<\/strong>:China continental<\/li>\n<li><strong>provincia<\/strong>:Llevar a la fuerza<\/li>\n<li><strong>ciudad<\/strong>:Llevar a la fuerza<\/li>\n<li><strong>Instalaci\u00f3n<\/strong>:En la pared<\/li>\n<li><strong>ordenar por color<\/strong>:[9083 standard version &#8211; siphon type] white [9083 high-end version &#8211; siphon type] white [9083 top-end version &#8211; siphon type] white [9072 high-end version &#8211; siphon type] white [9072 top-end version &#8211; siphon type] white [9072 high-end version &#8211; siphon type] gray edge [9072 top-end version &#8211; siphon type] gray edge [9072 high-end version &#8211; siphon type] lamp ring [9072 top-end version &#8211; siphon type] lamp ring<\/li>\n<li><strong>Distancia m\u00ednima entre boxes<\/strong>:Otro<\/li>\n<li><strong>Soporte de carga<\/strong>:70 kg y m\u00e1s<\/li>\n<li><strong>Tipo de inodoro<\/strong>:Una pieza<\/li>\n<li><strong>M\u00e9todo de descarga del inodoro<\/strong>:Siphon<\/li>\n<li><strong>Volumen de descarga del inodoro<\/strong>:3\/6L<\/li>\n<li><strong>Nivel de eficiencia del agua<\/strong>:otro<\/li>\n<\/ul>\n<p><img \/><\/p>","protected":false},"excerpt":{"rendered":"<p>marca:De Hedon modelo:D-DXDON9072 Material:cer\u00e1mica Origen:China continental provincia:Shanghai ciudad:Shanghai Instalaci\u00f3n:En la pared ordenar por color:[9083 versi\u00f3n est\u00e1ndar \u2013 tipo sif\u00f3n] blanco [9083 versi\u00f3n de alta gama<\/p>","protected":false},"featured_media":16942,"comment_status":"open","ping_status":"closed","template":"","meta":[],"product_brand":[],"product_cat":[30971,353],"product_tag":[],"class_list":{"0":"post-16507","1":"product","2":"type-product","3":"status-publish","4":"has-post-thumbnail","6":"product_cat-hp","7":"product_cat-wholesale-toilet","9":"first","10":"instock","11":"taxable","12":"shipping-taxable","13":"purchasable","14":"product-type-variable"},"_links":{"self":[{"href":"https:\/\/nexgendecors.com\/es\/wp-json\/wp\/v2\/product\/16507","targetHints":{"allow":["GET"]}}],"collection":[{"href":"https:\/\/nexgendecors.com\/es\/wp-json\/wp\/v2\/product"}],"about":[{"href":"https:\/\/nexgendecors.com\/es\/wp-json\/wp\/v2\/types\/product"}],"replies":[{"embeddable":true,"href":"https:\/\/nexgendecors.com\/es\/wp-json\/wp\/v2\/comments?post=16507"}],"version-history":[{"count":0,"href":"https:\/\/nexgendecors.com\/es\/wp-json\/wp\/v2\/product\/16507\/revisions"}],"wp:featuredmedia":[{"embeddable":true,"href":"https:\/\/nexgendecors.com\/es\/wp-json\/wp\/v2\/media\/16942"}],"wp:attachment":[{"href":"https:\/\/nexgendecors.com\/es\/wp-json\/wp\/v2\/media?parent=16507"}],"wp:term":[{"taxonomy":"product_brand","embeddable":true,"href":"https:\/\/nexgendecors.com\/es\/wp-json\/wp\/v2\/product_brand?post=16507"},{"taxonomy":"product_cat","embeddable":true,"href":"https:\/\/nexgendecors.com\/es\/wp-json\/wp\/v2\/product_cat?post=16507"},{"taxonomy":"product_tag","embeddable":true,"href":"https:\/\/nexgendecors.com\/es\/wp-json\/wp\/v2\/product_tag?post=16507"}],"curies":[{"name":"wp","href":"https:\/\/api.w.org\/{rel}","templated":true}]}}