{"id":165534,"date":"2025-02-23T03:46:33","date_gmt":"2025-02-23T03:46:33","guid":{"rendered":"https:\/\/nexgendecors.com\/en\/product\/steam-type-fabric-cleaning-machine-household-small-all-in-one-machine-multi-function-carpet-window-cleaning-machine-vacuum-cleaning\/"},"modified":"2025-04-06T09:59:46","modified_gmt":"2025-04-06T09:59:46","slug":"steam-type-fabric-cleaning-machine-household-small-all-in-one-machine-multi-function-carpet-window-cleaning-machine-vacuum-cleaning","status":"publish","type":"product","link":"https:\/\/nexgendecors.com\/es\/product\/steam-type-fabric-cleaning-machine-household-small-all-in-one-machine-multi-function-carpet-window-cleaning-machine-vacuum-cleaning\/","title":{"rendered":"Tipo de vapor m\u00e1quina de limpieza de la tela hogar peque\u00f1o todo-en-uno m\u00e1quina multifunci\u00f3n alfombra ventana m\u00e1quina de limpieza de vac\u00edo"},"content":{"rendered":"<p><b>marca<\/b>: Chinese Cabbage<\/p>\n<p><b>Tensi\u00f3n nominal<\/b>:111 V ~ 240 V inclusive<\/p>\n<p><b>Potencia nominal<\/b>: 450W<\/p>\n<p><b>N\u00famero de pieza<\/b>: K15PLS<\/p>\n<p><b>color<\/b>: Gray customizable<\/p>\n<p><b>Especificaciones del producto<\/b>: Standard version<\/p>\n<p><b>Capacidad del tanque de agua<\/b>: 0.5-1L inclusive<\/p>\n<p><b>Fresh water tank capacity<\/b>: 1800ml<\/p>\n<p><b>Funci\u00f3n<\/b>: Steam cleaning<\/p>\n<p><b>Sewage tank capacity<\/b>: 600ml<\/p>","protected":false},"excerpt":{"rendered":"<p>marca: Col china Tensi\u00f3n nominal: 111V~240V inclusive Potencia nominal: 450W N\u00famero de pieza: K15PLS color: Gris personalizable Especificaciones del producto: Versi\u00f3n est\u00e1ndar<\/p>","protected":false},"featured_media":165533,"comment_status":"open","ping_status":"closed","template":"","meta":[],"product_brand":[],"product_cat":[30929,30945],"product_tag":[],"class_list":{"0":"post-165534","1":"product","2":"type-product","3":"status-publish","4":"has-post-thumbnail","6":"product_cat-housekeeping","7":"product_cat-steam-cleaners","9":"first","10":"instock","11":"taxable","12":"shipping-taxable","13":"purchasable","14":"product-type-variable"},"_links":{"self":[{"href":"https:\/\/nexgendecors.com\/es\/wp-json\/wp\/v2\/product\/165534","targetHints":{"allow":["GET"]}}],"collection":[{"href":"https:\/\/nexgendecors.com\/es\/wp-json\/wp\/v2\/product"}],"about":[{"href":"https:\/\/nexgendecors.com\/es\/wp-json\/wp\/v2\/types\/product"}],"replies":[{"embeddable":true,"href":"https:\/\/nexgendecors.com\/es\/wp-json\/wp\/v2\/comments?post=165534"}],"version-history":[{"count":0,"href":"https:\/\/nexgendecors.com\/es\/wp-json\/wp\/v2\/product\/165534\/revisions"}],"wp:featuredmedia":[{"embeddable":true,"href":"https:\/\/nexgendecors.com\/es\/wp-json\/wp\/v2\/media\/165533"}],"wp:attachment":[{"href":"https:\/\/nexgendecors.com\/es\/wp-json\/wp\/v2\/media?parent=165534"}],"wp:term":[{"taxonomy":"product_brand","embeddable":true,"href":"https:\/\/nexgendecors.com\/es\/wp-json\/wp\/v2\/product_brand?post=165534"},{"taxonomy":"product_cat","embeddable":true,"href":"https:\/\/nexgendecors.com\/es\/wp-json\/wp\/v2\/product_cat?post=165534"},{"taxonomy":"product_tag","embeddable":true,"href":"https:\/\/nexgendecors.com\/es\/wp-json\/wp\/v2\/product_tag?post=165534"}],"curies":[{"name":"wp","href":"https:\/\/api.w.org\/{rel}","templated":true}]}}