{"id":165569,"date":"2025-02-23T03:49:31","date_gmt":"2025-02-23T03:49:31","guid":{"rendered":"https:\/\/nexgendecors.com\/en\/product\/naitong-30l-family-hotel-decoration-seam-vacuum-cleaner-household-vacuum-cleaner-water-suction-wet-and-dry-dual-purpose-vacuum-cleaner\/"},"modified":"2025-04-22T06:31:29","modified_gmt":"2025-04-22T06:31:29","slug":"aspiradora-naitong-de-30-l-para-decoracion-de-hoteles-familiares-aspiradora-domestica-con-succion-de-agua-aspiradora-de-doble-proposito-para-seco-y-humedo","status":"publish","type":"product","link":"https:\/\/nexgendecors.com\/es\/product\/aspiradora-naitong-de-30-l-para-decoracion-de-hoteles-familiares-aspiradora-domestica-con-succion-de-agua-aspiradora-de-doble-proposito-para-seco-y-humedo\/","title":{"rendered":"Naitong 30L familia hotel decoraci\u00f3n costura aspiradora hogar aspiradora agua succi\u00f3n h\u00famedo y seco aspiradora de doble prop\u00f3sito"},"content":{"rendered":"<p><b>\u4ea7\u54c1\u7c7b\u522b<\/b>: \u5438\u5c18\u5668<\/p>\n<p><b>\u54c1\u724c<\/b>: \u8010\u901a<\/p>\n<p><b>\u578b\u53f7<\/b>:NT-V02<\/p>\n<p><b>\u8d27\u53f7<\/b>: NT-V02-30L\u6807\u914d<\/p>\n<p><b>\u5438\u5c18\u5668\u6b3e\u5f0f<\/b>: \u7acb\u5f0f<\/p>\n<p><b>\u5438\u5c18\u5668\u529f\u80fd<\/b>: \u5e72\u6e7f\u4e24\u7528<\/p>\n<p><b>\u50a8\u5c18\u7c7b\u578b<\/b>: \u7ec7\u7269\u7c7b\u5c18\u888b<\/p>\n<p><b>\u7535\u6e90\u7ebf\u957f\u5ea6<\/b>: \u7ea64\u7c73<\/p>\n<p><b>\u7279\u6b8a\u5438\u5634<\/b>: \u64e6\u5438\u4e8c\u5408\u4e00\u5730\u5237<\/p>\n<p><b>\u989d\u5b9a\u7535\u538b<\/b>: &gt;240 V (V)<\/p>\n<p><b>\u989d\u5b9a\u9891\u7387<\/b>: 50 (HZ)<\/p>\n<p><b>\u989d\u5b9a\u529f\u7387<\/b>:1400\uff08W\uff09<\/p>\n<p><b>3C\u8bc1\u4e66\u7f16\u53f7<\/b>: 2020190708003904<\/p>\n<p><b>\u989c\u8272<\/b>: \u9ec4\u8272,\u84dd\u8272,\u6a59\u8272,\u7ea2\u8272<\/p>\n<p><b>\u4ea7\u54c1\u89c4\u683c<\/b>: 30L de agua, 30L de agua, 30L de agua, 30L de agua, 30L de agua, 30L de agua, 30L de agua<\/p>\n<p><b>\u662f\u5426\u8de8\u5883\u51fa\u53e3\u4e13\u4f9b\u8d27\u6e90<\/b>: \u5426<\/p>\n<p><b>\u7535\u673a\u7c7b\u578b<\/b>: \u5e72\u6e7f\u91cf\u7528<\/p>\n<p><b>\u8ba4\u8bc1\u7c7b\u578b<\/b>:CCC<\/p>\n<p><b>\u5916\u58f3\u5de5\u827a<\/b>: \u5851\u6599<\/p>\n<p><b>\u5438\u529b<\/b>: 23 a\u00f1os<\/p>\n<p><b>\u8f6f\u7ba1\u957f\u5ea6<\/b>: 1,5 \u7c73<\/p>","protected":false},"excerpt":{"rendered":"<p>\u4ea7\u54c1\u7c7b\u522b: \u5438\u5c18\u5668 \u54c1\u724c: \u8010\u901a \u578b\u53f7: NT-V02 \u8d27\u53f7: NT-V02-30L\u6807\u914d \u5438\u5c18\u5668\u6b3e\u5f0f: \u7acb\u5f0f \u5438\u5c18\u5668\u529f\u80fd: \u5e72\u6e7f\u4e24\u7528 \u50a8\u5c18\u7c7b\u578b: \u7ec7\u7269\u7c7b\u5c18\u888b \u7535\u6e90\u7ebf\u957f\u5ea6: \u7ea64\u7c73 \u7279\u6b8a\u5438\u5634: \u64e6\u5438\u4e8c\u5408\u4e00\u5730\u5237 \u989d\u5b9a\u7535\u538b: &gt;240V\uff08V\uff09<\/p>","protected":false},"featured_media":165568,"comment_status":"open","ping_status":"closed","template":"","meta":[],"product_brand":[],"product_cat":[30929,30947,30945],"product_tag":[],"class_list":{"0":"post-165569","1":"product","2":"type-product","3":"status-publish","4":"has-post-thumbnail","6":"product_cat-housekeeping","7":"product_cat-janitorial-supplies","8":"product_cat-steam-cleaners","10":"first","11":"instock","12":"taxable","13":"shipping-taxable","14":"purchasable","15":"product-type-variable"},"_links":{"self":[{"href":"https:\/\/nexgendecors.com\/es\/wp-json\/wp\/v2\/product\/165569","targetHints":{"allow":["GET"]}}],"collection":[{"href":"https:\/\/nexgendecors.com\/es\/wp-json\/wp\/v2\/product"}],"about":[{"href":"https:\/\/nexgendecors.com\/es\/wp-json\/wp\/v2\/types\/product"}],"replies":[{"embeddable":true,"href":"https:\/\/nexgendecors.com\/es\/wp-json\/wp\/v2\/comments?post=165569"}],"version-history":[{"count":0,"href":"https:\/\/nexgendecors.com\/es\/wp-json\/wp\/v2\/product\/165569\/revisions"}],"wp:featuredmedia":[{"embeddable":true,"href":"https:\/\/nexgendecors.com\/es\/wp-json\/wp\/v2\/media\/165568"}],"wp:attachment":[{"href":"https:\/\/nexgendecors.com\/es\/wp-json\/wp\/v2\/media?parent=165569"}],"wp:term":[{"taxonomy":"product_brand","embeddable":true,"href":"https:\/\/nexgendecors.com\/es\/wp-json\/wp\/v2\/product_brand?post=165569"},{"taxonomy":"product_cat","embeddable":true,"href":"https:\/\/nexgendecors.com\/es\/wp-json\/wp\/v2\/product_cat?post=165569"},{"taxonomy":"product_tag","embeddable":true,"href":"https:\/\/nexgendecors.com\/es\/wp-json\/wp\/v2\/product_tag?post=165569"}],"curies":[{"name":"wp","href":"https:\/\/api.w.org\/{rel}","templated":true}]}}