{"id":165610,"date":"2025-02-23T04:34:48","date_gmt":"2025-02-23T04:34:48","guid":{"rendered":"https:\/\/nexgendecors.com\/en\/product\/gnf-tea-residue-trash-can-dry-and-wet-classification-separation-stainless-steel-double-barrel-unit-office-tea-room-lounge\/"},"modified":"2025-04-06T09:59:56","modified_gmt":"2025-04-06T09:59:56","slug":"gnf-tea-residue-trash-can-dry-and-wet-classification-separation-stainless-steel-double-barrel-unit-office-tea-room-lounge","status":"publish","type":"product","link":"https:\/\/nexgendecors.com\/es\/product\/gnf-tea-residue-trash-can-dry-and-wet-classification-separation-stainless-steel-double-barrel-unit-office-tea-room-lounge\/","title":{"rendered":"Cubo de basura para residuos de t\u00e9 GNF, clasificaci\u00f3n de residuos secos y h\u00famedos, unidad de acero inoxidable de doble barril, para oficina, sal\u00f3n de t\u00e9 y sal\u00f3n"},"content":{"rendered":"<p><b>Funci\u00f3n<\/b>: Contenedor de almacenamiento<\/p>\n<p><b>M\u00e9todo de apertura y cierre<\/b>: Accionado con el pie<\/p>\n<p><b>Importado o no<\/b>: No<\/p>\n<p><b>Material<\/b>:Acero inoxidable<\/p>\n<p><b>peso<\/b>:5 kilos<\/p>\n<p><b>Origen<\/b>: Foshan, Guangdong<\/p>\n<p><b>Cantidad por caja<\/b>: 1<\/p>\n<p><b>Atributos comerciales<\/b>: Comercio interno<\/p>\n<p><b>Gama de precios<\/b>:200-300 yuanes<\/p>\n<p><b>Tiempo de comercializaci\u00f3n<\/b>: 2020<\/p>\n<p><b>patentar<\/b>: No<\/p>\n<p><b>N\u00famero de pieza<\/b>: Contenedor de basura para clasificar residuos de t\u00e9 secos y h\u00famedos, SFD-25, SJ20-F01<\/p>\n<p><b>capacidad<\/b>:12L y m\u00e1s<\/p>\n<p><b>marca<\/b>:GNF<\/p>\n<p><b>forma<\/b>: Cuadrado<\/p>\n<p><b>color<\/b>: Barril de clasificaci\u00f3n de pedal de posos de t\u00e9, barril de pedal de posos de t\u00e9 de un solo barril, acero arena 25, oro negro 25, acero arena 20, oro negro 20, pedal de posos de t\u00e9 de 20 litros, posos de t\u00e9 de 30 litros sin tapa<\/p>\n<p><b>Ya sea una fuente dedicada de bienes para la exportaci\u00f3n transfronteriza<\/b>: No<\/p>\n<p><b>Escenarios de uso<\/b>: Comercial<\/p>\n<p><b>Normas de inspecci\u00f3n de f\u00e1brica<\/b>: ninguno<\/p>\n<p><b>Peso bruto<\/b>: 6.5<\/p>\n<p><b>derechos de autor<\/b>: ninguno<\/p>","protected":false},"excerpt":{"rendered":"<p>Funci\u00f3n: Contenedor de almacenamiento M\u00e9todo de apertura y cierre: Accionado por el pie Importado o no: no Material: Acero inoxidable Peso: 5 kg Origen: Foshan,<\/p>","protected":false},"featured_media":165609,"comment_status":"open","ping_status":"closed","template":"","meta":[],"product_brand":[],"product_cat":[30929],"product_tag":[],"class_list":{"0":"post-165610","1":"product","2":"type-product","3":"status-publish","4":"has-post-thumbnail","6":"product_cat-housekeeping","8":"first","9":"instock","10":"taxable","11":"shipping-taxable","12":"purchasable","13":"product-type-variable"},"_links":{"self":[{"href":"https:\/\/nexgendecors.com\/es\/wp-json\/wp\/v2\/product\/165610","targetHints":{"allow":["GET"]}}],"collection":[{"href":"https:\/\/nexgendecors.com\/es\/wp-json\/wp\/v2\/product"}],"about":[{"href":"https:\/\/nexgendecors.com\/es\/wp-json\/wp\/v2\/types\/product"}],"replies":[{"embeddable":true,"href":"https:\/\/nexgendecors.com\/es\/wp-json\/wp\/v2\/comments?post=165610"}],"version-history":[{"count":0,"href":"https:\/\/nexgendecors.com\/es\/wp-json\/wp\/v2\/product\/165610\/revisions"}],"wp:featuredmedia":[{"embeddable":true,"href":"https:\/\/nexgendecors.com\/es\/wp-json\/wp\/v2\/media\/165609"}],"wp:attachment":[{"href":"https:\/\/nexgendecors.com\/es\/wp-json\/wp\/v2\/media?parent=165610"}],"wp:term":[{"taxonomy":"product_brand","embeddable":true,"href":"https:\/\/nexgendecors.com\/es\/wp-json\/wp\/v2\/product_brand?post=165610"},{"taxonomy":"product_cat","embeddable":true,"href":"https:\/\/nexgendecors.com\/es\/wp-json\/wp\/v2\/product_cat?post=165610"},{"taxonomy":"product_tag","embeddable":true,"href":"https:\/\/nexgendecors.com\/es\/wp-json\/wp\/v2\/product_tag?post=165610"}],"curies":[{"name":"wp","href":"https:\/\/api.w.org\/{rel}","templated":true}]}}