{"id":165632,"date":"2025-02-23T04:35:16","date_gmt":"2025-02-23T04:35:16","guid":{"rendered":"https:\/\/nexgendecors.com\/en\/product\/gnf-oval-stainless-steel-vertical-cigarette-butt-column-smoke-column-smoking-area-special-barrel-cigarette-butt-trash-can-ash-column\/"},"modified":"2025-02-23T04:35:58","modified_gmt":"2025-02-23T04:35:58","slug":"columna-vertical-para-colillas-de-cigarrillos-de-acero-inoxidable-ovalada-gnf-columna-para-fumar-area-para-fumadores-barril-especial-bote-de-basura-para-colillas-de-cigarrillos-columna-para-ceniz","status":"publish","type":"product","link":"https:\/\/nexgendecors.com\/es\/product\/columna-vertical-para-colillas-de-cigarrillos-de-acero-inoxidable-ovalada-gnf-columna-para-fumar-area-para-fumadores-barril-especial-bote-de-basura-para-colillas-de-cigarrillos-columna-para-ceniz\/","title":{"rendered":"GNF ovalada de acero inoxidable vertical de la colilla de cigarrillos columna de humo zona de fumadores barril especial colilla de cigarrillos bote de basura columna de cenizas"},"content":{"rendered":"<p><b>Funci\u00f3n<\/b>:Recogida de residuos comerciales<\/p>\n<p><b>M\u00e9todo de apertura y cierre<\/b>: Tocar<\/p>\n<p><b>Importado o no<\/b>: No<\/p>\n<p><b>Material<\/b>:Acero inoxidable<\/p>\n<p><b>Origen<\/b>: Cant\u00f3n<\/p>\n<p><b>Cantidad por caja<\/b>: 1<\/p>\n<p><b>Atributos comerciales<\/b>: Comercio interno<\/p>\n<p><b>Gama de precios<\/b>:100-200 yuanes<\/p>\n<p><b>Tiempo de comercializaci\u00f3n<\/b>: 2017<\/p>\n<p><b>patentar<\/b>: No<\/p>\n<p><b>N\u00famero de pieza<\/b>: GPX-129E, GPX-129V, GPX-129D, GPX-129W<\/p>\n<p><b>\u5bb9\u91cf<\/b>:6 litros<\/p>\n<p><b>\u54c1\u724c<\/b>: \u5357<\/p>\n<p><b>\u5f62\u72b6<\/b>: \u957f\u7b52\u5f62<\/p>\n<p><b>\u989c\u8272<\/b>: \u7802\u94a2-\u692d\u5706\u5f62\u70df\u7070\u7f38 \uff08GPX-129E\uff09,\u9ed1\u91d1-\u692d\u5706\u5f62\u70df\u7070\u7f38 \uff08GPX-129E\uff09,\u7070\u8272-\u692d\u5706\u5f62\u70df\u7070\u7f38\uff08GPX-129E\uff09,\u7802\u94a2-\u692d\u5706\u5f62\u70df\u7070\u7f38\u5e26\u6295\u53e3 \uff08GPX-129V\uff09,\u9ed1\u91d1-\u692d\u5706\u5f62\u70df\u7070\u7f38\u5e26\u6295\u53e3 \uff08GPX-129V\uff09,\u7070\u8272-\u692d\u5706\u5f62\u70df\u7070\u7f38\u5e26\u6295\u53e3 \uff08GPX-129V\uff09,\u7802\u94a2-\u65b9\u5f62\u70df\u7070\u7f38\uff08GPX-129D\uff09,\u9ed1\u91d1-\u65b9\u5f62\u70df\u7070\u7f38 \uff08GPX-129D\uff09,\u7070\u8272-\u65b9\u5f62\u70df\u7070\u7f38\uff08GPX-129D\uff09,\u7802\u94a2-\u65b9\u5f62\u70df\u7070\u7f38\u5e26\u6295\u53e3 \uff08GPX-129W\uff09,\u9ed1\u91d1-\u65b9\u5f62\u70df\u7070\u7f38\u5e26\u6295\u53e3 \uff08GPX-129W\uff09,\u7070\u8272-\u65b9\u5f62\u70df\u7070\u7f38\u5e26\u6295\u53e3 \uff08GPX-129W\uff09<\/p>\n<p><b>\u4f7f\u7528\u573a\u666f<\/b>: \u5546\u7528<\/p>\n<p><b>\u6bdb\u91cd<\/b>: 6.95\/7.62<\/p>","protected":false},"excerpt":{"rendered":"<p>Funci\u00f3n: Recogida de residuos comerciales M\u00e9todo de apertura y cierre: T\u00e1ctil Importado o no: no Material: Acero inoxidable Origen: Guangzhou Cantidad por<\/p>","protected":false},"featured_media":165631,"comment_status":"open","ping_status":"closed","template":"","meta":[],"product_brand":[],"product_cat":[30929],"product_tag":[],"class_list":{"0":"post-165632","1":"product","2":"type-product","3":"status-publish","4":"has-post-thumbnail","6":"product_cat-housekeeping","8":"first","9":"instock","10":"taxable","11":"shipping-taxable","12":"purchasable","13":"product-type-variable"},"_links":{"self":[{"href":"https:\/\/nexgendecors.com\/es\/wp-json\/wp\/v2\/product\/165632","targetHints":{"allow":["GET"]}}],"collection":[{"href":"https:\/\/nexgendecors.com\/es\/wp-json\/wp\/v2\/product"}],"about":[{"href":"https:\/\/nexgendecors.com\/es\/wp-json\/wp\/v2\/types\/product"}],"replies":[{"embeddable":true,"href":"https:\/\/nexgendecors.com\/es\/wp-json\/wp\/v2\/comments?post=165632"}],"version-history":[{"count":0,"href":"https:\/\/nexgendecors.com\/es\/wp-json\/wp\/v2\/product\/165632\/revisions"}],"wp:featuredmedia":[{"embeddable":true,"href":"https:\/\/nexgendecors.com\/es\/wp-json\/wp\/v2\/media\/165631"}],"wp:attachment":[{"href":"https:\/\/nexgendecors.com\/es\/wp-json\/wp\/v2\/media?parent=165632"}],"wp:term":[{"taxonomy":"product_brand","embeddable":true,"href":"https:\/\/nexgendecors.com\/es\/wp-json\/wp\/v2\/product_brand?post=165632"},{"taxonomy":"product_cat","embeddable":true,"href":"https:\/\/nexgendecors.com\/es\/wp-json\/wp\/v2\/product_cat?post=165632"},{"taxonomy":"product_tag","embeddable":true,"href":"https:\/\/nexgendecors.com\/es\/wp-json\/wp\/v2\/product_tag?post=165632"}],"curies":[{"name":"wp","href":"https:\/\/api.w.org\/{rel}","templated":true}]}}