{"id":165687,"date":"2025-02-23T04:36:13","date_gmt":"2025-02-23T04:36:13","guid":{"rendered":"https:\/\/nexgendecors.com\/en\/product\/c-116-black-foldable-double-room-cart-hotel-room-linen-cart-work-cart-service-cart-double-room-cart\/"},"modified":"2025-02-23T04:36:28","modified_gmt":"2025-02-23T04:36:28","slug":"c-116-carrito-plegable-negro-para-habitacion-doble-carrito-para-ropa-blanca-de-hotel-carrito-de-trabajo-carrito-de-servicio-carrito-para-habitacion-doble","status":"publish","type":"product","link":"https:\/\/nexgendecors.com\/es\/product\/c-116-carrito-plegable-negro-para-habitacion-doble-carrito-para-ropa-blanca-de-hotel-carrito-de-trabajo-carrito-de-servicio-carrito-para-habitacion-doble\/","title":{"rendered":"C-116 Carrito plegable negro para habitaci\u00f3n doble Carrito para ropa blanca de hotel Carrito de trabajo Carrito de servicio Carrito para habitaci\u00f3n doble"},"content":{"rendered":"<p><b>Categor\u00edas de productos<\/b>:Coche de la casa<\/p>\n<p><b>marca<\/b>: Sur<\/p>\n<p><b>Importado o no<\/b>: No<\/p>\n<p><b>Material<\/b>:Pintura de hierro + tablero de madera<\/p>\n<p><b>Origen<\/b>: Foshan, Guangdong<\/p>\n<p><b>N\u00famero de pieza<\/b>:C-7A<\/p>\n<p><b>Personalizaci\u00f3n del procesamiento<\/b>: No<\/p>\n<p><b>Impresi\u00f3n de LOGO<\/b>: Poder<\/p>\n<p><b>Ya sea una fuente dedicada de bienes para la exportaci\u00f3n transfronteriza<\/b>: No<\/p>\n<p><b>color<\/b>:C-116 viene de serie sin rejilla, C-116 con rejilla, rejilla accesoria CH-8<\/p>\n<p><b>\u00bfExiste una patente?<\/b>: No<\/p>\n<p><b>modelo<\/b>:C-116<\/p>","protected":false},"excerpt":{"rendered":"<p>Categor\u00edas de productos: Casa coche marca: Sur Importado o no: no Material: Pintura de hierro + tablero de madera Origen: Foshan, Guangdong Parte<\/p>","protected":false},"featured_media":165686,"comment_status":"open","ping_status":"closed","template":"","meta":[],"product_brand":[],"product_cat":[30929,30943],"product_tag":[],"class_list":{"0":"post-165687","1":"product","2":"type-product","3":"status-publish","4":"has-post-thumbnail","6":"product_cat-housekeeping","7":"product_cat-maids-carts","9":"first","10":"instock","11":"taxable","12":"shipping-taxable","13":"purchasable","14":"product-type-variable"},"_links":{"self":[{"href":"https:\/\/nexgendecors.com\/es\/wp-json\/wp\/v2\/product\/165687","targetHints":{"allow":["GET"]}}],"collection":[{"href":"https:\/\/nexgendecors.com\/es\/wp-json\/wp\/v2\/product"}],"about":[{"href":"https:\/\/nexgendecors.com\/es\/wp-json\/wp\/v2\/types\/product"}],"replies":[{"embeddable":true,"href":"https:\/\/nexgendecors.com\/es\/wp-json\/wp\/v2\/comments?post=165687"}],"version-history":[{"count":0,"href":"https:\/\/nexgendecors.com\/es\/wp-json\/wp\/v2\/product\/165687\/revisions"}],"wp:featuredmedia":[{"embeddable":true,"href":"https:\/\/nexgendecors.com\/es\/wp-json\/wp\/v2\/media\/165686"}],"wp:attachment":[{"href":"https:\/\/nexgendecors.com\/es\/wp-json\/wp\/v2\/media?parent=165687"}],"wp:term":[{"taxonomy":"product_brand","embeddable":true,"href":"https:\/\/nexgendecors.com\/es\/wp-json\/wp\/v2\/product_brand?post=165687"},{"taxonomy":"product_cat","embeddable":true,"href":"https:\/\/nexgendecors.com\/es\/wp-json\/wp\/v2\/product_cat?post=165687"},{"taxonomy":"product_tag","embeddable":true,"href":"https:\/\/nexgendecors.com\/es\/wp-json\/wp\/v2\/product_tag?post=165687"}],"curies":[{"name":"wp","href":"https:\/\/api.w.org\/{rel}","templated":true}]}}