{"id":165735,"date":"2025-02-23T04:41:56","date_gmt":"2025-02-23T04:41:56","guid":{"rendered":"https:\/\/nexgendecors.com\/en\/product\/a-shaped-plastic-careful-slip-warning-sign-four-way-sign-do-not-park-safety-warning-sign\/"},"modified":"2025-02-23T04:42:57","modified_gmt":"2025-02-23T04:42:57","slug":"senal-de-advertencia-de-plastico-con-forma-de-cuidado-con-resbalones-senal-de-cuatro-vias-senal-de-advertencia-de-seguridad-de-no-estacionar","status":"publish","type":"product","link":"https:\/\/nexgendecors.com\/es\/product\/senal-de-advertencia-de-plastico-con-forma-de-cuidado-con-resbalones-senal-de-cuatro-vias-senal-de-advertencia-de-seguridad-de-no-estacionar\/","title":{"rendered":"Pl\u00e1stico en forma de A se\u00f1al de advertencia de resbal\u00f3n cuidadoso se\u00f1al de cuatro v\u00edas no aparcar se\u00f1al de advertencia de seguridad"},"content":{"rendered":"<p><b>\u54c1\u724c<\/b>: \u5d07\u7766<\/p>\n<p><b>\u52a0\u5de5\u5b9a\u5236<\/b>: \u662f<\/p>\n<p><b>\u7c7b\u578b<\/b>: A \u5b57 \u724c<\/p>\n<p><b>\u8d27\u53f7<\/b>: 015<\/p>\n<p><b>\u6750\u8d28<\/b>:PP<\/p>\n<p><b>\u4ea7\u5730<\/b>: \u6d59\u6c5f\u53f0\u5dde<\/p>\n<p><b>\u5c3a\u5bf8<\/b>: \u591a\u89c4\u683c<\/p>\n<p><b>\u5e94\u7528\u573a\u666f<\/b>: \u5546\u573a\u4e36\u9152logging\u4e36\u9053\u8def\u7b49\u591a\u573a\u6240<\/p>\n<p><b>\u91cd\u91cf<\/b>: \u591a\u89c4\u683c<\/p>","protected":false},"excerpt":{"rendered":"<p>\u54c1\u724c: \u5d07\u7766 \u52a0\u5de5\u5b9a\u5236: \u662f \u7c7b\u578b: A\u5b57\u724c \u8d27\u53f7: 015 \u6750\u8d28: PP \u4ea7\u5730: \u6d59\u6c5f\u53f0\u5dde \u5c3a\u5bf8: \u591a\u89c4\u683c \u5e94\u7528\u573a\u666f: \u5546\u573a\u4e36\u9152\u5e97\u4e36\u9053\u8def\u7b49\u591a\u573a\u6240 \u91cd\u91cf: \u591a\u89c4\u683c<\/p>","protected":false},"featured_media":165734,"comment_status":"open","ping_status":"closed","template":"","meta":[],"product_brand":[],"product_cat":[30929],"product_tag":[],"class_list":{"0":"post-165735","1":"product","2":"type-product","3":"status-publish","4":"has-post-thumbnail","6":"product_cat-housekeeping","8":"first","9":"instock","10":"taxable","11":"shipping-taxable","12":"purchasable","13":"product-type-simple"},"_links":{"self":[{"href":"https:\/\/nexgendecors.com\/es\/wp-json\/wp\/v2\/product\/165735","targetHints":{"allow":["GET"]}}],"collection":[{"href":"https:\/\/nexgendecors.com\/es\/wp-json\/wp\/v2\/product"}],"about":[{"href":"https:\/\/nexgendecors.com\/es\/wp-json\/wp\/v2\/types\/product"}],"replies":[{"embeddable":true,"href":"https:\/\/nexgendecors.com\/es\/wp-json\/wp\/v2\/comments?post=165735"}],"version-history":[{"count":0,"href":"https:\/\/nexgendecors.com\/es\/wp-json\/wp\/v2\/product\/165735\/revisions"}],"wp:featuredmedia":[{"embeddable":true,"href":"https:\/\/nexgendecors.com\/es\/wp-json\/wp\/v2\/media\/165734"}],"wp:attachment":[{"href":"https:\/\/nexgendecors.com\/es\/wp-json\/wp\/v2\/media?parent=165735"}],"wp:term":[{"taxonomy":"product_brand","embeddable":true,"href":"https:\/\/nexgendecors.com\/es\/wp-json\/wp\/v2\/product_brand?post=165735"},{"taxonomy":"product_cat","embeddable":true,"href":"https:\/\/nexgendecors.com\/es\/wp-json\/wp\/v2\/product_cat?post=165735"},{"taxonomy":"product_tag","embeddable":true,"href":"https:\/\/nexgendecors.com\/es\/wp-json\/wp\/v2\/product_tag?post=165735"}],"curies":[{"name":"wp","href":"https:\/\/api.w.org\/{rel}","templated":true}]}}