{"id":165827,"date":"2025-02-23T06:07:37","date_gmt":"2025-02-23T06:07:37","guid":{"rendered":"https:\/\/nexgendecors.com\/en\/product\/pc2204-fabric-cleaning-machine-high-temperature-steam-spray-suction-machine-household-small-carpet-sofa-cleaning-machine-2\/"},"modified":"2025-02-23T06:07:44","modified_gmt":"2025-02-23T06:07:44","slug":"pc2204-fabric-cleaning-machine-high-temperature-steam-spray-suction-machine-household-small-carpet-sofa-cleaning-machine-2","status":"publish","type":"product","link":"https:\/\/nexgendecors.com\/es\/product\/pc2204-fabric-cleaning-machine-high-temperature-steam-spray-suction-machine-household-small-carpet-sofa-cleaning-machine-2\/","title":{"rendered":"PC2204 m\u00e1quina de limpieza de tela de alta temperatura de vapor m\u00e1quina de succi\u00f3n de pulverizaci\u00f3n peque\u00f1a alfombra del hogar sof\u00e1 m\u00e1quina de limpieza"},"content":{"rendered":"<p><b>marca<\/b>:Brocado<\/p>\n<p><b>Tensi\u00f3n nominal<\/b>:111 V ~ 240 V inclusive<\/p>\n<p><b>Potencia nominal<\/b>:1200w<\/p>\n<p><b>N\u00famero de pieza<\/b>:M\u00e1quina de limpieza de telas<\/p>\n<p><b>color<\/b>: Blanco<\/p>\n<p><b>Especificaciones del producto<\/b>M\u00e1quina de limpieza de telas PC2204<\/p>\n<p><b>Capacidad del tanque de agua<\/b>: 1300<\/p>\n<p><b>N\u00famero de certificado 3C<\/b>: 2023200709000054<\/p>","protected":false},"excerpt":{"rendered":"<p>Marca: Brocade Voltaje nominal: 111V~240V inclusive Potencia nominal: 1200w N\u00famero de pieza: M\u00e1quina de limpieza de telas color: Blanco Especificaciones del producto: PC2204 Tela<\/p>","protected":false},"featured_media":165826,"comment_status":"open","ping_status":"closed","template":"","meta":[],"product_brand":[],"product_cat":[30929,30945],"product_tag":[],"class_list":{"0":"post-165827","1":"product","2":"type-product","3":"status-publish","4":"has-post-thumbnail","6":"product_cat-housekeeping","7":"product_cat-steam-cleaners","9":"first","10":"instock","11":"taxable","12":"shipping-taxable","13":"purchasable","14":"product-type-variable"},"_links":{"self":[{"href":"https:\/\/nexgendecors.com\/es\/wp-json\/wp\/v2\/product\/165827","targetHints":{"allow":["GET"]}}],"collection":[{"href":"https:\/\/nexgendecors.com\/es\/wp-json\/wp\/v2\/product"}],"about":[{"href":"https:\/\/nexgendecors.com\/es\/wp-json\/wp\/v2\/types\/product"}],"replies":[{"embeddable":true,"href":"https:\/\/nexgendecors.com\/es\/wp-json\/wp\/v2\/comments?post=165827"}],"version-history":[{"count":0,"href":"https:\/\/nexgendecors.com\/es\/wp-json\/wp\/v2\/product\/165827\/revisions"}],"wp:featuredmedia":[{"embeddable":true,"href":"https:\/\/nexgendecors.com\/es\/wp-json\/wp\/v2\/media\/165826"}],"wp:attachment":[{"href":"https:\/\/nexgendecors.com\/es\/wp-json\/wp\/v2\/media?parent=165827"}],"wp:term":[{"taxonomy":"product_brand","embeddable":true,"href":"https:\/\/nexgendecors.com\/es\/wp-json\/wp\/v2\/product_brand?post=165827"},{"taxonomy":"product_cat","embeddable":true,"href":"https:\/\/nexgendecors.com\/es\/wp-json\/wp\/v2\/product_cat?post=165827"},{"taxonomy":"product_tag","embeddable":true,"href":"https:\/\/nexgendecors.com\/es\/wp-json\/wp\/v2\/product_tag?post=165827"}],"curies":[{"name":"wp","href":"https:\/\/api.w.org\/{rel}","templated":true}]}}