{"id":165943,"date":"2025-02-23T06:15:09","date_gmt":"2025-02-23T06:15:09","guid":{"rendered":"https:\/\/nexgendecors.com\/en\/product\/southern-plastic-linen-cart-service-cart-hotel-room-cart-storage-cleaning-cleaning-cart-material-dirty-cloth-room-entrance-cart-2\/"},"modified":"2025-04-06T10:00:13","modified_gmt":"2025-04-06T10:00:13","slug":"southern-plastic-linen-cart-service-cart-hotel-room-cart-storage-cleaning-cleaning-cart-material-dirty-cloth-room-entrance-cart-2","status":"publish","type":"product","link":"https:\/\/nexgendecors.com\/es\/product\/southern-plastic-linen-cart-service-cart-hotel-room-cart-storage-cleaning-cleaning-cart-material-dirty-cloth-room-entrance-cart-2\/","title":{"rendered":"Carrito de pl\u00e1stico para ropa blanca del sur, carrito de servicio para habitaciones de hotel, carrito de limpieza para almacenamiento de materiales, carrito de entrada para ropa sucia."},"content":{"rendered":"<p><b>Categor\u00edas de productos<\/b>:Carrito de lino<\/p>\n<p><b>marca<\/b>: Sur<\/p>\n<p><b>Importado o no<\/b>: No<\/p>\n<p><b>Material<\/b>:pl\u00e1stico<\/p>\n<p><b>Origen<\/b>: Foshan, Guangdong<\/p>\n<p><b>N\u00famero de pieza<\/b>:C-919,C-40S,C-40U<\/p>\n<p><b>Personalizaci\u00f3n del procesamiento<\/b>: No<\/p>\n<p><b>Impresi\u00f3n de LOGO<\/b>: Poder<\/p>\n<p><b>Ya sea una fuente dedicada de bienes para la exportaci\u00f3n transfronteriza<\/b>: No<\/p>\n<p><b>color<\/b>: Rueda peque\u00f1a de 4 pulgadas negra, rueda peque\u00f1a de 4 pulgadas color caf\u00e9, rueda peque\u00f1a de 6 pulgadas negra, rueda peque\u00f1a de 6 pulgadas color caf\u00e9, rueda mediana de 6 pulgadas negra, rueda mediana de 6 pulgadas color caf\u00e9, rueda grande de 6 pulgadas negra, rueda grande de 6 pulgadas color caf\u00e9<\/p>\n<p><b>\u00bfExiste una patente?<\/b>: No<\/p>\n<p><b>estilo<\/b>:Simplicidad<\/p>","protected":false},"excerpt":{"rendered":"<p>Categor\u00edas de productos: Carrito de lino Marca: Sur Importado o no: no Material: pl\u00e1stico Origen: Foshan, Guangdong N\u00famero de pieza: C-919, C-40S, C-40U Personalizaci\u00f3n del procesamiento:<\/p>","protected":false},"featured_media":165942,"comment_status":"open","ping_status":"closed","template":"","meta":[],"product_brand":[],"product_cat":[30929],"product_tag":[],"class_list":{"0":"post-165943","1":"product","2":"type-product","3":"status-publish","4":"has-post-thumbnail","6":"product_cat-housekeeping","8":"first","9":"instock","10":"taxable","11":"shipping-taxable","12":"purchasable","13":"product-type-variable"},"_links":{"self":[{"href":"https:\/\/nexgendecors.com\/es\/wp-json\/wp\/v2\/product\/165943","targetHints":{"allow":["GET"]}}],"collection":[{"href":"https:\/\/nexgendecors.com\/es\/wp-json\/wp\/v2\/product"}],"about":[{"href":"https:\/\/nexgendecors.com\/es\/wp-json\/wp\/v2\/types\/product"}],"replies":[{"embeddable":true,"href":"https:\/\/nexgendecors.com\/es\/wp-json\/wp\/v2\/comments?post=165943"}],"version-history":[{"count":0,"href":"https:\/\/nexgendecors.com\/es\/wp-json\/wp\/v2\/product\/165943\/revisions"}],"wp:featuredmedia":[{"embeddable":true,"href":"https:\/\/nexgendecors.com\/es\/wp-json\/wp\/v2\/media\/165942"}],"wp:attachment":[{"href":"https:\/\/nexgendecors.com\/es\/wp-json\/wp\/v2\/media?parent=165943"}],"wp:term":[{"taxonomy":"product_brand","embeddable":true,"href":"https:\/\/nexgendecors.com\/es\/wp-json\/wp\/v2\/product_brand?post=165943"},{"taxonomy":"product_cat","embeddable":true,"href":"https:\/\/nexgendecors.com\/es\/wp-json\/wp\/v2\/product_cat?post=165943"},{"taxonomy":"product_tag","embeddable":true,"href":"https:\/\/nexgendecors.com\/es\/wp-json\/wp\/v2\/product_tag?post=165943"}],"curies":[{"name":"wp","href":"https:\/\/api.w.org\/{rel}","templated":true}]}}