{"id":166132,"date":"2025-02-23T06:30:17","date_gmt":"2025-02-23T06:30:17","guid":{"rendered":"https:\/\/nexgendecors.com\/en\/product\/commercial-thickened-water-squeezer-32-liters-squeeze-bucket-mop-bucket-squeeze-water-car-mop-bucket-cleaning-car-mop-bucket-free-shipping\/"},"modified":"2025-04-06T10:00:28","modified_gmt":"2025-04-06T10:00:28","slug":"exprimidor-de-agua-espesa-comercial-de-32-litros-cubo-para-fregar-cubo-para-fregar-agua-para-coche-cubo-para-fregar-para-limpieza-de-coche-cubo-para-fregar-envio-gratuito","status":"publish","type":"product","link":"https:\/\/nexgendecors.com\/es\/product\/exprimidor-de-agua-espesa-comercial-de-32-litros-cubo-para-fregar-cubo-para-fregar-agua-para-coche-cubo-para-fregar-para-limpieza-de-coche-cubo-para-fregar-envio-gratuito\/","title":{"rendered":"Exprimidor de agua espesa comercial, cubo exprimidor de 32 litros, cubo para fregar, cubo para fregar agua para coche"},"content":{"rendered":"<p><b>Categor\u00edas de productos<\/b>:carrito<\/p>\n<p><b>marca<\/b>: Foshan Yongliang<\/p>\n<p><b>Importado o no<\/b>: No<\/p>\n<p><b>Material<\/b>:Acero inoxidable 201<\/p>\n<p><b>Origen<\/b>: Foshan, Guangdong<\/p>\n<p><b>N\u00famero de pieza<\/b>:028VL<\/p>\n<p><b>Personalizaci\u00f3n del procesamiento<\/b>: S\u00ed<\/p>\n<p><b>Impresi\u00f3n de LOGO<\/b>: Poder<\/p>\n<p><b>Ya sea una fuente dedicada de bienes para la exportaci\u00f3n transfronteriza<\/b>: No<\/p>\n<p><b>color<\/b>: Exprimidor de agua de 20L, exprimidor de agua espesada de 25L tipo de presi\u00f3n lateral, exprimidor de agua espesada de 25L tipo de presi\u00f3n descendente, exprimidor de agua espesada de 32L tipo de presi\u00f3n lateral, exprimidor de agua espesada de 32L tipo de presi\u00f3n descendente, exprimidor de agua espesada de 36L tipo de presi\u00f3n lateral, exprimidor de agua espesada de 32L con salida de agua patentada<\/p>\n<p><b>\u00bfExiste una patente?<\/b>: No<\/p>\n<p><b>estilo<\/b>: Europeo, Americano, Simple<\/p>","protected":false},"excerpt":{"rendered":"<p>Categor\u00edas de productos: carro marca: Foshan Yongliang Importado o no: no Material: acero inoxidable 201 Origen: Foshan, Guangdong N\u00famero de pieza: 028VL<\/p>","protected":false},"featured_media":166131,"comment_status":"open","ping_status":"closed","template":"","meta":[],"product_brand":[],"product_cat":[30944,30929],"product_tag":[],"class_list":{"0":"post-166132","1":"product","2":"type-product","3":"status-publish","4":"has-post-thumbnail","6":"product_cat-cleaning-carts","7":"product_cat-housekeeping","9":"first","10":"instock","11":"taxable","12":"shipping-taxable","13":"purchasable","14":"product-type-variable"},"_links":{"self":[{"href":"https:\/\/nexgendecors.com\/es\/wp-json\/wp\/v2\/product\/166132","targetHints":{"allow":["GET"]}}],"collection":[{"href":"https:\/\/nexgendecors.com\/es\/wp-json\/wp\/v2\/product"}],"about":[{"href":"https:\/\/nexgendecors.com\/es\/wp-json\/wp\/v2\/types\/product"}],"replies":[{"embeddable":true,"href":"https:\/\/nexgendecors.com\/es\/wp-json\/wp\/v2\/comments?post=166132"}],"version-history":[{"count":0,"href":"https:\/\/nexgendecors.com\/es\/wp-json\/wp\/v2\/product\/166132\/revisions"}],"wp:featuredmedia":[{"embeddable":true,"href":"https:\/\/nexgendecors.com\/es\/wp-json\/wp\/v2\/media\/166131"}],"wp:attachment":[{"href":"https:\/\/nexgendecors.com\/es\/wp-json\/wp\/v2\/media?parent=166132"}],"wp:term":[{"taxonomy":"product_brand","embeddable":true,"href":"https:\/\/nexgendecors.com\/es\/wp-json\/wp\/v2\/product_brand?post=166132"},{"taxonomy":"product_cat","embeddable":true,"href":"https:\/\/nexgendecors.com\/es\/wp-json\/wp\/v2\/product_cat?post=166132"},{"taxonomy":"product_tag","embeddable":true,"href":"https:\/\/nexgendecors.com\/es\/wp-json\/wp\/v2\/product_tag?post=166132"}],"curies":[{"name":"wp","href":"https:\/\/api.w.org\/{rel}","templated":true}]}}