{"id":166153,"date":"2025-02-23T06:41:59","date_gmt":"2025-02-23T06:41:59","guid":{"rendered":"https:\/\/nexgendecors.com\/en\/product\/commercial-restaurant-mobile-meal-hotel-three-story-dining-cart-with-double-armrests-for-removing-dining-bowls\/"},"modified":"2025-04-06T10:00:30","modified_gmt":"2025-04-06T10:00:30","slug":"carro-de-comedor-movil-de-tres-pisos-para-restaurante-comercial-con-apoyabrazos-dobles-para-retirar-los-cuencos","status":"publish","type":"product","link":"https:\/\/nexgendecors.com\/es\/product\/carro-de-comedor-movil-de-tres-pisos-para-restaurante-comercial-con-apoyabrazos-dobles-para-retirar-los-cuencos\/","title":{"rendered":"Carro de comedor de tres pisos para hotel de comidas m\u00f3vil de restaurante comercial con reposabrazos dobles para retirar los cuencos de comedor"},"content":{"rendered":"<p><b>Material<\/b>:pl\u00e1stico<\/p>\n<p><b>N\u00famero de pieza<\/b>:YL-014A<\/p>\n<p><b>estilo<\/b>:Moderno y sencillo<\/p>\n<p><b>M\u00e9todo de procesamiento<\/b>: LOGOTIPO OEM<\/p>\n<p><b>marca<\/b>: Foshan Yongliang<\/p>\n<p><b>modelo<\/b>:YL-014A\/032D<\/p>\n<p><b>Especificaci\u00f3n<\/b>: 96*50*96CM 107*51*96CM<\/p>\n<p><b>color<\/b>:Carrito de recogida de cuencos de lujo con doble reposabrazos, 4 cuencos y 2 barriles, carrito de recogida de cuencos con un solo reposabrazos, 3 cuencos y 2 barriles, carrito de recogida de cuencos con un solo reposabrazos, 4 cuencos y 2 barriles<\/p>\n<p><b>tama\u00f1o<\/b>:Rueda universal est\u00e1ndar gris, rueda universal est\u00e1ndar negra<\/p>\n<p><b>Ya sea una fuente dedicada de bienes para la exportaci\u00f3n transfronteriza<\/b>: S\u00ed<\/p>\n<p><b>Principales plataformas downstream<\/b>: eBay, Amazon, AliExpress, otros<\/p>\n<p><b>Principales \u00e1reas de venta<\/b>:Sudeste Asi\u00e1tico, Am\u00e9rica del Norte, Oriente Medio<\/p>\n<p><b>Tener una marca privada con licencia<\/b>: No<\/p>\n<p><b>Ya sea para entregar a su puerta<\/b>:Entrega en planta baja<\/p>\n<p><b>\u00bfSe proporciona servicio de instalaci\u00f3n?<\/b>: No<\/p>\n<p><b>espacio<\/b>: Comedor<\/p>\n<p><b>\u00bfEs un contribuyente general?<\/b>: S\u00ed<\/p>\n<p><b>\u00bfExiste una patente?<\/b>: No<\/p>\n<p><b>N\u00famero de patente<\/b>: ,<\/p>\n<p><b>Clientes objetivo<\/b>:adulto<\/p>\n<p><b>Funci\u00f3n<\/b>:Multifunci\u00f3n, soporte, otros<\/p>\n<p><b>\u00bfExiste un modelo 3D?<\/b>: No<\/p>","protected":false},"excerpt":{"rendered":"<p>Material: pl\u00e1stico N\u00famero de pieza: YL-014A estilo: Moderno y sencillo M\u00e9todo de procesamiento: LOGO OEM marca: Foshan Yongliang modelo: YL-014A\/032D Especificaci\u00f3n: 96*50*96CM<\/p>","protected":false},"featured_media":166152,"comment_status":"open","ping_status":"closed","template":"","meta":[],"product_brand":[],"product_cat":[30929,30943],"product_tag":[],"class_list":{"0":"post-166153","1":"product","2":"type-product","3":"status-publish","4":"has-post-thumbnail","6":"product_cat-housekeeping","7":"product_cat-maids-carts","9":"first","10":"instock","11":"taxable","12":"shipping-taxable","13":"purchasable","14":"product-type-variable"},"_links":{"self":[{"href":"https:\/\/nexgendecors.com\/es\/wp-json\/wp\/v2\/product\/166153","targetHints":{"allow":["GET"]}}],"collection":[{"href":"https:\/\/nexgendecors.com\/es\/wp-json\/wp\/v2\/product"}],"about":[{"href":"https:\/\/nexgendecors.com\/es\/wp-json\/wp\/v2\/types\/product"}],"replies":[{"embeddable":true,"href":"https:\/\/nexgendecors.com\/es\/wp-json\/wp\/v2\/comments?post=166153"}],"version-history":[{"count":0,"href":"https:\/\/nexgendecors.com\/es\/wp-json\/wp\/v2\/product\/166153\/revisions"}],"wp:featuredmedia":[{"embeddable":true,"href":"https:\/\/nexgendecors.com\/es\/wp-json\/wp\/v2\/media\/166152"}],"wp:attachment":[{"href":"https:\/\/nexgendecors.com\/es\/wp-json\/wp\/v2\/media?parent=166153"}],"wp:term":[{"taxonomy":"product_brand","embeddable":true,"href":"https:\/\/nexgendecors.com\/es\/wp-json\/wp\/v2\/product_brand?post=166153"},{"taxonomy":"product_cat","embeddable":true,"href":"https:\/\/nexgendecors.com\/es\/wp-json\/wp\/v2\/product_cat?post=166153"},{"taxonomy":"product_tag","embeddable":true,"href":"https:\/\/nexgendecors.com\/es\/wp-json\/wp\/v2\/product_tag?post=166153"}],"curies":[{"name":"wp","href":"https:\/\/api.w.org\/{rel}","templated":true}]}}