{"id":166178,"date":"2025-02-23T06:43:41","date_gmt":"2025-02-23T06:43:41","guid":{"rendered":"https:\/\/nexgendecors.com\/en\/product\/stainless-steel-dining-cart-trolley-thickened-kitchen-trolley-stall-delivery-dining-cart-hotel-restaurant-three-layer-rack\/"},"modified":"2025-04-06T10:00:36","modified_gmt":"2025-04-06T10:00:36","slug":"stainless-steel-dining-cart-trolley-thickened-kitchen-trolley-stall-delivery-dining-cart-hotel-restaurant-three-layer-rack","status":"publish","type":"product","link":"https:\/\/nexgendecors.com\/es\/product\/stainless-steel-dining-cart-trolley-thickened-kitchen-trolley-stall-delivery-dining-cart-hotel-restaurant-three-layer-rack\/","title":{"rendered":"Acero inoxidable comedor carro carro carro puesto entrega comedor carro hotel restaurante estante de tres capas"},"content":{"rendered":"<p><b>Material<\/b>:Acero inoxidable<\/p>\n<p><b>N\u00famero de pieza<\/b>: 010<\/p>\n<p><b>estilo<\/b>: Modern Chinese<\/p>\n<p><b>M\u00e9todo de procesamiento<\/b>: LOGOTIPO OEM<\/p>\n<p><b>marca<\/b>: Yongliang<\/p>\n<p><b>modelo<\/b>: Stainless steel trolley<\/p>\n<p><b>Especificaci\u00f3n<\/b>: 75*40*83.5CM,85*45*90CM,95*50*95CM<\/p>\n<p><b>color<\/b>: Small three-layer 75*40*83.5CM, medium three-layer 85*45*90CM, large three-layer 95*50*95CM, small two-layer 75*40*83.5CM, medium two-layer 85*45*90CM, large two-layer 95*50*95CM, large four-layer<\/p>\n<p><b>tama\u00f1o<\/b>: Each layer can bear 75 catties 0.6mm stainless steel, 110 catties 0.8mm stainless steel 201, 200 catties 1mm stainless steel 201, 300 catties 1.5mm stainless steel 201, 100 catties 0.8mm stainless steel 304<\/p>\n<p><b>Ya sea una fuente dedicada de bienes para la exportaci\u00f3n transfronteriza<\/b>: S\u00ed<\/p>\n<p><b>Principales plataformas downstream<\/b>: eBay, Amazon, AliExpress, independent station<\/p>\n<p><b>Principales \u00e1reas de venta<\/b>: Europe, Southeast Asia, North America, Middle East<\/p>\n<p><b>Tener una marca privada con licencia<\/b>: S\u00ed<\/p>\n<p><b>Ya sea para entregar a su puerta<\/b>:Entrega en planta baja<\/p>\n<p><b>\u00bfSe proporciona servicio de instalaci\u00f3n?<\/b>: No<\/p>\n<p><b>espacio<\/b>: Comedor<\/p>\n<p><b>\u00bfEs un contribuyente general?<\/b>: S\u00ed<\/p>\n<p><b>\u00bfExiste una patente?<\/b>: No<\/p>\n<p><b>Clientes objetivo<\/b>: Ni\u00f1os, adultos, ancianos<\/p>\n<p><b>Funci\u00f3n<\/b>: Bracket<\/p>\n<p><b>\u00bfExiste un modelo 3D?<\/b>: No<\/p>","protected":false},"excerpt":{"rendered":"<p>Material: Acero inoxidable N\u00famero de pieza: 010 estilo: Chino moderno M\u00e9todo de procesamiento: LOGO OEM marca: Yongliang modelo: Carro de acero inoxidable Especificaci\u00f3n:<\/p>","protected":false},"featured_media":166177,"comment_status":"open","ping_status":"closed","template":"","meta":[],"product_brand":[],"product_cat":[30929,30943],"product_tag":[],"class_list":{"0":"post-166178","1":"product","2":"type-product","3":"status-publish","4":"has-post-thumbnail","6":"product_cat-housekeeping","7":"product_cat-maids-carts","9":"first","10":"instock","11":"taxable","12":"shipping-taxable","13":"purchasable","14":"product-type-variable"},"_links":{"self":[{"href":"https:\/\/nexgendecors.com\/es\/wp-json\/wp\/v2\/product\/166178","targetHints":{"allow":["GET"]}}],"collection":[{"href":"https:\/\/nexgendecors.com\/es\/wp-json\/wp\/v2\/product"}],"about":[{"href":"https:\/\/nexgendecors.com\/es\/wp-json\/wp\/v2\/types\/product"}],"replies":[{"embeddable":true,"href":"https:\/\/nexgendecors.com\/es\/wp-json\/wp\/v2\/comments?post=166178"}],"version-history":[{"count":0,"href":"https:\/\/nexgendecors.com\/es\/wp-json\/wp\/v2\/product\/166178\/revisions"}],"wp:featuredmedia":[{"embeddable":true,"href":"https:\/\/nexgendecors.com\/es\/wp-json\/wp\/v2\/media\/166177"}],"wp:attachment":[{"href":"https:\/\/nexgendecors.com\/es\/wp-json\/wp\/v2\/media?parent=166178"}],"wp:term":[{"taxonomy":"product_brand","embeddable":true,"href":"https:\/\/nexgendecors.com\/es\/wp-json\/wp\/v2\/product_brand?post=166178"},{"taxonomy":"product_cat","embeddable":true,"href":"https:\/\/nexgendecors.com\/es\/wp-json\/wp\/v2\/product_cat?post=166178"},{"taxonomy":"product_tag","embeddable":true,"href":"https:\/\/nexgendecors.com\/es\/wp-json\/wp\/v2\/product_tag?post=166178"}],"curies":[{"name":"wp","href":"https:\/\/api.w.org\/{rel}","templated":true}]}}