{"id":166226,"date":"2025-02-23T06:44:38","date_gmt":"2025-02-23T06:44:38","guid":{"rendered":"https:\/\/nexgendecors.com\/en\/product\/factory-processing-custom-linen-cart-hotel-room-service-cart-stainless-steel-laundry-storage-cart-electric\/"},"modified":"2025-04-06T10:00:38","modified_gmt":"2025-04-06T10:00:38","slug":"factory-processing-custom-linen-cart-hotel-room-service-cart-stainless-steel-laundry-storage-cart-electric","status":"publish","type":"product","link":"https:\/\/nexgendecors.com\/es\/product\/factory-processing-custom-linen-cart-hotel-room-service-cart-stainless-steel-laundry-storage-cart-electric\/","title":{"rendered":"Carrito de lavander\u00eda el\u00e9ctrico de acero inoxidable para servicio de habitaciones de hotel, carrito de lavander\u00eda personalizado con procesamiento de f\u00e1brica"},"content":{"rendered":"<p><b>Categor\u00edas de productos<\/b>:Carrito de lino<\/p>\n<p><b>marca<\/b>:Sheng Yi<\/p>\n<p><b>Importado o no<\/b>: No<\/p>\n<p><b>Material<\/b>:Acero inoxidable<\/p>\n<p><b>Origen<\/b>: Foshan<\/p>\n<p><b>N\u00famero de pieza<\/b>: FW<\/p>\n<p><b>Personalizaci\u00f3n del procesamiento<\/b>: S\u00ed<\/p>\n<p><b>Impresi\u00f3n de LOGO<\/b>: Poder<\/p>\n<p><b>Ya sea una fuente dedicada de bienes para la exportaci\u00f3n transfronteriza<\/b>: No<\/p>\n<p><b>\u00bfExiste una patente?<\/b>: No<\/p>","protected":false},"excerpt":{"rendered":"<p>Categor\u00edas de productos: Carrito de lino Marca: Sheng Yi Importado o no: no Material: Acero inoxidable Origen: Foshan N\u00famero de pieza: Procesamiento FW<\/p>","protected":false},"featured_media":166231,"comment_status":"open","ping_status":"closed","template":"","meta":[],"product_brand":[],"product_cat":[30929,30943],"product_tag":[],"class_list":{"0":"post-166226","1":"product","2":"type-product","3":"status-publish","4":"has-post-thumbnail","6":"product_cat-housekeeping","7":"product_cat-maids-carts","9":"first","10":"instock","11":"taxable","12":"shipping-taxable","13":"purchasable","14":"product-type-simple"},"_links":{"self":[{"href":"https:\/\/nexgendecors.com\/es\/wp-json\/wp\/v2\/product\/166226","targetHints":{"allow":["GET"]}}],"collection":[{"href":"https:\/\/nexgendecors.com\/es\/wp-json\/wp\/v2\/product"}],"about":[{"href":"https:\/\/nexgendecors.com\/es\/wp-json\/wp\/v2\/types\/product"}],"replies":[{"embeddable":true,"href":"https:\/\/nexgendecors.com\/es\/wp-json\/wp\/v2\/comments?post=166226"}],"version-history":[{"count":0,"href":"https:\/\/nexgendecors.com\/es\/wp-json\/wp\/v2\/product\/166226\/revisions"}],"wp:featuredmedia":[{"embeddable":true,"href":"https:\/\/nexgendecors.com\/es\/wp-json\/wp\/v2\/media\/166231"}],"wp:attachment":[{"href":"https:\/\/nexgendecors.com\/es\/wp-json\/wp\/v2\/media?parent=166226"}],"wp:term":[{"taxonomy":"product_brand","embeddable":true,"href":"https:\/\/nexgendecors.com\/es\/wp-json\/wp\/v2\/product_brand?post=166226"},{"taxonomy":"product_cat","embeddable":true,"href":"https:\/\/nexgendecors.com\/es\/wp-json\/wp\/v2\/product_cat?post=166226"},{"taxonomy":"product_tag","embeddable":true,"href":"https:\/\/nexgendecors.com\/es\/wp-json\/wp\/v2\/product_tag?post=166226"}],"curies":[{"name":"wp","href":"https:\/\/api.w.org\/{rel}","templated":true}]}}