{"id":166233,"date":"2025-02-23T06:46:01","date_gmt":"2025-02-23T06:46:01","guid":{"rendered":"https:\/\/nexgendecors.com\/en\/product\/stainless-steel-a4-stand-sign-vertical-sign-water-sign-display-stand-a3-hotel-guide-sign-floor-display-sign\/"},"modified":"2025-04-06T10:00:41","modified_gmt":"2025-04-06T10:00:41","slug":"stainless-steel-a4-stand-sign-vertical-sign-water-sign-display-stand-a3-hotel-guide-sign-floor-display-sign","status":"publish","type":"product","link":"https:\/\/nexgendecors.com\/es\/product\/stainless-steel-a4-stand-sign-vertical-sign-water-sign-display-stand-a3-hotel-guide-sign-floor-display-sign\/","title":{"rendered":"Acero inoxidable a4 stand cartel vertical cartel agua cartel expositor a3 hotel gu\u00eda cartel suelo cartel expositor"},"content":{"rendered":"<p><b>Personalizaci\u00f3n del procesamiento<\/b>: No<\/p>\n<p><b>N\u00famero de pieza<\/b>: 012<\/p>\n<p><b>marca<\/b>:Sheng Yi<\/p>\n<p><b>modelo<\/b>: ZP<\/p>\n<p><b>Material<\/b>: Metal<\/p>\n<p><b>tipo<\/b>: Signage<\/p>\n<p><b>usar<\/b>: exhibit<\/p>\n<p><b>Screen size<\/b>: A3 cm<\/p>\n<p><b>color<\/b>: yellow<\/p>\n<p><b>peso<\/b>: 1 kg<\/p>\n<p><b>Tecnolog\u00eda<\/b>: Surface treatment<\/p>\n<p><b>Especificaci\u00f3n<\/b>: ZP-93, ZP-92, ZP-157, ZP-158, ZP-01, ZP-45, ZP-02, ZP-10, ZP-28, ZP-87, ZP-07, ZP-11, ZP-26, ZP-51, ZP-13, ZP-14, ZP-15, ZP-03, ZP-37<\/p>\n<p><b>Ya sea una fuente dedicada de bienes para la exportaci\u00f3n transfronteriza<\/b>: No<\/p>","protected":false},"excerpt":{"rendered":"<p>Personalizaci\u00f3n de procesamiento: no N\u00famero de pieza: 012 marca: Sheng Yi modelo: ZP Material: Metal tipo: Se\u00f1alizaci\u00f3n uso: exhibici\u00f3n Tama\u00f1o de la pantalla: A3<\/p>","protected":false},"featured_media":166232,"comment_status":"open","ping_status":"closed","template":"","meta":[],"product_brand":[],"product_cat":[30948,30929],"product_tag":[],"class_list":{"0":"post-166233","1":"product","2":"type-product","3":"status-publish","4":"has-post-thumbnail","6":"product_cat-hotel-maintenance","7":"product_cat-housekeeping","9":"first","10":"instock","11":"taxable","12":"shipping-taxable","13":"purchasable","14":"product-type-variable"},"_links":{"self":[{"href":"https:\/\/nexgendecors.com\/es\/wp-json\/wp\/v2\/product\/166233","targetHints":{"allow":["GET"]}}],"collection":[{"href":"https:\/\/nexgendecors.com\/es\/wp-json\/wp\/v2\/product"}],"about":[{"href":"https:\/\/nexgendecors.com\/es\/wp-json\/wp\/v2\/types\/product"}],"replies":[{"embeddable":true,"href":"https:\/\/nexgendecors.com\/es\/wp-json\/wp\/v2\/comments?post=166233"}],"version-history":[{"count":0,"href":"https:\/\/nexgendecors.com\/es\/wp-json\/wp\/v2\/product\/166233\/revisions"}],"wp:featuredmedia":[{"embeddable":true,"href":"https:\/\/nexgendecors.com\/es\/wp-json\/wp\/v2\/media\/166232"}],"wp:attachment":[{"href":"https:\/\/nexgendecors.com\/es\/wp-json\/wp\/v2\/media?parent=166233"}],"wp:term":[{"taxonomy":"product_brand","embeddable":true,"href":"https:\/\/nexgendecors.com\/es\/wp-json\/wp\/v2\/product_brand?post=166233"},{"taxonomy":"product_cat","embeddable":true,"href":"https:\/\/nexgendecors.com\/es\/wp-json\/wp\/v2\/product_cat?post=166233"},{"taxonomy":"product_tag","embeddable":true,"href":"https:\/\/nexgendecors.com\/es\/wp-json\/wp\/v2\/product_tag?post=166233"}],"curies":[{"name":"wp","href":"https:\/\/api.w.org\/{rel}","templated":true}]}}