{"id":166273,"date":"2025-02-23T06:47:46","date_gmt":"2025-02-23T06:47:46","guid":{"rendered":"https:\/\/nexgendecors.com\/en\/product\/artistic-steel-pipe-hourglass-small-waist-cigarette-butts-elevator-corridor-hotel-lobby-trash-can-vertical-round-ash\/"},"modified":"2025-04-06T10:00:44","modified_gmt":"2025-04-06T10:00:44","slug":"artistic-steel-pipe-hourglass-small-waist-cigarette-butts-elevator-corridor-hotel-lobby-trash-can-vertical-round-ash","status":"publish","type":"product","link":"https:\/\/nexgendecors.com\/es\/product\/artistic-steel-pipe-hourglass-small-waist-cigarette-butts-elevator-corridor-hotel-lobby-trash-can-vertical-round-ash\/","title":{"rendered":"Reloj de arena art\u00edstico de tubo de acero, cintura peque\u00f1a, colillas de cigarrillos, ascensor, pasillo, vest\u00edbulo del hotel, cubo de basura vertical redondo de ceniza"},"content":{"rendered":"<p><b>Funci\u00f3n<\/b>: Contenedor de almacenamiento<\/p>\n<p><b>M\u00e9todo de apertura y cierre<\/b>:Sin tapa<\/p>\n<p><b>Importado o no<\/b>: No<\/p>\n<p><b>Material<\/b>:Acero inoxidable<\/p>\n<p><b>peso<\/b>:15 kilos<\/p>\n<p><b>Origen<\/b>: Foshan<\/p>\n<p><b>Cantidad por caja<\/b>: 01<\/p>\n<p><b>Atributos comerciales<\/b>: Comercio interior + comercio exterior<\/p>\n<p><b>Gama de precios<\/b>:100-200 yuanes<\/p>\n<p><b>Tiempo de comercializaci\u00f3n<\/b>: 2019<\/p>\n<p><b>patentar<\/b>: No<\/p>\n<p><b>N\u00famero de pieza<\/b>:YH<\/p>\n<p><b>capacidad<\/b>:12L y m\u00e1s<\/p>\n<p><b>marca<\/b>: Buen Valle<\/p>\n<p><b>forma<\/b>: Barril<\/p>\n<p><b>color<\/b>: YH-201X, YH-201 Oro Rosa, YH-201 Titanio, YH-202X, YH-202 Oro Negro, YH-202 Oro Rosa, YH-203X, YH-203 Oro Negro, YH-203 Titanio, YH-217X, YH-217 Oro Negro, YH-217 Oro Rosa, YH-218X, YH-218 Oro Rosa, YH-218 Titanio<\/p>\n<p><b>tama\u00f1o<\/b>: convencional<\/p>\n<p><b>Principales plataformas downstream<\/b>: AliExpress<\/p>\n<p><b>Principales \u00e1reas de venta<\/b>:Europa<\/p>\n<p><b>Tener una marca privada con licencia<\/b>: S\u00ed<\/p>\n<p><b>Ya sea una fuente dedicada de bienes para la exportaci\u00f3n transfronteriza<\/b>: S\u00ed<\/p>\n<p><b>Escenarios de uso<\/b>: Comercial<\/p>\n<p><b>Agencia de inspecci\u00f3n de exportaciones<\/b>: ninguno<\/p>\n<p><b>Peso bruto<\/b>: 5.3<\/p>\n<p><b>derechos de autor<\/b>: ninguno<\/p>","protected":false},"excerpt":{"rendered":"<p>Funci\u00f3n: Contenedor de almacenamiento M\u00e9todo de apertura y cierre: Sin tapa Importado o no: no Material: Acero inoxidable Peso: 15 kg Origen:<\/p>","protected":false},"featured_media":166272,"comment_status":"open","ping_status":"closed","template":"","meta":[],"product_brand":[],"product_cat":[30948,30929],"product_tag":[],"class_list":{"0":"post-166273","1":"product","2":"type-product","3":"status-publish","4":"has-post-thumbnail","6":"product_cat-hotel-maintenance","7":"product_cat-housekeeping","9":"first","10":"instock","11":"taxable","12":"shipping-taxable","13":"purchasable","14":"product-type-variable"},"_links":{"self":[{"href":"https:\/\/nexgendecors.com\/es\/wp-json\/wp\/v2\/product\/166273","targetHints":{"allow":["GET"]}}],"collection":[{"href":"https:\/\/nexgendecors.com\/es\/wp-json\/wp\/v2\/product"}],"about":[{"href":"https:\/\/nexgendecors.com\/es\/wp-json\/wp\/v2\/types\/product"}],"replies":[{"embeddable":true,"href":"https:\/\/nexgendecors.com\/es\/wp-json\/wp\/v2\/comments?post=166273"}],"version-history":[{"count":0,"href":"https:\/\/nexgendecors.com\/es\/wp-json\/wp\/v2\/product\/166273\/revisions"}],"wp:featuredmedia":[{"embeddable":true,"href":"https:\/\/nexgendecors.com\/es\/wp-json\/wp\/v2\/media\/166272"}],"wp:attachment":[{"href":"https:\/\/nexgendecors.com\/es\/wp-json\/wp\/v2\/media?parent=166273"}],"wp:term":[{"taxonomy":"product_brand","embeddable":true,"href":"https:\/\/nexgendecors.com\/es\/wp-json\/wp\/v2\/product_brand?post=166273"},{"taxonomy":"product_cat","embeddable":true,"href":"https:\/\/nexgendecors.com\/es\/wp-json\/wp\/v2\/product_cat?post=166273"},{"taxonomy":"product_tag","embeddable":true,"href":"https:\/\/nexgendecors.com\/es\/wp-json\/wp\/v2\/product_tag?post=166273"}],"curies":[{"name":"wp","href":"https:\/\/api.w.org\/{rel}","templated":true}]}}