{"id":166468,"date":"2025-02-23T07:09:27","date_gmt":"2025-02-23T07:09:27","guid":{"rendered":"https:\/\/nexgendecors.com\/en\/product\/shengyi-stainless-steel-metal-fully-automatic-induction-soap-dispenser-box-hanging-toilet-board-wall-type-contact-free-hand-disinfection-machine\/"},"modified":"2025-04-06T10:00:56","modified_gmt":"2025-04-06T10:00:56","slug":"shengyi-stainless-steel-metal-fully-automatic-induction-soap-dispenser-box-hanging-toilet-board-wall-type-contact-free-hand-disinfection-machine","status":"publish","type":"product","link":"https:\/\/nexgendecors.com\/es\/product\/shengyi-stainless-steel-metal-fully-automatic-induction-soap-dispenser-box-hanging-toilet-board-wall-type-contact-free-hand-disinfection-machine\/","title":{"rendered":"Shengyi de acero inoxidable de metal totalmente autom\u00e1tico de inducci\u00f3n caja dispensadora de jab\u00f3n colgando tablero de tocador tipo de pared sin contacto m\u00e1quina de desinfecci\u00f3n de manos"},"content":{"rendered":"<p><b>marca<\/b>:Sheng Yi<\/p>\n<p><b>modelo<\/b>: XD-909<\/p>\n<p><b>N\u00famero de pieza<\/b>: XD-909<\/p>\n<p><b>Shell material<\/b>:Acero inoxidable<\/p>\n<p><b>tipo<\/b>: Small appliances<\/p>\n<p><b>Disponibilidad<\/b>: 2020<\/p>\n<p><b>Energy efficiency rating<\/b>: Level 1<\/p>\n<p><b>Logistics Services<\/b>: Home delivery<\/p>\n<p><b>Instalaci\u00f3n<\/b>: Wall-mounted<\/p>\n<p><b>tama\u00f1o<\/b>: 13.5*10*29.5CM<\/p>\n<p><b>peso neto<\/b>: 1.45<\/p>\n<p><b>capacidad<\/b>: 1200ML<\/p>\n<p><b>After-sales service<\/b>: Shop Three Guarantees<\/p>\n<p><b>color<\/b>: White, Black, Stainless Steel, Wall Mount + Machine, Mobile Rack + Machine<\/p>\n<p><b>Principales plataformas downstream<\/b>: ebay, Amazon, AliExpress, LAZADA<\/p>\n<p><b>Principales \u00e1reas de venta<\/b>: Europe, South America, Southeast Asia, North America, Middle East<\/p>\n<p><b>Tener una marca privada con licencia<\/b>: No<\/p>\n<p><b>Ya sea una fuente dedicada de bienes para la exportaci\u00f3n transfronteriza<\/b>: S\u00ed<\/p>\n<p><b>\u00bfEs una fuente patentada?<\/b>: No<\/p>","protected":false},"excerpt":{"rendered":"<p>marca: Sheng Yi modelo: XD-909 N\u00famero de pieza: XD-909 Material de la carcasa: Acero inoxidable Tipo: Peque\u00f1os electrodom\u00e9sticos Disponibilidad: 2020 \u00cdndice de eficiencia energ\u00e9tica:<\/p>","protected":false},"featured_media":166467,"comment_status":"open","ping_status":"closed","template":"","meta":[],"product_brand":[],"product_cat":[30940,30929],"product_tag":[],"class_list":{"0":"post-166468","1":"product","2":"type-product","3":"status-publish","4":"has-post-thumbnail","6":"product_cat-hotel-shower-dispensers-liquid","7":"product_cat-housekeeping","9":"first","10":"instock","11":"taxable","12":"shipping-taxable","13":"purchasable","14":"product-type-variable"},"_links":{"self":[{"href":"https:\/\/nexgendecors.com\/es\/wp-json\/wp\/v2\/product\/166468","targetHints":{"allow":["GET"]}}],"collection":[{"href":"https:\/\/nexgendecors.com\/es\/wp-json\/wp\/v2\/product"}],"about":[{"href":"https:\/\/nexgendecors.com\/es\/wp-json\/wp\/v2\/types\/product"}],"replies":[{"embeddable":true,"href":"https:\/\/nexgendecors.com\/es\/wp-json\/wp\/v2\/comments?post=166468"}],"version-history":[{"count":0,"href":"https:\/\/nexgendecors.com\/es\/wp-json\/wp\/v2\/product\/166468\/revisions"}],"wp:featuredmedia":[{"embeddable":true,"href":"https:\/\/nexgendecors.com\/es\/wp-json\/wp\/v2\/media\/166467"}],"wp:attachment":[{"href":"https:\/\/nexgendecors.com\/es\/wp-json\/wp\/v2\/media?parent=166468"}],"wp:term":[{"taxonomy":"product_brand","embeddable":true,"href":"https:\/\/nexgendecors.com\/es\/wp-json\/wp\/v2\/product_brand?post=166468"},{"taxonomy":"product_cat","embeddable":true,"href":"https:\/\/nexgendecors.com\/es\/wp-json\/wp\/v2\/product_cat?post=166468"},{"taxonomy":"product_tag","embeddable":true,"href":"https:\/\/nexgendecors.com\/es\/wp-json\/wp\/v2\/product_tag?post=166468"}],"curies":[{"name":"wp","href":"https:\/\/api.w.org\/{rel}","templated":true}]}}