{"id":166508,"date":"2025-02-23T08:37:48","date_gmt":"2025-02-23T08:37:48","guid":{"rendered":"https:\/\/nexgendecors.com\/en\/product\/stainless-steel-wall-mounted-soap-dispenser-bracket-shower-gel-conditioner-shampoo-bathroom-liquid-bottle-hotel-homestay\/"},"modified":"2025-04-06T10:00:59","modified_gmt":"2025-04-06T10:00:59","slug":"stainless-steel-wall-mounted-soap-dispenser-bracket-shower-gel-conditioner-shampoo-bathroom-liquid-bottle-hotel-homestay","status":"publish","type":"product","link":"https:\/\/nexgendecors.com\/es\/product\/stainless-steel-wall-mounted-soap-dispenser-bracket-shower-gel-conditioner-shampoo-bathroom-liquid-bottle-hotel-homestay\/","title":{"rendered":"Acero inoxidable montado en la pared soporte dispensador de jab\u00f3n gel de ducha acondicionador champ\u00fa ba\u00f1o botella de l\u00edquido hotel homestay"},"content":{"rendered":"<p><b>Material<\/b>:Acero inoxidable<\/p>\n<p><b>Certification<\/b>: ninguno<\/p>\n<p><b>\u00bfEs un contribuyente general?<\/b>: No<\/p>\n<p><b>N\u00famero de pieza<\/b>: AL747856304756<\/p>\n<p><b>Especificaci\u00f3n<\/b>: Double bottle [bright light], double bottle [baked black], three bottles [bright light], three bottles [baked black], double bottle + bottle [bright light], double bottle + bottle [baked black], three bottles + bottle [bright light], three bottles + bottle [baked black]<\/p>\n<p><b>peso<\/b>: 0.4kg<\/p>\n<p><b>Treatment process<\/b>: polishing<\/p>\n<p><b>Ya sea una fuente dedicada de bienes para la exportaci\u00f3n transfronteriza<\/b>: S\u00ed<\/p>\n<p><b>Principales plataformas downstream<\/b>: wish, AliExpress, Independent Station, LAZADA, Others<\/p>\n<p><b>Principales \u00e1reas de venta<\/b>: otro<\/p>\n<p><b>Tener una marca privada con licencia<\/b>: No<\/p>\n<p><b>estilo<\/b>:Moderno y sencillo<\/p>\n<p><b>Funci\u00f3n<\/b>: Hand press<\/p>","protected":false},"excerpt":{"rendered":"<p>Material: Acero inoxidable Certificaci\u00f3n: ninguna \u00bfEs un contribuyente general?: no N\u00famero de pieza: AL747856304756 Especificaci\u00f3n: Botella doble [luz brillante], doble<\/p>","protected":false},"featured_media":166507,"comment_status":"open","ping_status":"closed","template":"","meta":[],"product_brand":[],"product_cat":[30927,30940],"product_tag":[],"class_list":{"0":"post-166508","1":"product","2":"type-product","3":"status-publish","4":"has-post-thumbnail","6":"product_cat-bath","7":"product_cat-hotel-shower-dispensers-liquid","9":"first","10":"instock","11":"taxable","12":"shipping-taxable","13":"purchasable","14":"product-type-variable"},"_links":{"self":[{"href":"https:\/\/nexgendecors.com\/es\/wp-json\/wp\/v2\/product\/166508","targetHints":{"allow":["GET"]}}],"collection":[{"href":"https:\/\/nexgendecors.com\/es\/wp-json\/wp\/v2\/product"}],"about":[{"href":"https:\/\/nexgendecors.com\/es\/wp-json\/wp\/v2\/types\/product"}],"replies":[{"embeddable":true,"href":"https:\/\/nexgendecors.com\/es\/wp-json\/wp\/v2\/comments?post=166508"}],"version-history":[{"count":0,"href":"https:\/\/nexgendecors.com\/es\/wp-json\/wp\/v2\/product\/166508\/revisions"}],"wp:featuredmedia":[{"embeddable":true,"href":"https:\/\/nexgendecors.com\/es\/wp-json\/wp\/v2\/media\/166507"}],"wp:attachment":[{"href":"https:\/\/nexgendecors.com\/es\/wp-json\/wp\/v2\/media?parent=166508"}],"wp:term":[{"taxonomy":"product_brand","embeddable":true,"href":"https:\/\/nexgendecors.com\/es\/wp-json\/wp\/v2\/product_brand?post=166508"},{"taxonomy":"product_cat","embeddable":true,"href":"https:\/\/nexgendecors.com\/es\/wp-json\/wp\/v2\/product_cat?post=166508"},{"taxonomy":"product_tag","embeddable":true,"href":"https:\/\/nexgendecors.com\/es\/wp-json\/wp\/v2\/product_tag?post=166508"}],"curies":[{"name":"wp","href":"https:\/\/api.w.org\/{rel}","templated":true}]}}