{"id":166530,"date":"2025-02-23T08:42:20","date_gmt":"2025-02-23T08:42:20","guid":{"rendered":"https:\/\/nexgendecors.com\/en\/product\/hotel-bedding-quilt-white-hotel-special-linen-winter-quilt-four-seasons-spring-autumn-summer-air-conditioning-feather-velvet-quilt-core\/"},"modified":"2025-04-06T10:01:01","modified_gmt":"2025-04-06T10:01:01","slug":"edredon-de-cama-de-hotel-blanco-edredon-de-lino-especial-para-invierno-edredon-de-plumas-de-terciopelo-para-las-cuatro-estaciones-primavera-otono-y-verano-aire-acondicionado","status":"publish","type":"product","link":"https:\/\/nexgendecors.com\/es\/product\/edredon-de-cama-de-hotel-blanco-edredon-de-lino-especial-para-invierno-edredon-de-plumas-de-terciopelo-para-las-cuatro-estaciones-primavera-otono-y-verano-aire-acondicionado\/","title":{"rendered":"Hotel ropa de cama edred\u00f3n blanco hotel especial lino invierno edred\u00f3n cuatro estaciones primavera oto\u00f1o verano aire acondicionado pluma terciopelo edred\u00f3n n\u00facleo"},"content":{"rendered":"<p><b>marca<\/b>: ntoge<\/p>\n<p><b>N\u00famero de pieza<\/b>: Colcha<\/p>\n<p><b>Peso de la colcha<\/b>:3 catties no incluidos \u2013 4 catties incluidos<\/p>\n<p><b>Personalizaci\u00f3n del procesamiento<\/b>: S\u00ed<\/p>\n<p><b>Proceso de tejido<\/b>: 18969844106<\/p>\n<p><b>Temporada aplicable<\/b>:Primavera y oto\u00f1o<\/p>\n<p><b>Material de la tela<\/b>:Tela a prueba de plum\u00f3n<\/p>\n<p><b>Dimensiones<\/b>: 150*200CM, 160*220cm, 190*220cm, 220*220cm, uso dom\u00e9stico 200*230cm, uso dom\u00e9stico 220*240cm<\/p>\n<p><b>Relleno<\/b>:Fibra ordinaria<\/p>\n<p><b>Tipo de flor<\/b>: Edred\u00f3n de verano<\/p>","protected":false},"excerpt":{"rendered":"<p>marca: ntoge N\u00famero de pieza: Edred\u00f3n Peso del edred\u00f3n: 3 gatitos no incluidos - 4 gatitos incluidos Procesamiento de personalizaci\u00f3n: s\u00ed Proceso de tejido:<\/p>","protected":false},"featured_media":166529,"comment_status":"open","ping_status":"closed","template":"","meta":[],"product_brand":[],"product_cat":[30952],"product_tag":[],"class_list":{"0":"post-166530","1":"product","2":"type-product","3":"status-publish","4":"has-post-thumbnail","6":"product_cat-hotel-blanket-cover","8":"first","9":"instock","10":"taxable","11":"shipping-taxable","12":"purchasable","13":"product-type-variable"},"_links":{"self":[{"href":"https:\/\/nexgendecors.com\/es\/wp-json\/wp\/v2\/product\/166530","targetHints":{"allow":["GET"]}}],"collection":[{"href":"https:\/\/nexgendecors.com\/es\/wp-json\/wp\/v2\/product"}],"about":[{"href":"https:\/\/nexgendecors.com\/es\/wp-json\/wp\/v2\/types\/product"}],"replies":[{"embeddable":true,"href":"https:\/\/nexgendecors.com\/es\/wp-json\/wp\/v2\/comments?post=166530"}],"version-history":[{"count":0,"href":"https:\/\/nexgendecors.com\/es\/wp-json\/wp\/v2\/product\/166530\/revisions"}],"wp:featuredmedia":[{"embeddable":true,"href":"https:\/\/nexgendecors.com\/es\/wp-json\/wp\/v2\/media\/166529"}],"wp:attachment":[{"href":"https:\/\/nexgendecors.com\/es\/wp-json\/wp\/v2\/media?parent=166530"}],"wp:term":[{"taxonomy":"product_brand","embeddable":true,"href":"https:\/\/nexgendecors.com\/es\/wp-json\/wp\/v2\/product_brand?post=166530"},{"taxonomy":"product_cat","embeddable":true,"href":"https:\/\/nexgendecors.com\/es\/wp-json\/wp\/v2\/product_cat?post=166530"},{"taxonomy":"product_tag","embeddable":true,"href":"https:\/\/nexgendecors.com\/es\/wp-json\/wp\/v2\/product_tag?post=166530"}],"curies":[{"name":"wp","href":"https:\/\/api.w.org\/{rel}","templated":true}]}}