{"id":166540,"date":"2025-02-23T08:48:56","date_gmt":"2025-02-23T08:48:56","guid":{"rendered":"https:\/\/nexgendecors.com\/en\/product\/four-seasons-cotton-and-linen-bathrobe-home-clothes-hanfu-pajamas-men-and-women-couples-japanese-kimono-style-bb-hotel\/"},"modified":"2025-04-06T10:01:04","modified_gmt":"2025-04-06T10:01:04","slug":"albornoz-de-algodon-y-lino-para-las-cuatro-estaciones-ropa-de-hogar-pijamas-hanfu-para-hombres-y-mujeres-estilo-kimono-japones-para-parejas-hotel-bb","status":"publish","type":"product","link":"https:\/\/nexgendecors.com\/es\/product\/albornoz-de-algodon-y-lino-para-las-cuatro-estaciones-ropa-de-hogar-pijamas-hanfu-para-hombres-y-mujeres-estilo-kimono-japones-para-parejas-hotel-bb\/","title":{"rendered":"Albornoz de algod\u00f3n y lino para las cuatro estaciones, ropa de hogar, pijamas Hanfu para hombres y mujeres, estilo kimono japon\u00e9s, B&amp;B, hotel."},"content":{"rendered":"<p><b>Nombre de la tela<\/b>:Algod\u00f3n y lino<\/p>\n<p><b>Ingredientes principales de la tela<\/b>: algod\u00f3n<\/p>\n<p><b>Disponibilidad<\/b>Primavera de 2024<\/p>\n<p><b>Temporada adecuada<\/b>: Cuatro estaciones<\/p>\n<p><b>color<\/b>: Cuello de kimono de lino original algod\u00f3n 70 lino 30, cuello de kimono verde oscuro algod\u00f3n 70 lino 30, cuello de kimono gris oscuro algod\u00f3n 70 lino 30, cuello de kimono rojo ladrillo algod\u00f3n 70 lino 30, cuello de kimono de lino original 100 lino, cuello de kimono rosa claro 100 lino, cuello de kimono verde claro 100 lino, cuello de kimono marr\u00f3n claro 100 lino<\/p>\n<p><b>tama\u00f1o<\/b>:M,L,XL<\/p>\n<p><b>Contenido principal del tejido<\/b>:50% incluido -70% exclusivo<\/p>\n<p><b>estilo<\/b>:Estilo pastoral<\/p>","protected":false},"excerpt":{"rendered":"<p>Nombre de la tela: Algod\u00f3n y lino Ingredientes principales de la tela: algod\u00f3n Disponibilidad: Primavera 2024 Temporada adecuada: Cuatro estaciones Color: Kimono de lino original<\/p>","protected":false},"featured_media":166539,"comment_status":"open","ping_status":"closed","template":"","meta":[],"product_brand":[],"product_cat":[30927,30941,30949],"product_tag":[],"class_list":{"0":"post-166540","1":"product","2":"type-product","3":"status-publish","4":"has-post-thumbnail","6":"product_cat-bath","7":"product_cat-hotel-robes-slippers","8":"product_cat-hotel-supplies","10":"first","11":"instock","12":"taxable","13":"shipping-taxable","14":"purchasable","15":"product-type-variable"},"_links":{"self":[{"href":"https:\/\/nexgendecors.com\/es\/wp-json\/wp\/v2\/product\/166540","targetHints":{"allow":["GET"]}}],"collection":[{"href":"https:\/\/nexgendecors.com\/es\/wp-json\/wp\/v2\/product"}],"about":[{"href":"https:\/\/nexgendecors.com\/es\/wp-json\/wp\/v2\/types\/product"}],"replies":[{"embeddable":true,"href":"https:\/\/nexgendecors.com\/es\/wp-json\/wp\/v2\/comments?post=166540"}],"version-history":[{"count":0,"href":"https:\/\/nexgendecors.com\/es\/wp-json\/wp\/v2\/product\/166540\/revisions"}],"wp:featuredmedia":[{"embeddable":true,"href":"https:\/\/nexgendecors.com\/es\/wp-json\/wp\/v2\/media\/166539"}],"wp:attachment":[{"href":"https:\/\/nexgendecors.com\/es\/wp-json\/wp\/v2\/media?parent=166540"}],"wp:term":[{"taxonomy":"product_brand","embeddable":true,"href":"https:\/\/nexgendecors.com\/es\/wp-json\/wp\/v2\/product_brand?post=166540"},{"taxonomy":"product_cat","embeddable":true,"href":"https:\/\/nexgendecors.com\/es\/wp-json\/wp\/v2\/product_cat?post=166540"},{"taxonomy":"product_tag","embeddable":true,"href":"https:\/\/nexgendecors.com\/es\/wp-json\/wp\/v2\/product_tag?post=166540"}],"curies":[{"name":"wp","href":"https:\/\/api.w.org\/{rel}","templated":true}]}}