{"id":166664,"date":"2025-02-23T08:59:02","date_gmt":"2025-02-23T08:59:02","guid":{"rendered":"https:\/\/nexgendecors.com\/en\/product\/waffle-hotel-guest-room-disposable-slippers-aviation-supplies-travel-commercial-home-hospitality-five-star\/"},"modified":"2025-04-06T10:01:11","modified_gmt":"2025-04-06T10:01:11","slug":"waffle-hotel-guest-room-disposable-slippers-aviation-supplies-travel-commercial-home-hospitality-five-star","status":"publish","type":"product","link":"https:\/\/nexgendecors.com\/es\/product\/waffle-hotel-guest-room-disposable-slippers-aviation-supplies-travel-commercial-home-hospitality-five-star\/","title":{"rendered":"Zapatillas desechables para habitaciones de hotel tipo gofre, suministros de aviaci\u00f3n, viajes, comerciales, hogar, hospitalidad, cinco estrellas"},"content":{"rendered":"<p><b>marca<\/b>: ntoge<\/p>\n<p><b>tama\u00f1o<\/b>: One Size<\/p>\n<p><b>Importado o no<\/b>: No<\/p>\n<p><b>Material<\/b>: Waffle<\/p>\n<p><b>Funci\u00f3n<\/b>: Anti-slip<\/p>\n<p><b>Impresi\u00f3n de LOGO<\/b>: Poder<\/p>\n<p><b>Personalizaci\u00f3n del procesamiento<\/b>: S\u00ed<\/p>\n<p><b>espesor<\/b>: 7mm<\/p>\n<p><b>N\u00famero de pieza<\/b>: Waffle slippers<\/p>\n<p><b>Origen dom\u00e9stico<\/b>: Provincia de Jiangsu<\/p>\n<p><b>Clientes objetivo<\/b>: General<\/p>\n<p><b>patr\u00f3n<\/b>: Custom<\/p>\n<p><b>Cantidad por caja<\/b>: 100<\/p>\n<p><b>Gama de precios<\/b>: 1<\/p>\n<p><b>Peso bruto<\/b>: 1<\/p>\n<p><b>N\u00famero<\/b>: 1<\/p>\n<p><b>color<\/b>: Rubber-soled waffle-edged slippers, half-waffle, full-waffle, waffle bread shoes<\/p>\n<p><b>Principales plataformas downstream<\/b>: eBay, Amazon, Wish, AliExpress, estaci\u00f3n independiente, LAZADA<\/p>\n<p><b>Principales \u00e1reas de venta<\/b>: Southeast Asia<\/p>\n<p><b>Ya sea una fuente dedicada de bienes para la exportaci\u00f3n transfronteriza<\/b>: S\u00ed<\/p>\n<p><b>\u00bfExiste una patente?<\/b>: No<\/p>","protected":false},"excerpt":{"rendered":"<p>Marca: ntoge Tama\u00f1o: Talla \u00fanica Importado o no: no Material: Waffle Funci\u00f3n: Antideslizante Impresi\u00f3n LOGO: Puede Procesamiento de personalizaci\u00f3n: s\u00ed Espesor:<\/p>","protected":false},"featured_media":166663,"comment_status":"open","ping_status":"closed","template":"","meta":[],"product_brand":[],"product_cat":[30927,30941,30949],"product_tag":[],"class_list":{"0":"post-166664","1":"product","2":"type-product","3":"status-publish","4":"has-post-thumbnail","6":"product_cat-bath","7":"product_cat-hotel-robes-slippers","8":"product_cat-hotel-supplies","10":"first","11":"instock","12":"taxable","13":"shipping-taxable","14":"purchasable","15":"product-type-variable"},"_links":{"self":[{"href":"https:\/\/nexgendecors.com\/es\/wp-json\/wp\/v2\/product\/166664","targetHints":{"allow":["GET"]}}],"collection":[{"href":"https:\/\/nexgendecors.com\/es\/wp-json\/wp\/v2\/product"}],"about":[{"href":"https:\/\/nexgendecors.com\/es\/wp-json\/wp\/v2\/types\/product"}],"replies":[{"embeddable":true,"href":"https:\/\/nexgendecors.com\/es\/wp-json\/wp\/v2\/comments?post=166664"}],"version-history":[{"count":0,"href":"https:\/\/nexgendecors.com\/es\/wp-json\/wp\/v2\/product\/166664\/revisions"}],"wp:featuredmedia":[{"embeddable":true,"href":"https:\/\/nexgendecors.com\/es\/wp-json\/wp\/v2\/media\/166663"}],"wp:attachment":[{"href":"https:\/\/nexgendecors.com\/es\/wp-json\/wp\/v2\/media?parent=166664"}],"wp:term":[{"taxonomy":"product_brand","embeddable":true,"href":"https:\/\/nexgendecors.com\/es\/wp-json\/wp\/v2\/product_brand?post=166664"},{"taxonomy":"product_cat","embeddable":true,"href":"https:\/\/nexgendecors.com\/es\/wp-json\/wp\/v2\/product_cat?post=166664"},{"taxonomy":"product_tag","embeddable":true,"href":"https:\/\/nexgendecors.com\/es\/wp-json\/wp\/v2\/product_tag?post=166664"}],"curies":[{"name":"wp","href":"https:\/\/api.w.org\/{rel}","templated":true}]}}