{"id":166678,"date":"2025-02-23T09:01:04","date_gmt":"2025-02-23T09:01:04","guid":{"rendered":"https:\/\/nexgendecors.com\/en\/product\/hotel-supplies-disposable-wash-set-high-end-hotel-toothbrush-toothpaste-household-hospitality-toothbrush-set-home-use\/"},"modified":"2025-02-23T09:01:59","modified_gmt":"2025-02-23T09:01:59","slug":"suministros-de-hotel-set-de-lavado-desechable-cepillo-de-dientes-de-alta-gama-para-hotel-pasta-de-dientes-juego-de-cepillos-de-dientes-para-uso-domestico-en-hosteleria","status":"publish","type":"product","link":"https:\/\/nexgendecors.com\/es\/product\/suministros-de-hotel-set-de-lavado-desechable-cepillo-de-dientes-de-alta-gama-para-hotel-pasta-de-dientes-juego-de-cepillos-de-dientes-para-uso-domestico-en-hosteleria\/","title":{"rendered":"Suministros de hotel, juego de lavado desechable, cepillo de dientes de hotel de alta gama, pasta de dientes, juego de cepillos de dientes para uso dom\u00e9stico en el hogar."},"content":{"rendered":"<p><b>marca<\/b>: ntoge<\/p>\n<p><b>Importado o no<\/b>: No<\/p>\n<p><b>Productos en paquete<\/b>: otro<\/p>\n<p><b>importar<\/b>: No<\/p>\n<p><b>Personalizaci\u00f3n del procesamiento<\/b>: S\u00ed<\/p>\n<p><b>forma<\/b>: otro<\/p>\n<p><b>Origen<\/b>:China continental<\/p>\n<p><b>color<\/b>: Cepillo de dientes minimalista A de 3 g de pasta de dientes, cepillo de dientes minimalista B de 3 g de pasta de dientes, peine minimalista, jab\u00f3n artesanal minimalista, maquinilla de afeitar minimalista + crema de 10 g, champ\u00fa perfumado minimalista de 30 ml, gel de ducha perfumado minimalista de 30 ml, acondicionador perfumado minimalista de 30 ml, loci\u00f3n corporal perfumada minimalista de 30 ml, gorro de ducha plegable de alta presi\u00f3n minimalista, kit de costura minimalista, paquete de cuidado minimalista, juego minimalista de cuatro piezas que incluye 2 juegos de cepillos de dientes, juego minimalista de seis piezas que incluye 2 juegos de cepillos de dientes, juego minimalista de nueve piezas que incluye 2 juegos de cepillos de dientes, juego minimalista de once piezas que incluye 2 juegos de cepillos de dientes<\/p>\n<p><b>Principales plataformas downstream<\/b>: otro<\/p>\n<p><b>Principales \u00e1reas de venta<\/b>: otro<\/p>\n<p><b>Tener una marca privada con licencia<\/b>: No<\/p>\n<p><b>Ya sea una fuente dedicada de bienes para la exportaci\u00f3n transfronteriza<\/b>: S\u00ed<\/p>\n<p><b>\u00bfExiste una patente?<\/b>: No<\/p>","protected":false},"excerpt":{"rendered":"<p>Marca: ntoge Importado o no: no Productos de paquete: otros Importaci\u00f3n: no Personalizaci\u00f3n de procesamiento: s\u00ed Forma: otra Origen: China continental Color:<\/p>","protected":false},"featured_media":166677,"comment_status":"open","ping_status":"closed","template":"","meta":[],"product_brand":[],"product_cat":[30927,30939,30949],"product_tag":[],"class_list":{"0":"post-166678","1":"product","2":"type-product","3":"status-publish","4":"has-post-thumbnail","6":"product_cat-bath","7":"product_cat-hotel-soaps-amenities","8":"product_cat-hotel-supplies","10":"first","11":"instock","12":"taxable","13":"shipping-taxable","14":"purchasable","15":"product-type-variable"},"_links":{"self":[{"href":"https:\/\/nexgendecors.com\/es\/wp-json\/wp\/v2\/product\/166678","targetHints":{"allow":["GET"]}}],"collection":[{"href":"https:\/\/nexgendecors.com\/es\/wp-json\/wp\/v2\/product"}],"about":[{"href":"https:\/\/nexgendecors.com\/es\/wp-json\/wp\/v2\/types\/product"}],"replies":[{"embeddable":true,"href":"https:\/\/nexgendecors.com\/es\/wp-json\/wp\/v2\/comments?post=166678"}],"version-history":[{"count":0,"href":"https:\/\/nexgendecors.com\/es\/wp-json\/wp\/v2\/product\/166678\/revisions"}],"wp:featuredmedia":[{"embeddable":true,"href":"https:\/\/nexgendecors.com\/es\/wp-json\/wp\/v2\/media\/166677"}],"wp:attachment":[{"href":"https:\/\/nexgendecors.com\/es\/wp-json\/wp\/v2\/media?parent=166678"}],"wp:term":[{"taxonomy":"product_brand","embeddable":true,"href":"https:\/\/nexgendecors.com\/es\/wp-json\/wp\/v2\/product_brand?post=166678"},{"taxonomy":"product_cat","embeddable":true,"href":"https:\/\/nexgendecors.com\/es\/wp-json\/wp\/v2\/product_cat?post=166678"},{"taxonomy":"product_tag","embeddable":true,"href":"https:\/\/nexgendecors.com\/es\/wp-json\/wp\/v2\/product_tag?post=166678"}],"curies":[{"name":"wp","href":"https:\/\/api.w.org\/{rel}","templated":true}]}}