{"id":166713,"date":"2025-02-23T09:01:44","date_gmt":"2025-02-23T09:01:44","guid":{"rendered":"https:\/\/nexgendecors.com\/en\/product\/white-tea-fragrance-hotel-shampoo-shower-gel-disposable-wash-set-five-star-hotel-homestay-factory-wholesale\/"},"modified":"2025-04-06T10:01:14","modified_gmt":"2025-04-06T10:01:14","slug":"white-tea-fragrance-hotel-shampoo-shower-gel-disposable-wash-set-five-star-hotel-homestay-factory-wholesale","status":"publish","type":"product","link":"https:\/\/nexgendecors.com\/es\/product\/white-tea-fragrance-hotel-shampoo-shower-gel-disposable-wash-set-five-star-hotel-homestay-factory-wholesale\/","title":{"rendered":"Champ\u00fa de hotel con fragancia de t\u00e9 blanco, gel de ducha desechable, set de lavado, hotel de cinco estrellas, casa de familia, f\u00e1brica al por mayor"},"content":{"rendered":"<p><b>marca<\/b>: ntoge<\/p>\n<p><b>categor\u00eda<\/b>: Disposable bath set<\/p>\n<p><b>Importado o no<\/b>: No<\/p>\n<p><b>Duraci\u00f3n<\/b>:3 a\u00f1os<\/p>\n<p><b>tama\u00f1o<\/b>: 300ml<\/p>\n<p><b>Funci\u00f3n<\/b>: limpio<\/p>\n<p><b>Clientes objetivo<\/b>:adulto<\/p>\n<p><b>Material<\/b>: liquid<\/p>\n<p><b>N\u00famero de pieza<\/b>: White Tea Fragrance Series<\/p>\n<p><b>Impresi\u00f3n de LOGO<\/b>: Poder<\/p>\n<p><b>Personalizaci\u00f3n del procesamiento<\/b>: S\u00ed<\/p>\n<p><b>Origen dom\u00e9stico<\/b>: Provincia de Jiangsu<\/p>\n<p><b>Peso bruto<\/b>: 300g<\/p>\n<p><b>Cantidad por caja<\/b>:Ver detalles<\/p>\n<p><b>Gama de precios<\/b>: 0.5-10 yuan<\/p>\n<p><b>N\u00famero<\/b>: 100<\/p>\n<p><b>color<\/b>: \u3010\u5927\u74f6300ml\u3011\u6d17\u53d1\u6c34,\u3010\u5927\u74f6300ml\u3011\u6c90\u6d74\u9732,\u3010\u5927\u74f6300ml\u3011\u62a4\u53d1\u7d20,\u3010\u5927\u74f6500ml\u3011\u6d17\u53d1\u6c34,\u3010\u5927\u74f6500ml\u3011\u6c90\u6d74\u9732,\u3010\u5927\u74f6500ml\u3011\u62a4\u53d1\u7d20,\u3010100\u74f630ml\u3011\u6d17\u53d1\u6c34,\u3010100\u74f630ml\u3011\u6c90\u6d74\u9732,\u3010100\u74f630ml\u3011\u62a4\u53d1\u7d20,\u3010100\u74f630ml\u3011\u6da6\u80a4\u9732,\u3010\u5927\u68765L\u3011\u6d17\u53d1\u6c34,\u3010\u5927\u68765L\u3011\u6c90\u6d74\u9732,\u3010\u652f\u67b6\u3011500ml\u74f6\u578b\u9501\u6263\u5355\u5934\u7682\u6db2\u5668,\u3010\u652f\u67b6\u3011500ml\u74f6\u578b\u9501\u6263\u53cc\u5934\u7682\u6db2\u5668,\u3010\u652f\u67b6\u3011500ml\u74f6\u578b\u9501\u6263\u4e09\u5934\u7682\u6db2\u5668<\/p>\n<p><b>\u89c4\u683c<\/b>: \u767d\u8336\u9999\u6c1b\u7cfb\u5217<\/p>\n<p><b>\u4e3b\u8981\u4e0b\u6e38\u5e73\u53f0<\/b>: wish,\u901f\u5356\u901a,\u72ec\u7acb\u7ad9,LAZADA,\u5176\u4ed6<\/p>\n<p><b>\u4e3b\u8981\u9500\u552e\u5730\u533a<\/b>: \u5357\u7f8e,\u4e1c\u5357\u4e9a,\u5317\u7f8e,\u4e1c\u5317\u4e9a,\u4e2d\u4e1c,\u5176\u4ed6<\/p>\n<p><b>\u6709\u53ef\u6388\u6743\u7684\u81ea\u6709\u54c1\u724c<\/b>: \u662f<\/p>\n<p><b>\u662f\u5426\u8de8\u5883\u51fa\u53e3\u4e13\u4f9b\u8d27\u6e90<\/b>: \u662f<\/p>\n<p><b>\u662f\u5426\u6709\u4e13\u5229<\/b>: \u5426<\/p>\n<p><b>\u98ce\u683c<\/b>: \u7b80\u7ea6<\/p>","protected":false},"excerpt":{"rendered":"<p>Marca: ntoge Categor\u00eda: Set de ba\u00f1o desechable Importado o no: no Vida \u00fatil: 3 a\u00f1os Tama\u00f1o: 300 ml Funci\u00f3n: limpio Clientes objetivos:<\/p>","protected":false},"featured_media":166711,"comment_status":"open","ping_status":"closed","template":"","meta":[],"product_brand":[],"product_cat":[30927,30939,30949],"product_tag":[],"class_list":{"0":"post-166713","1":"product","2":"type-product","3":"status-publish","4":"has-post-thumbnail","6":"product_cat-bath","7":"product_cat-hotel-soaps-amenities","8":"product_cat-hotel-supplies","10":"first","11":"instock","12":"taxable","13":"shipping-taxable","14":"purchasable","15":"product-type-variable"},"_links":{"self":[{"href":"https:\/\/nexgendecors.com\/es\/wp-json\/wp\/v2\/product\/166713","targetHints":{"allow":["GET"]}}],"collection":[{"href":"https:\/\/nexgendecors.com\/es\/wp-json\/wp\/v2\/product"}],"about":[{"href":"https:\/\/nexgendecors.com\/es\/wp-json\/wp\/v2\/types\/product"}],"replies":[{"embeddable":true,"href":"https:\/\/nexgendecors.com\/es\/wp-json\/wp\/v2\/comments?post=166713"}],"version-history":[{"count":0,"href":"https:\/\/nexgendecors.com\/es\/wp-json\/wp\/v2\/product\/166713\/revisions"}],"wp:featuredmedia":[{"embeddable":true,"href":"https:\/\/nexgendecors.com\/es\/wp-json\/wp\/v2\/media\/166711"}],"wp:attachment":[{"href":"https:\/\/nexgendecors.com\/es\/wp-json\/wp\/v2\/media?parent=166713"}],"wp:term":[{"taxonomy":"product_brand","embeddable":true,"href":"https:\/\/nexgendecors.com\/es\/wp-json\/wp\/v2\/product_brand?post=166713"},{"taxonomy":"product_cat","embeddable":true,"href":"https:\/\/nexgendecors.com\/es\/wp-json\/wp\/v2\/product_cat?post=166713"},{"taxonomy":"product_tag","embeddable":true,"href":"https:\/\/nexgendecors.com\/es\/wp-json\/wp\/v2\/product_tag?post=166713"}],"curies":[{"name":"wp","href":"https:\/\/api.w.org\/{rel}","templated":true}]}}