{"id":167009,"date":"2025-02-23T10:26:12","date_gmt":"2025-02-23T10:26:12","guid":{"rendered":"https:\/\/nexgendecors.com\/en\/product\/20ml-hotel-disposable-shampoo-shower-gel-hotel-special-small-bottle-shampoo-shower-gel-wholesale\/"},"modified":"2025-04-06T10:01:37","modified_gmt":"2025-04-06T10:01:37","slug":"champu-y-gel-de-ducha-desechables-para-hotel-20-ml-botella-pequena-especial-para-hotel-venta-al-por-mayor","status":"publish","type":"product","link":"https:\/\/nexgendecors.com\/es\/product\/champu-y-gel-de-ducha-desechables-para-hotel-20-ml-botella-pequena-especial-para-hotel-venta-al-por-mayor\/","title":{"rendered":"Champ\u00fa y gel de ducha desechables para hotel, 20 ml, botella peque\u00f1a especial para hotel, venta al por mayor"},"content":{"rendered":"<p><b>marca<\/b>: ntoge<\/p>\n<p><b>categor\u00eda<\/b>: Champ\u00fa desechable<\/p>\n<p><b>Importado o no<\/b>: No<\/p>\n<p><b>Duraci\u00f3n<\/b>:3 a\u00f1os<\/p>\n<p><b>tama\u00f1o<\/b>:20 ml<\/p>\n<p><b>Funci\u00f3n<\/b>: limpio<\/p>\n<p><b>espesor<\/b>:20 ml<\/p>\n<p><b>Clientes objetivo<\/b>:adulto<\/p>\n<p><b>patr\u00f3n<\/b>:Simplicidad<\/p>\n<p><b>Material<\/b>:Champ\u00fa<\/p>\n<p><b>N\u00famero de pieza<\/b>Serie de mangueras de t\u00e9 blanco de 20 ml<\/p>\n<p><b>Impresi\u00f3n de LOGO<\/b>: Poder<\/p>\n<p><b>Personalizaci\u00f3n del procesamiento<\/b>: S\u00ed<\/p>\n<p><b>Origen dom\u00e9stico<\/b>: Provincia de Jiangsu<\/p>\n<p><b>Peso bruto<\/b>:20 gramos<\/p>\n<p><b>Cantidad por caja<\/b>:500\/pieza<\/p>\n<p><b>Gama de precios<\/b>: 0.3<\/p>\n<p><b>N\u00famero<\/b>:500 piezas<\/p>\n<p><b>color<\/b>: Champ\u00fa de 20 ml, gel de ducha de 20 ml<\/p>\n<p><b>Principales plataformas downstream<\/b>: eBay, Amazon, Wish, Aliexpress, Independent Station, Lazada, otros<\/p>\n<p><b>Principales \u00e1reas de venta<\/b>: \u00c1frica, Europa, Sudam\u00e9rica, Sudeste Asi\u00e1tico, Norteam\u00e9rica, Noreste Asi\u00e1tico, Oriente Medio, Otros<\/p>\n<p><b>Tener una marca privada con licencia<\/b>: S\u00ed<\/p>\n<p><b>Ya sea una fuente dedicada de bienes para la exportaci\u00f3n transfronteriza<\/b>: S\u00ed<\/p>\n<p><b>\u00bfExiste una patente?<\/b>: No<\/p>\n<p><b>estilo<\/b>:Simplicidad<\/p>","protected":false},"excerpt":{"rendered":"<p>Marca: ntoge Categor\u00eda: Champ\u00fa desechable Importado o no: no Vida \u00fatil: 3 a\u00f1os Tama\u00f1o: 20 ml Funci\u00f3n: limpio Espesor: 20 ml Objetivo<\/p>","protected":false},"featured_media":167008,"comment_status":"open","ping_status":"closed","template":"","meta":[],"product_brand":[],"product_cat":[30927,30939,30949],"product_tag":[],"class_list":{"0":"post-167009","1":"product","2":"type-product","3":"status-publish","4":"has-post-thumbnail","6":"product_cat-bath","7":"product_cat-hotel-soaps-amenities","8":"product_cat-hotel-supplies","10":"first","11":"instock","12":"taxable","13":"shipping-taxable","14":"purchasable","15":"product-type-variable"},"_links":{"self":[{"href":"https:\/\/nexgendecors.com\/es\/wp-json\/wp\/v2\/product\/167009","targetHints":{"allow":["GET"]}}],"collection":[{"href":"https:\/\/nexgendecors.com\/es\/wp-json\/wp\/v2\/product"}],"about":[{"href":"https:\/\/nexgendecors.com\/es\/wp-json\/wp\/v2\/types\/product"}],"replies":[{"embeddable":true,"href":"https:\/\/nexgendecors.com\/es\/wp-json\/wp\/v2\/comments?post=167009"}],"version-history":[{"count":0,"href":"https:\/\/nexgendecors.com\/es\/wp-json\/wp\/v2\/product\/167009\/revisions"}],"wp:featuredmedia":[{"embeddable":true,"href":"https:\/\/nexgendecors.com\/es\/wp-json\/wp\/v2\/media\/167008"}],"wp:attachment":[{"href":"https:\/\/nexgendecors.com\/es\/wp-json\/wp\/v2\/media?parent=167009"}],"wp:term":[{"taxonomy":"product_brand","embeddable":true,"href":"https:\/\/nexgendecors.com\/es\/wp-json\/wp\/v2\/product_brand?post=167009"},{"taxonomy":"product_cat","embeddable":true,"href":"https:\/\/nexgendecors.com\/es\/wp-json\/wp\/v2\/product_cat?post=167009"},{"taxonomy":"product_tag","embeddable":true,"href":"https:\/\/nexgendecors.com\/es\/wp-json\/wp\/v2\/product_tag?post=167009"}],"curies":[{"name":"wp","href":"https:\/\/api.w.org\/{rel}","templated":true}]}}