{"id":167104,"date":"2025-02-23T10:30:57","date_gmt":"2025-02-23T10:30:57","guid":{"rendered":"https:\/\/nexgendecors.com\/en\/product\/cross-border-machine-made-non-woven-hotel-disposable-slippers-commercial-non-slip-hospitality-hotel-homestay-factory-direct-sales-wholesale\/"},"modified":"2025-04-06T10:01:43","modified_gmt":"2025-04-06T10:01:43","slug":"cross-border-machine-made-non-woven-hotel-disposable-slippers-commercial-non-slip-hospitality-hotel-homestay-factory-direct-sales-wholesale","status":"publish","type":"product","link":"https:\/\/nexgendecors.com\/es\/product\/cross-border-machine-made-non-woven-hotel-disposable-slippers-commercial-non-slip-hospitality-hotel-homestay-factory-direct-sales-wholesale\/","title":{"rendered":"Zapatillas de hotel desechables no tejidas hechas a m\u00e1quina transfronterizas, antideslizantes, comerciales, para hoteles, alojamientos familiares, venta directa de f\u00e1brica al por mayor"},"content":{"rendered":"<p><b>marca<\/b>: ntoge<\/p>\n<p><b>tama\u00f1o<\/b>: One Size<\/p>\n<p><b>Importado o no<\/b>: No<\/p>\n<p><b>Material<\/b>: Non-woven fabrics<\/p>\n<p><b>Funci\u00f3n<\/b>: Anti-slip<\/p>\n<p><b>Impresi\u00f3n de LOGO<\/b>: Poder<\/p>\n<p><b>Personalizaci\u00f3n del procesamiento<\/b>: S\u00ed<\/p>\n<p><b>espesor<\/b>: 5mm<\/p>\n<p><b>Origen dom\u00e9stico<\/b>: Provincia de Jiangsu<\/p>\n<p><b>Clientes objetivo<\/b>: General<\/p>\n<p><b>patr\u00f3n<\/b>: custom made<\/p>\n<p><b>Cantidad por caja<\/b>: 1000<\/p>\n<p><b>Gama de precios<\/b>: 0.46-0.6<\/p>\n<p><b>Peso bruto<\/b>: Contact Customer Service<\/p>\n<p><b>N\u00famero<\/b>: 2<\/p>\n<p><b>color<\/b>: 6mmEPE non-slip bottom non-woven fabric cyan,6mmEPE non-slip bottom non-woven fabric white,6mmEPE non-slip bottom non-woven fabric gray,4mm high foam non-woven slippers,4mm round bead bottom non-woven slippers white,4mm round bead bottom non-woven slippers gray,5mm point plastic cloth non-woven slippers white,5mm point plastic cloth non-woven slippers gray,5mm round bead bottom embossed non-woven slippers white,5mm round bead bottom embossed non-woven slippers gray,7mm thickened non-woven EPE gray stone model,7mm thickened non-woven EPE tourmaline model,7mm thickened non-woven EPE Begonia model,7mm thickened non-woven EPE herringbone model,7mm thickened non-woven EPE cherry blossom model,8mm inlaid bottom grid pattern needle-punched cotton white full package,8mm inlaid bottom grid pattern needle-punched cotton gray full package<\/p>\n<p><b>Principales plataformas downstream<\/b>: AliExpress,Independent Station,LAZADA,Other<\/p>\n<p><b>Principales \u00e1reas de venta<\/b>: Africa,Europe,South America,Southeast Asia,North America,Northeast Asia,Middle East<\/p>\n<p><b>Tener una marca privada con licencia<\/b>: S\u00ed<\/p>\n<p><b>Ya sea una fuente dedicada de bienes para la exportaci\u00f3n transfronteriza<\/b>: S\u00ed<\/p>\n<p><b>\u00bfExiste una patente?<\/b>: No<\/p>\n<p><b>estilo<\/b>: Japanese style, simple<\/p>","protected":false},"excerpt":{"rendered":"<p>Marca: ntoge Tama\u00f1o: Talla \u00fanica Importado o no: no Material: Telas no tejidas Funci\u00f3n: Antideslizante Impresi\u00f3n LOGO: Puede Procesamiento de personalizaci\u00f3n: s\u00ed<\/p>","protected":false},"featured_media":167103,"comment_status":"open","ping_status":"closed","template":"","meta":[],"product_brand":[],"product_cat":[30927,30941,30949],"product_tag":[],"class_list":{"0":"post-167104","1":"product","2":"type-product","3":"status-publish","4":"has-post-thumbnail","6":"product_cat-bath","7":"product_cat-hotel-robes-slippers","8":"product_cat-hotel-supplies","10":"first","11":"instock","12":"taxable","13":"shipping-taxable","14":"purchasable","15":"product-type-variable"},"_links":{"self":[{"href":"https:\/\/nexgendecors.com\/es\/wp-json\/wp\/v2\/product\/167104","targetHints":{"allow":["GET"]}}],"collection":[{"href":"https:\/\/nexgendecors.com\/es\/wp-json\/wp\/v2\/product"}],"about":[{"href":"https:\/\/nexgendecors.com\/es\/wp-json\/wp\/v2\/types\/product"}],"replies":[{"embeddable":true,"href":"https:\/\/nexgendecors.com\/es\/wp-json\/wp\/v2\/comments?post=167104"}],"version-history":[{"count":0,"href":"https:\/\/nexgendecors.com\/es\/wp-json\/wp\/v2\/product\/167104\/revisions"}],"wp:featuredmedia":[{"embeddable":true,"href":"https:\/\/nexgendecors.com\/es\/wp-json\/wp\/v2\/media\/167103"}],"wp:attachment":[{"href":"https:\/\/nexgendecors.com\/es\/wp-json\/wp\/v2\/media?parent=167104"}],"wp:term":[{"taxonomy":"product_brand","embeddable":true,"href":"https:\/\/nexgendecors.com\/es\/wp-json\/wp\/v2\/product_brand?post=167104"},{"taxonomy":"product_cat","embeddable":true,"href":"https:\/\/nexgendecors.com\/es\/wp-json\/wp\/v2\/product_cat?post=167104"},{"taxonomy":"product_tag","embeddable":true,"href":"https:\/\/nexgendecors.com\/es\/wp-json\/wp\/v2\/product_tag?post=167104"}],"curies":[{"name":"wp","href":"https:\/\/api.w.org\/{rel}","templated":true}]}}