{"id":167240,"date":"2025-02-23T10:33:32","date_gmt":"2025-02-23T10:33:32","guid":{"rendered":"https:\/\/nexgendecors.com\/en\/product\/five-star-hotel-supplies-toiletries-set-hotel-homestay-special-disposable-toothbrush-with-toothpaste-set-simple-soft-bristles\/"},"modified":"2025-04-06T10:01:51","modified_gmt":"2025-04-06T10:01:51","slug":"articulos-de-aseo-para-hoteles-de-cinco-estrellas-set-de-cepillos-de-dientes-desechables-especiales-para-alojamiento-familiar-y-pasta-de-dientes-cerdas-suaves-y-sencillas","status":"publish","type":"product","link":"https:\/\/nexgendecors.com\/es\/product\/articulos-de-aseo-para-hoteles-de-cinco-estrellas-set-de-cepillos-de-dientes-desechables-especiales-para-alojamiento-familiar-y-pasta-de-dientes-cerdas-suaves-y-sencillas\/","title":{"rendered":"Suministros de hotel de cinco estrellas, set de art\u00edculos de tocador, hotel, alojamiento familiar, cepillo de dientes desechable especial con set de pasta de dientes, cerdas suaves y sencillas"},"content":{"rendered":"<p><b>marca<\/b>: ntoge<\/p>\n<p><b>Clientes objetivo<\/b>: General<\/p>\n<p><b>Importado o no<\/b>: No<\/p>\n<p><b>Duraci\u00f3n<\/b>:24 meses<\/p>\n<p><b>Material<\/b>: Paja<\/p>\n<p><b>tama\u00f1o<\/b>:Ver detalles<\/p>\n<p><b>Peso bruto<\/b>:0,02 kg<\/p>\n<p><b>usar<\/b>:Juego de art\u00edculos de tocador desechables<\/p>\n<p><b>\u00bfEs degradable?<\/b>: No<\/p>\n<p><b>N\u00famero de pieza<\/b>:Serie Papel de Piedra<\/p>\n<p><b>Impresi\u00f3n de LOGO<\/b>: Poder<\/p>\n<p><b>Personalizaci\u00f3n del procesamiento<\/b>: S\u00ed<\/p>\n<p><b>patr\u00f3n<\/b>:Simplicidad<\/p>\n<p><b>Origen dom\u00e9stico<\/b>: Provincia de Jiangsu<\/p>\n<p><b>Cantidad por caja<\/b>:1000 piezas<\/p>\n<p><b>Gama de precios<\/b>: 0.8<\/p>\n<p><b>N\u00famero<\/b>: 1<\/p>\n<p><b>color<\/b>Cepillo de dientes A de almid\u00f3n blanco, Cepillo de dientes B de paja beige, Peine, Maquinilla de afeitar, Gorro de ducha, Neceser, Jab\u00f3n, Champ\u00fa de t\u00e9 blanco, Gel de ducha de t\u00e9 blanco, Acondicionador de t\u00e9 blanco, Loci\u00f3n corporal de t\u00e9 blanco, Champ\u00fa arom\u00e1tico, Gel de ducha arom\u00e1tico, Acondicionador arom\u00e1tico, Loci\u00f3n corporal arom\u00e1tica, Base antideslizante de EPE de 6 mm de vell\u00f3n coral amarillo sin olor, Base antideslizante de EPE de 6 mm de vell\u00f3n coral blanco sin olor, Base antideslizante de EPE de 6 mm de fibra vegetal con borde blanco sin olor, Base antideslizante de EPE de 6 mm de fibra vegetal con borde gris sin olor<\/p>\n<p><b>Ya sea una fuente dedicada de bienes para la exportaci\u00f3n transfronteriza<\/b>: No<\/p>\n<p><b>\u00bfExiste una patente?<\/b>: No<\/p>\n<p><b>estilo<\/b>:Americano, Japon\u00e9s, Sencillo, Lujo Ligero<\/p>","protected":false},"excerpt":{"rendered":"<p>Marca: ntoge Clientes objetivo: General Importado o no: no Vida \u00fatil: 24 meses Material: Pajita Tama\u00f1o: Ver detalles Peso bruto:<\/p>","protected":false},"featured_media":167239,"comment_status":"open","ping_status":"closed","template":"","meta":[],"product_brand":[],"product_cat":[30927,30939,30949],"product_tag":[],"class_list":{"0":"post-167240","1":"product","2":"type-product","3":"status-publish","4":"has-post-thumbnail","6":"product_cat-bath","7":"product_cat-hotel-soaps-amenities","8":"product_cat-hotel-supplies","10":"first","11":"instock","12":"taxable","13":"shipping-taxable","14":"purchasable","15":"product-type-variable"},"_links":{"self":[{"href":"https:\/\/nexgendecors.com\/es\/wp-json\/wp\/v2\/product\/167240","targetHints":{"allow":["GET"]}}],"collection":[{"href":"https:\/\/nexgendecors.com\/es\/wp-json\/wp\/v2\/product"}],"about":[{"href":"https:\/\/nexgendecors.com\/es\/wp-json\/wp\/v2\/types\/product"}],"replies":[{"embeddable":true,"href":"https:\/\/nexgendecors.com\/es\/wp-json\/wp\/v2\/comments?post=167240"}],"version-history":[{"count":0,"href":"https:\/\/nexgendecors.com\/es\/wp-json\/wp\/v2\/product\/167240\/revisions"}],"wp:featuredmedia":[{"embeddable":true,"href":"https:\/\/nexgendecors.com\/es\/wp-json\/wp\/v2\/media\/167239"}],"wp:attachment":[{"href":"https:\/\/nexgendecors.com\/es\/wp-json\/wp\/v2\/media?parent=167240"}],"wp:term":[{"taxonomy":"product_brand","embeddable":true,"href":"https:\/\/nexgendecors.com\/es\/wp-json\/wp\/v2\/product_brand?post=167240"},{"taxonomy":"product_cat","embeddable":true,"href":"https:\/\/nexgendecors.com\/es\/wp-json\/wp\/v2\/product_cat?post=167240"},{"taxonomy":"product_tag","embeddable":true,"href":"https:\/\/nexgendecors.com\/es\/wp-json\/wp\/v2\/product_tag?post=167240"}],"curies":[{"name":"wp","href":"https:\/\/api.w.org\/{rel}","templated":true}]}}