{"id":167286,"date":"2025-02-23T10:34:41","date_gmt":"2025-02-23T10:34:41","guid":{"rendered":"https:\/\/nexgendecors.com\/en\/product\/hotel-special-toiletries-guest-room-hotel-disposable-toothbrush-homestay-hospitality-wholesale-soft-hair-set\/"},"modified":"2025-02-23T10:35:48","modified_gmt":"2025-02-23T10:35:48","slug":"articulos-de-tocador-especiales-para-hotel-habitacion-de-huespedes-cepillo-de-dientes-desechable-alojamiento-familiar-hospitalidad-venta-al-por-mayor-set-de-cuidado-del-cabello-suave","status":"publish","type":"product","link":"https:\/\/nexgendecors.com\/es\/product\/articulos-de-tocador-especiales-para-hotel-habitacion-de-huespedes-cepillo-de-dientes-desechable-alojamiento-familiar-hospitalidad-venta-al-por-mayor-set-de-cuidado-del-cabello-suave\/","title":{"rendered":"Art\u00edculos de tocador especiales para hotel, habitaci\u00f3n de hu\u00e9spedes, cepillo de dientes desechable, alojamiento familiar, hospitalidad, venta al por mayor, juego de cabello suave"},"content":{"rendered":"<p><b>marca<\/b>: ntoge<\/p>\n<p><b>Clientes objetivo<\/b>:adulto<\/p>\n<p><b>Importado o no<\/b>: No<\/p>\n<p><b>Duraci\u00f3n<\/b>:24 meses<\/p>\n<p><b>Material<\/b>:pl\u00e1stico<\/p>\n<p><b>pl\u00e1stico<\/b>:PU\/Poliuretano<\/p>\n<p><b>tama\u00f1o<\/b>: 1<\/p>\n<p><b>Peso bruto<\/b>: 1<\/p>\n<p><b>usar<\/b>: 1<\/p>\n<p><b>\u00bfEs degradable?<\/b>: No<\/p>\n<p><b>N\u00famero de pieza<\/b>: Cepillo de dientes desechable<\/p>\n<p><b>Impresi\u00f3n de LOGO<\/b>: Poder<\/p>\n<p><b>Personalizaci\u00f3n del procesamiento<\/b>: S\u00ed<\/p>\n<p><b>patr\u00f3n<\/b>: 1<\/p>\n<p><b>Cantidad por caja<\/b>: 1<\/p>\n<p><b>Gama de precios<\/b>: 1<\/p>\n<p><b>N\u00famero<\/b>: 1<\/p>\n<p><b>color<\/b>: Nuevo cepillo de dientes de cerdas suaves 3g Pasta de dientes Jinmei, pasta de dientes Jinmei de arroz de paja de pel\u00edcula suave, pasta de dientes Jinmei verde paja de pel\u00edcula suave, pasta de dientes Jinmei de estilo nacional de paja de pel\u00edcula suave, pasta de dientes 3g de arroz grueso de paja de pel\u00edcula suave, pasta de dientes 3g verde paja de pel\u00edcula suave, pasta de dientes 3g verde gruesa de paja de pel\u00edcula suave, pasta de dientes 3g de arroz de paja de pel\u00edcula suave macaron, pasta de dientes 3g, cepillo de dientes amarillo de cerdas suaves Pasta de dientes china, cepillo de dientes de dos colores Pasta de dientes Jinmei hogare\u00f1a, cepillo de dientes de jade hogare\u00f1o Pasta de dientes Qingchen, cepillo de dientes vac\u00edo con la parte posterior hogare\u00f1a Pasta de dientes Qingchen, pel\u00edcula suave Cepillo de dientes de cabeza peque\u00f1a de alta gama 3 gramos de pasta de dientes, cepillo de dientes color trigo paja Pasta de dientes Amei, cepillo de dientes blanco paja Pasta de dientes Amei, cepillo de dientes con la parte posterior vac\u00eda de color fino Jinmei sonrisas, cepillo de dientes Jinmei con la parte posterior vac\u00eda de dos colores de pel\u00edcula gruesa, cepillo de dientes con cabeza de serpiente blanca de pel\u00edcula gruesa de color Jinmei Pasta de dientes, cepillo de dientes de dos colores, pel\u00edcula fresca, pasta de dientes Jinmei, cepillo de dientes de dos colores con pel\u00edcula gruesa, 3 gramos de pasta de dientes, cepillo de dientes transparente con parte trasera vac\u00eda, pasta de dientes Xianyi, cepillo de dientes de dos colores, pel\u00edcula exquisita, pasta de dientes Jinmei, cepillo de dientes con parte trasera vac\u00eda, cepillo de dientes de dos colores sin pasta de dientes<\/p>\n<p><b>Ya sea una fuente dedicada de bienes para la exportaci\u00f3n transfronteriza<\/b>: No<\/p>\n<p><b>\u00bfExiste una patente?<\/b>: No<\/p>","protected":false},"excerpt":{"rendered":"<p>Marca: ntoge Clientes objetivo: adultos Importado o no: no Vida \u00fatil: 24 meses Material: pl\u00e1stico pl\u00e1stico: PU\/Poliuretano Tama\u00f1o: 1 Bruto<\/p>","protected":false},"featured_media":167285,"comment_status":"open","ping_status":"closed","template":"","meta":[],"product_brand":[],"product_cat":[30927,30939,30949],"product_tag":[],"class_list":{"0":"post-167286","1":"product","2":"type-product","3":"status-publish","4":"has-post-thumbnail","6":"product_cat-bath","7":"product_cat-hotel-soaps-amenities","8":"product_cat-hotel-supplies","10":"first","11":"instock","12":"taxable","13":"shipping-taxable","14":"purchasable","15":"product-type-variable"},"_links":{"self":[{"href":"https:\/\/nexgendecors.com\/es\/wp-json\/wp\/v2\/product\/167286","targetHints":{"allow":["GET"]}}],"collection":[{"href":"https:\/\/nexgendecors.com\/es\/wp-json\/wp\/v2\/product"}],"about":[{"href":"https:\/\/nexgendecors.com\/es\/wp-json\/wp\/v2\/types\/product"}],"replies":[{"embeddable":true,"href":"https:\/\/nexgendecors.com\/es\/wp-json\/wp\/v2\/comments?post=167286"}],"version-history":[{"count":0,"href":"https:\/\/nexgendecors.com\/es\/wp-json\/wp\/v2\/product\/167286\/revisions"}],"wp:featuredmedia":[{"embeddable":true,"href":"https:\/\/nexgendecors.com\/es\/wp-json\/wp\/v2\/media\/167285"}],"wp:attachment":[{"href":"https:\/\/nexgendecors.com\/es\/wp-json\/wp\/v2\/media?parent=167286"}],"wp:term":[{"taxonomy":"product_brand","embeddable":true,"href":"https:\/\/nexgendecors.com\/es\/wp-json\/wp\/v2\/product_brand?post=167286"},{"taxonomy":"product_cat","embeddable":true,"href":"https:\/\/nexgendecors.com\/es\/wp-json\/wp\/v2\/product_cat?post=167286"},{"taxonomy":"product_tag","embeddable":true,"href":"https:\/\/nexgendecors.com\/es\/wp-json\/wp\/v2\/product_tag?post=167286"}],"curies":[{"name":"wp","href":"https:\/\/api.w.org\/{rel}","templated":true}]}}