{"id":167913,"date":"2025-02-23T10:48:33","date_gmt":"2025-02-23T10:48:33","guid":{"rendered":"https:\/\/nexgendecors.com\/en\/product\/high-end-hotel-disposable-shampoo-shower-gel-500ml-hotel-bath-special-shampoo-large-bottle-family-pack\/"},"modified":"2025-04-06T10:02:16","modified_gmt":"2025-04-06T10:02:16","slug":"high-end-hotel-disposable-shampoo-shower-gel-500ml-hotel-bath-special-shampoo-large-bottle-family-pack","status":"publish","type":"product","link":"https:\/\/nexgendecors.com\/es\/product\/high-end-hotel-disposable-shampoo-shower-gel-500ml-hotel-bath-special-shampoo-large-bottle-family-pack\/","title":{"rendered":"Champ\u00fa desechable de alta gama para hotel, gel de ducha, 500 ml, champ\u00fa especial para ba\u00f1o de hotel, botella grande, paquete familiar"},"content":{"rendered":"<p><b>marca<\/b>: otro<\/p>\n<p><b>categor\u00eda<\/b>: Disposable bath set<\/p>\n<p><b>Importado o no<\/b>: No<\/p>\n<p><b>Duraci\u00f3n<\/b>:3 a\u00f1os<\/p>\n<p><b>tama\u00f1o<\/b>: Contact Customer Service<\/p>\n<p><b>Funci\u00f3n<\/b>: limpio<\/p>\n<p><b>espesor<\/b>: 0.03<\/p>\n<p><b>Clientes objetivo<\/b>:adulto<\/p>\n<p><b>patr\u00f3n<\/b>: custom made<\/p>\n<p><b>Material<\/b>: otro<\/p>\n<p><b>N\u00famero de pieza<\/b>: lwb-670582345487<\/p>\n<p><b>Impresi\u00f3n de LOGO<\/b>: Poder<\/p>\n<p><b>Personalizaci\u00f3n del procesamiento<\/b>: S\u00ed<\/p>\n<p><b>Origen dom\u00e9stico<\/b>: Provincia de Jiangsu<\/p>\n<p><b>Peso bruto<\/b>: 530k<\/p>\n<p><b>Cantidad por caja<\/b>: 25\u201450<\/p>\n<p><b>Gama de precios<\/b>: 4\u2014100<\/p>\n<p><b>N\u00famero<\/b>: 4<\/p>\n<p><b>color<\/b>: 500ml white tea shampoo, 500ml white tea shower gel, 500ml white tea conditioner, 500ml white tea lotion, 500ml white tea hand soap, 300ml white tea shampoo, 300ml white tea shower gel, 300ml white tea conditioner, 300ml white tea lotion, 300ml white tea hand soap, 500ml double-headed soap dispenser without bottle, 500ml three-headed soap dispenser without bottle, 300m double-headed soap dispenser without bottle, 300ml three-headed soap dispenser without bottle, white tea 5L large barrel shampoo, white tea 5L large barrel shower gel, white 5L large barrel of white tea conditioner, 5L large barrel of white tea lotion, 5L large barrel of white tea hand soap, 500mlcoco shampoo, 500mlcoco shower gel, 500mlcoco conditioner, 500mlcoco lotion, 500mlcoco hand soap, 300mlcoco shampoo, 300mlcoco shower gel, 300mlcoco conditioner, 300mlcoco lotion, 300mlcoco hand soap, coco5L large barrel of shampoo, coco5L large barrel of shower gel, coco5L large barrel of hair care ,coco5L big barrel hand soap,300ml bergamot shampoo,300ml bergamot shower gel,300ml bergamot conditioner,bergamot 5L big barrel shampoo,bergamot 5L big barrel shower gel,bergamot 5L big barrel conditioner,300ml green tea shampoo,300ml green tea shower gel,300ml green tea conditioner,green tea 5L big barrel shampoo,green tea 5L big barrel shower gel,green tea 5L big barrel conditioner,300ml argan oil shampoo,300ml argan oil shower gel,300ml argan oil conditioner,argan oil 5L big barrel shampoo,argan oil Glycerin 5L large barrel shower gel, Argan oil 5L large barrel conditioner, 400ml Twilight Yiyue shampoo, 400ml Twilight Yiyue shower gel, 400ml Twilight Yiyue conditioner, Twilight Yiyue 5L large barrel shampoo, Twilight Yiyue 5L large barrel shower gel, Twilight Yiyue 5L large barrel conditioner, Twilight Yiyue 5L large barrel body lotion, 400ml double-headed soap dispenser without bottle, 400ml three-headed soap dispenser without bottle, 300ml-Amber Sandalwood Shower Gel, 300ml-Amber Sandalwood Shampoo, 300ml-Amber Sandalwood Conditioner, 300ml-Amber Sandalwood Body Lotion<\/p>\n<p><b>Ya sea una fuente dedicada de bienes para la exportaci\u00f3n transfronteriza<\/b>: No<\/p>\n<p><b>\u00bfExiste una patente?<\/b>: No<\/p>\n<p><b>estilo<\/b>: Ethnic style<\/p>","protected":false},"excerpt":{"rendered":"<p>Marca: Otros Categor\u00eda: Set de ba\u00f1o desechable Importado o no: No Vida \u00fatil: 3 a\u00f1os Tama\u00f1o: Contactar con atenci\u00f3n al cliente Funci\u00f3n: Limpiar<\/p>","protected":false},"featured_media":167911,"comment_status":"open","ping_status":"closed","template":"","meta":[],"product_brand":[],"product_cat":[30927,30939,30949],"product_tag":[],"class_list":{"0":"post-167913","1":"product","2":"type-product","3":"status-publish","4":"has-post-thumbnail","6":"product_cat-bath","7":"product_cat-hotel-soaps-amenities","8":"product_cat-hotel-supplies","10":"first","11":"instock","12":"taxable","13":"shipping-taxable","14":"purchasable","15":"product-type-variable"},"_links":{"self":[{"href":"https:\/\/nexgendecors.com\/es\/wp-json\/wp\/v2\/product\/167913","targetHints":{"allow":["GET"]}}],"collection":[{"href":"https:\/\/nexgendecors.com\/es\/wp-json\/wp\/v2\/product"}],"about":[{"href":"https:\/\/nexgendecors.com\/es\/wp-json\/wp\/v2\/types\/product"}],"replies":[{"embeddable":true,"href":"https:\/\/nexgendecors.com\/es\/wp-json\/wp\/v2\/comments?post=167913"}],"version-history":[{"count":0,"href":"https:\/\/nexgendecors.com\/es\/wp-json\/wp\/v2\/product\/167913\/revisions"}],"wp:featuredmedia":[{"embeddable":true,"href":"https:\/\/nexgendecors.com\/es\/wp-json\/wp\/v2\/media\/167911"}],"wp:attachment":[{"href":"https:\/\/nexgendecors.com\/es\/wp-json\/wp\/v2\/media?parent=167913"}],"wp:term":[{"taxonomy":"product_brand","embeddable":true,"href":"https:\/\/nexgendecors.com\/es\/wp-json\/wp\/v2\/product_brand?post=167913"},{"taxonomy":"product_cat","embeddable":true,"href":"https:\/\/nexgendecors.com\/es\/wp-json\/wp\/v2\/product_cat?post=167913"},{"taxonomy":"product_tag","embeddable":true,"href":"https:\/\/nexgendecors.com\/es\/wp-json\/wp\/v2\/product_tag?post=167913"}],"curies":[{"name":"wp","href":"https:\/\/api.w.org\/{rel}","templated":true}]}}