{"id":168023,"date":"2025-02-23T10:49:10","date_gmt":"2025-02-23T10:49:10","guid":{"rendered":"https:\/\/nexgendecors.com\/en\/product\/16pcs-spiral-bath-towels-for-hotel-guest-rooms-and-beauty-salons-with-embroidered-logo\/"},"modified":"2025-02-23T10:49:17","modified_gmt":"2025-02-23T10:49:17","slug":"16pcs-spiral-bath-towels-for-hotel-guest-rooms-and-beauty-salons-with-embroidered-logo","status":"publish","type":"product","link":"https:\/\/nexgendecors.com\/es\/product\/16pcs-spiral-bath-towels-for-hotel-guest-rooms-and-beauty-salons-with-embroidered-logo\/","title":{"rendered":"16 toallas de ba\u00f1o en espiral para habitaciones de hotel y salones de belleza con logotipo bordado."},"content":{"rendered":"<p><b>marca<\/b>: A cloud for daily use<\/p>\n<p><b>N\u00famero de pieza<\/b>: 6600<\/p>\n<p><b>Material<\/b>: algod\u00f3n<\/p>\n<p><b>Yarn Technology<\/b>: Single yarn, combed yarn<\/p>\n<p><b>Yarn Specifications<\/b>: 16 pieces, 22294180612<\/p>\n<p><b>Production process<\/b>: Plain Weave<\/p>\n<p><b>Peso<\/b>: 600<\/p>\n<p><b>Personalizaci\u00f3n del procesamiento<\/b>: S\u00ed<\/p>\n<p><b>\u00bfEs compatible con el env\u00edo directo?<\/b>: apoyo<\/p>\n<p><b>Absorci\u00f3n de agua<\/b>: 0-5s<\/p>\n<p><b>Specifications length*width cm<\/b>: 500-650GSM can be customized<\/p>\n<p><b>Ya sea una fuente dedicada de bienes para la exportaci\u00f3n transfronteriza<\/b>: No<\/p>\n<p><b>Length*Width CM<\/b>: 70*140<\/p>\n<p><b>Main components<\/b>: algod\u00f3n<\/p>\n<p><b>Main component content<\/b>: 100<\/p>\n<p><b>Grupo objetivo<\/b>: General<\/p>","protected":false},"excerpt":{"rendered":"<p>Marca: Una nube para uso diario N\u00famero de pieza: 6600 Material: algod\u00f3n Tecnolog\u00eda del hilo: Hilo simple, hilo peinado Especificaciones del hilo: 16<\/p>","protected":false},"featured_media":168022,"comment_status":"open","ping_status":"closed","template":"","meta":[],"product_brand":[],"product_cat":[30927,30949,30937],"product_tag":[],"class_list":{"0":"post-168023","1":"product","2":"type-product","3":"status-publish","4":"has-post-thumbnail","6":"product_cat-bath","7":"product_cat-hotel-supplies","8":"product_cat-hotel-towels","10":"first","11":"instock","12":"taxable","13":"shipping-taxable","14":"purchasable","15":"product-type-variable"},"_links":{"self":[{"href":"https:\/\/nexgendecors.com\/es\/wp-json\/wp\/v2\/product\/168023","targetHints":{"allow":["GET"]}}],"collection":[{"href":"https:\/\/nexgendecors.com\/es\/wp-json\/wp\/v2\/product"}],"about":[{"href":"https:\/\/nexgendecors.com\/es\/wp-json\/wp\/v2\/types\/product"}],"replies":[{"embeddable":true,"href":"https:\/\/nexgendecors.com\/es\/wp-json\/wp\/v2\/comments?post=168023"}],"version-history":[{"count":0,"href":"https:\/\/nexgendecors.com\/es\/wp-json\/wp\/v2\/product\/168023\/revisions"}],"wp:featuredmedia":[{"embeddable":true,"href":"https:\/\/nexgendecors.com\/es\/wp-json\/wp\/v2\/media\/168022"}],"wp:attachment":[{"href":"https:\/\/nexgendecors.com\/es\/wp-json\/wp\/v2\/media?parent=168023"}],"wp:term":[{"taxonomy":"product_brand","embeddable":true,"href":"https:\/\/nexgendecors.com\/es\/wp-json\/wp\/v2\/product_brand?post=168023"},{"taxonomy":"product_cat","embeddable":true,"href":"https:\/\/nexgendecors.com\/es\/wp-json\/wp\/v2\/product_cat?post=168023"},{"taxonomy":"product_tag","embeddable":true,"href":"https:\/\/nexgendecors.com\/es\/wp-json\/wp\/v2\/product_tag?post=168023"}],"curies":[{"name":"wp","href":"https:\/\/api.w.org\/{rel}","templated":true}]}}