{"id":168147,"date":"2025-02-23T11:35:25","date_gmt":"2025-02-23T11:35:25","guid":{"rendered":"https:\/\/nexgendecors.com\/en\/product\/xique-hotel-bed-and-breakfast-mattress-latex-household-natural-jute-independent-spring-mattress-simmons-factory-wholesale\/"},"modified":"2025-04-06T10:02:25","modified_gmt":"2025-04-06T10:02:25","slug":"xique-hotel-bed-and-breakfast-mattress-latex-household-natural-jute-independent-spring-mattress-simmons-factory-wholesale","status":"publish","type":"product","link":"https:\/\/nexgendecors.com\/es\/product\/xique-hotel-bed-and-breakfast-mattress-latex-household-natural-jute-independent-spring-mattress-simmons-factory-wholesale\/","title":{"rendered":"Colch\u00f3n de l\u00e1tex de yute natural para hotel Xique, alojamiento y desayuno, colch\u00f3n independiente con resortes, f\u00e1brica Simmons, venta al por mayor"},"content":{"rendered":"<p><b>Grosor del colch\u00f3n<\/b>: 20cm<\/p>\n<p><b>N\u00famero de pieza<\/b>: Cashmere mattress<\/p>\n<p><b>peso<\/b>:50 kilos<\/p>\n<p><b>marca<\/b>:Xique<\/p>\n<p><b>color<\/b>: A is moderately soft and hard [20cm], B is relatively hard to protect the spine [22cm], C is comfortable and soft [22cm], D is moderately hard [24cm], E is moderately soft and hard [20cm], F is relatively soft and comfortable [22cm], G is both soft and hard [24cm], H is a compression roll [20cm], L is super soft for sleeping [23cm]<\/p>\n<p><b>Material<\/b>: primavera<\/p>\n<p><b>volumen<\/b>: 0.8\u00b3<\/p>\n<p><b>Grupo objetivo<\/b>:adulto<\/p>\n<p><b>\u00bfEs personalizable?<\/b>: S\u00ed<\/p>\n<p><b>primavera<\/b>: Resorte embolsado<\/p>\n<p><b>espacio<\/b>: dormitorio<\/p>\n<p><b>Ya sea para entregar a su puerta<\/b>:Entrega e instalaci\u00f3n<\/p>\n<p><b>\u00bfSe proporciona servicio de instalaci\u00f3n?<\/b>: S\u00ed<\/p>\n<p><b>\u00bfEs un contribuyente general?<\/b>: No<\/p>\n<p><b>\u00bfExiste una patente?<\/b>: No<\/p>\n<p><b>Clientes objetivo<\/b>: Ni\u00f1os, adultos, ancianos<\/p>\n<p><b>Funci\u00f3n<\/b>: otro<\/p>\n<p><b>\u00bfExiste un modelo 3D?<\/b>: S\u00ed<\/p>\n<p><b>Espesor del l\u00e1tex<\/b>:2 cm<\/p>\n<p><b>Tipo de resorte<\/b>: Resorte embolsado<\/p>\n<p><b>Firmeza del colch\u00f3n<\/b>: Suave<\/p>\n<p><b>Clasificaci\u00f3n de tejidos<\/b>: Tejidos de punto<\/p>\n<p><b>Especificaci\u00f3n<\/b>: 1200mm*1900mm, 1200mm*2000mm, 1500mm*1900mm, 1500mm*2000mm, 1800mm*2000mm<\/p>","protected":false},"excerpt":{"rendered":"<p>Grosor del colch\u00f3n: 20 cm N\u00famero de pieza: Colch\u00f3n de cachemira Peso: 50 kg Marca: Xique Color: A es moderadamente suave y duro [20 cm], B ...<\/p>","protected":false},"featured_media":168146,"comment_status":"open","ping_status":"closed","template":"","meta":[],"product_brand":[],"product_cat":[30926,30951],"product_tag":[],"class_list":{"0":"post-168147","1":"product","2":"type-product","3":"status-publish","4":"has-post-thumbnail","6":"product_cat-bedding","7":"product_cat-hotel-bedding","9":"first","10":"instock","11":"taxable","12":"shipping-taxable","13":"purchasable","14":"product-type-variable"},"_links":{"self":[{"href":"https:\/\/nexgendecors.com\/es\/wp-json\/wp\/v2\/product\/168147","targetHints":{"allow":["GET"]}}],"collection":[{"href":"https:\/\/nexgendecors.com\/es\/wp-json\/wp\/v2\/product"}],"about":[{"href":"https:\/\/nexgendecors.com\/es\/wp-json\/wp\/v2\/types\/product"}],"replies":[{"embeddable":true,"href":"https:\/\/nexgendecors.com\/es\/wp-json\/wp\/v2\/comments?post=168147"}],"version-history":[{"count":0,"href":"https:\/\/nexgendecors.com\/es\/wp-json\/wp\/v2\/product\/168147\/revisions"}],"wp:featuredmedia":[{"embeddable":true,"href":"https:\/\/nexgendecors.com\/es\/wp-json\/wp\/v2\/media\/168146"}],"wp:attachment":[{"href":"https:\/\/nexgendecors.com\/es\/wp-json\/wp\/v2\/media?parent=168147"}],"wp:term":[{"taxonomy":"product_brand","embeddable":true,"href":"https:\/\/nexgendecors.com\/es\/wp-json\/wp\/v2\/product_brand?post=168147"},{"taxonomy":"product_cat","embeddable":true,"href":"https:\/\/nexgendecors.com\/es\/wp-json\/wp\/v2\/product_cat?post=168147"},{"taxonomy":"product_tag","embeddable":true,"href":"https:\/\/nexgendecors.com\/es\/wp-json\/wp\/v2\/product_tag?post=168147"}],"curies":[{"name":"wp","href":"https:\/\/api.w.org\/{rel}","templated":true}]}}