{"id":168203,"date":"2025-02-23T11:35:50","date_gmt":"2025-02-23T11:35:50","guid":{"rendered":"https:\/\/nexgendecors.com\/en\/product\/hilton-five-star-hotel-mattress-simmons-spring-natural-latex-mattress-coconut-palm-tatami-soft-and-hard\/"},"modified":"2025-02-23T11:36:01","modified_gmt":"2025-02-23T11:36:01","slug":"colchon-de-hotel-hilton-five-star-colchon-simmons-spring-de-latex-natural-tatami-de-palma-de-coco-suave-y-duro","status":"publish","type":"product","link":"https:\/\/nexgendecors.com\/es\/product\/colchon-de-hotel-hilton-five-star-colchon-simmons-spring-de-latex-natural-tatami-de-palma-de-coco-suave-y-duro\/","title":{"rendered":"Colch\u00f3n de hotel de cinco estrellas Hilton, colch\u00f3n Simmons Spring de l\u00e1tex natural, tatami de palma de coco, suave y duro."},"content":{"rendered":"<p><b>Grosor del colch\u00f3n<\/b>:30 cm<\/p>\n<p><b>N\u00famero de pieza<\/b>Colch\u00f3n Hilton<\/p>\n<p><b>color<\/b>:Hotel de tipo estrella A, hotel de tipo estrella C<\/p>\n<p><b>Material<\/b>:Palma de coco<\/p>\n<p><b>Grupo objetivo<\/b>:adulto<\/p>\n<p><b>\u00bfEs personalizable?<\/b>: S\u00ed<\/p>\n<p><b>\u00bfTiene funci\u00f3n asistencial?<\/b>: No<\/p>\n<p><b>Ya sea una fuente dedicada de bienes para la exportaci\u00f3n transfronteriza<\/b>: S\u00ed<\/p>\n<p><b>Principales \u00e1reas de venta<\/b>:Europa, Am\u00e9rica del Norte, Oriente Medio<\/p>\n<p><b>Principales plataformas downstream<\/b>:Amazon, AliExpress<\/p>\n<p><b>primavera<\/b>: Resorte embolsado<\/p>\n<p><b>espacio<\/b>: dormitorio<\/p>\n<p><b>Ya sea para entregar a su puerta<\/b>:Entrega a domicilio<\/p>\n<p><b>\u00bfSe proporciona servicio de instalaci\u00f3n?<\/b>: No<\/p>\n<p><b>\u00bfEs un contribuyente general?<\/b>: No<\/p>\n<p><b>\u00bfExiste una patente?<\/b>: No<\/p>\n<p><b>Clientes objetivo<\/b>: Ni\u00f1os, adultos, ancianos<\/p>\n<p><b>Funci\u00f3n<\/b>: otro<\/p>\n<p><b>\u00bfExiste un modelo 3D?<\/b>: No<\/p>\n<p><b>Espesor del l\u00e1tex<\/b>:2 cm<\/p>\n<p><b>Tipo de resorte<\/b>: Resorte embolsado<\/p>\n<p><b>Firmeza del colch\u00f3n<\/b>: Suave<\/p>\n<p><b>Clasificaci\u00f3n de tejidos<\/b>: Tejidos de punto<\/p>\n<p><b>Especificaci\u00f3n<\/b>: 900*1900,900*2000,1200*1900,1200*2000,1500*1900,1500*2000,1800*2000<\/p>","protected":false},"excerpt":{"rendered":"<p>Grosor del colch\u00f3n: 30 cm N\u00famero de pieza: Hilton Color del colch\u00f3n: Hotel estrella tipo A, Hotel estrella tipo C Material: Palma de coco Objetivo<\/p>","protected":false},"featured_media":168202,"comment_status":"open","ping_status":"closed","template":"","meta":[],"product_brand":[],"product_cat":[30926,30951],"product_tag":[],"class_list":{"0":"post-168203","1":"product","2":"type-product","3":"status-publish","4":"has-post-thumbnail","6":"product_cat-bedding","7":"product_cat-hotel-bedding","9":"first","10":"instock","11":"taxable","12":"shipping-taxable","13":"purchasable","14":"product-type-variable"},"_links":{"self":[{"href":"https:\/\/nexgendecors.com\/es\/wp-json\/wp\/v2\/product\/168203","targetHints":{"allow":["GET"]}}],"collection":[{"href":"https:\/\/nexgendecors.com\/es\/wp-json\/wp\/v2\/product"}],"about":[{"href":"https:\/\/nexgendecors.com\/es\/wp-json\/wp\/v2\/types\/product"}],"replies":[{"embeddable":true,"href":"https:\/\/nexgendecors.com\/es\/wp-json\/wp\/v2\/comments?post=168203"}],"version-history":[{"count":0,"href":"https:\/\/nexgendecors.com\/es\/wp-json\/wp\/v2\/product\/168203\/revisions"}],"wp:featuredmedia":[{"embeddable":true,"href":"https:\/\/nexgendecors.com\/es\/wp-json\/wp\/v2\/media\/168202"}],"wp:attachment":[{"href":"https:\/\/nexgendecors.com\/es\/wp-json\/wp\/v2\/media?parent=168203"}],"wp:term":[{"taxonomy":"product_brand","embeddable":true,"href":"https:\/\/nexgendecors.com\/es\/wp-json\/wp\/v2\/product_brand?post=168203"},{"taxonomy":"product_cat","embeddable":true,"href":"https:\/\/nexgendecors.com\/es\/wp-json\/wp\/v2\/product_cat?post=168203"},{"taxonomy":"product_tag","embeddable":true,"href":"https:\/\/nexgendecors.com\/es\/wp-json\/wp\/v2\/product_tag?post=168203"}],"curies":[{"name":"wp","href":"https:\/\/api.w.org\/{rel}","templated":true}]}}