{"id":168229,"date":"2025-02-23T11:36:23","date_gmt":"2025-02-23T11:36:23","guid":{"rendered":"https:\/\/nexgendecors.com\/en\/product\/foshan-mattress-simmons-independent-spring-mattress-home-compression-roll-pack-latex-mattress-five-star-hotel-mattress\/"},"modified":"2025-04-06T10:02:28","modified_gmt":"2025-04-06T10:02:28","slug":"colchon-foshan-simmons-colchon-de-resortes-independiente-paquete-de-compresion-para-el-hogar-colchon-de-latex-colchon-de-hotel-de-cinco-estrellas","status":"publish","type":"product","link":"https:\/\/nexgendecors.com\/es\/product\/colchon-foshan-simmons-colchon-de-resortes-independiente-paquete-de-compresion-para-el-hogar-colchon-de-latex-colchon-de-hotel-de-cinco-estrellas\/","title":{"rendered":"Colch\u00f3n Foshan Simmons, colch\u00f3n de resortes independiente, paquete de rollo de compresi\u00f3n para el hogar, colch\u00f3n de l\u00e1tex, colch\u00f3n de hotel de cinco estrellas"},"content":{"rendered":"<p><b>tipo<\/b>: Colch\u00f3n de muelles<\/p>\n<p><b>marca<\/b>:Xique<\/p>\n<p><b>Material<\/b>: primavera<\/p>\n<p><b>N\u00famero de pieza<\/b>:a06<\/p>\n<p><b>Grosor del colch\u00f3n<\/b>: 25<\/p>\n<p><b>color<\/b>: Hotel econ\u00f3mico tipo b\u00e1sico, hotel conveniente del mismo tipo, hotel de estrellas del mismo tipo, hotel de cinco estrellas del mismo tipo<\/p>\n<p><b>Especificaci\u00f3n<\/b>: 1200 mm x 2000 mm, 1500 mm x 2000 mm, 1800 mm x 2000 mm<\/p>\n<p><b>espacio<\/b>:Lugares comerciales<\/p>\n<p><b>Ya sea para entregar a su puerta<\/b>:Entrega a domicilio<\/p>\n<p><b>\u00bfSe proporciona servicio de instalaci\u00f3n?<\/b>: No<\/p>\n<p><b>\u00bfEs un contribuyente general?<\/b>: S\u00ed<\/p>\n<p><b>\u00bfExiste una patente?<\/b>: No<\/p>\n<p><b>Funci\u00f3n<\/b>: otro<\/p>\n<p><b>Clientes objetivo<\/b>: Ni\u00f1os, beb\u00e9s, adultos, ancianos.<\/p>\n<p><b>\u00bfExiste un modelo 3D?<\/b>: S\u00ed<\/p>","protected":false},"excerpt":{"rendered":"<p>Tipo: Colch\u00f3n de muelles Marca: Xique Material: muelles N\u00famero de pieza: a06 Grosor del colch\u00f3n: 25 Color: Hotel econ\u00f3mico tipo b\u00e1sico, hotel conveniente<\/p>","protected":false},"featured_media":168228,"comment_status":"open","ping_status":"closed","template":"","meta":[],"product_brand":[],"product_cat":[30926,30951],"product_tag":[],"class_list":{"0":"post-168229","1":"product","2":"type-product","3":"status-publish","4":"has-post-thumbnail","6":"product_cat-bedding","7":"product_cat-hotel-bedding","9":"first","10":"instock","11":"taxable","12":"shipping-taxable","13":"purchasable","14":"product-type-variable"},"_links":{"self":[{"href":"https:\/\/nexgendecors.com\/es\/wp-json\/wp\/v2\/product\/168229","targetHints":{"allow":["GET"]}}],"collection":[{"href":"https:\/\/nexgendecors.com\/es\/wp-json\/wp\/v2\/product"}],"about":[{"href":"https:\/\/nexgendecors.com\/es\/wp-json\/wp\/v2\/types\/product"}],"replies":[{"embeddable":true,"href":"https:\/\/nexgendecors.com\/es\/wp-json\/wp\/v2\/comments?post=168229"}],"version-history":[{"count":0,"href":"https:\/\/nexgendecors.com\/es\/wp-json\/wp\/v2\/product\/168229\/revisions"}],"wp:featuredmedia":[{"embeddable":true,"href":"https:\/\/nexgendecors.com\/es\/wp-json\/wp\/v2\/media\/168228"}],"wp:attachment":[{"href":"https:\/\/nexgendecors.com\/es\/wp-json\/wp\/v2\/media?parent=168229"}],"wp:term":[{"taxonomy":"product_brand","embeddable":true,"href":"https:\/\/nexgendecors.com\/es\/wp-json\/wp\/v2\/product_brand?post=168229"},{"taxonomy":"product_cat","embeddable":true,"href":"https:\/\/nexgendecors.com\/es\/wp-json\/wp\/v2\/product_cat?post=168229"},{"taxonomy":"product_tag","embeddable":true,"href":"https:\/\/nexgendecors.com\/es\/wp-json\/wp\/v2\/product_tag?post=168229"}],"curies":[{"name":"wp","href":"https:\/\/api.w.org\/{rel}","templated":true}]}}