{"id":168251,"date":"2025-02-23T11:36:54","date_gmt":"2025-02-23T11:36:54","guid":{"rendered":"https:\/\/nexgendecors.com\/en\/product\/five-star-hotel-mattress-independent-bag-latex-spring-home-3e-environmentally-friendly-brown-memory-foam-skin-friendly-simmons-mattress\/"},"modified":"2025-04-06T10:02:32","modified_gmt":"2025-04-06T10:02:32","slug":"colchon-de-hotel-de-cinco-estrellas-independiente-con-bolsa-de-latex-y-resortes-para-el-hogar-3e-ecologico-de-espuma-viscoelastica-marron-respetuoso-con-la-piel-colchon-simmons","status":"publish","type":"product","link":"https:\/\/nexgendecors.com\/es\/product\/colchon-de-hotel-de-cinco-estrellas-independiente-con-bolsa-de-latex-y-resortes-para-el-hogar-3e-ecologico-de-espuma-viscoelastica-marron-respetuoso-con-la-piel-colchon-simmons\/","title":{"rendered":"Colch\u00f3n de hotel de cinco estrellas, bolsa independiente, resorte de l\u00e1tex, hogar 3E, ecol\u00f3gico, marr\u00f3n, espuma viscoel\u00e1stica, colch\u00f3n Simmons agradable para la piel"},"content":{"rendered":"<p><b>Grosor del colch\u00f3n<\/b>:22-25 cm<\/p>\n<p><b>N\u00famero de pieza<\/b>:F16<\/p>\n<p><b>peso<\/b>:50 kilos<\/p>\n<p><b>marca<\/b>: Caballo mojado<\/p>\n<p><b>color<\/b>: Bolsa independiente\/de doble prop\u00f3sito suave y dura de 25 cm + l\u00e1tex natural + marr\u00f3n ecol\u00f3gico, bolsa independiente\/un poco m\u00e1s suave de 24 cm + l\u00e1tex natural, bolsa independiente\/protecci\u00f3n moderada de la columna de 23 cm + marr\u00f3n ecol\u00f3gico, bolsa independiente\/dureza y suavidad moderadas de 22 cm + algod\u00f3n ecol\u00f3gico<\/p>\n<p><b>Material<\/b>: primavera<\/p>\n<p><b>volumen<\/b>: 0.8<\/p>\n<p><b>Grupo objetivo<\/b>:adulto<\/p>\n<p><b>\u00bfEs personalizable?<\/b>: S\u00ed<\/p>\n<p><b>\u00bfTiene funci\u00f3n asistencial?<\/b>: No<\/p>\n<p><b>Ya sea una fuente dedicada de bienes para la exportaci\u00f3n transfronteriza<\/b>: No<\/p>\n<p><b>Principales \u00e1reas de venta<\/b>:Europa, Sudam\u00e9rica, Sudeste Asi\u00e1tico, Norteam\u00e9rica, Noreste Asi\u00e1tico, Oriente Medio, Otros<\/p>\n<p><b>Principales plataformas downstream<\/b>: otro<\/p>\n<p><b>Tener una marca privada con licencia<\/b>: No<\/p>\n<p><b>primavera<\/b>: Resorte embolsado<\/p>\n<p><b>espacio<\/b>: dormitorio<\/p>\n<p><b>Ya sea para entregar a su puerta<\/b>:Entrega e instalaci\u00f3n<\/p>\n<p><b>\u00bfSe proporciona servicio de instalaci\u00f3n?<\/b>: S\u00ed<\/p>\n<p><b>\u00bfEs un contribuyente general?<\/b>: S\u00ed<\/p>\n<p><b>\u00bfExiste una patente?<\/b>: No<\/p>\n<p><b>Clientes objetivo<\/b>: Ni\u00f1os, beb\u00e9s, adultos, ancianos.<\/p>\n<p><b>Funci\u00f3n<\/b>: otro<\/p>\n<p><b>\u00bfExiste un modelo 3D?<\/b>: No<\/p>\n<p><b>Espesor del l\u00e1tex<\/b>:2 cm<\/p>\n<p><b>Tipo de resorte<\/b>: Resorte embolsado<\/p>\n<p><b>Firmeza del colch\u00f3n<\/b>:Dureza y suavidad moderadas<\/p>\n<p><b>Clasificaci\u00f3n de tejidos<\/b>: Tejidos de punto<\/p>\n<p><b>Especificaci\u00f3n<\/b>: 1,8\u00d72 metros, 1,8\u00d71,9 metros, 1,5\u00d72 metros, 1,5\u00d71,9 metros, 1,35\u00d72 metros, 1,35\u00d71,9 metros, 1,2\u00d72 metros, 1,2\u00d71,9 metros, 0,9\u00d71,9 metros<\/p>","protected":false},"excerpt":{"rendered":"<p>Grosor del colch\u00f3n: 22-25 cm N\u00famero de pieza: F16 Peso: 50 kg Marca: Wetterhorse Color: 25 cm Suave y duro Bolsa de doble prop\u00f3sito\/independiente + l\u00e1tex natural<\/p>","protected":false},"featured_media":168250,"comment_status":"open","ping_status":"closed","template":"","meta":[],"product_brand":[],"product_cat":[30926,30951],"product_tag":[],"class_list":{"0":"post-168251","1":"product","2":"type-product","3":"status-publish","4":"has-post-thumbnail","6":"product_cat-bedding","7":"product_cat-hotel-bedding","9":"first","10":"instock","11":"taxable","12":"shipping-taxable","13":"purchasable","14":"product-type-variable"},"_links":{"self":[{"href":"https:\/\/nexgendecors.com\/es\/wp-json\/wp\/v2\/product\/168251","targetHints":{"allow":["GET"]}}],"collection":[{"href":"https:\/\/nexgendecors.com\/es\/wp-json\/wp\/v2\/product"}],"about":[{"href":"https:\/\/nexgendecors.com\/es\/wp-json\/wp\/v2\/types\/product"}],"replies":[{"embeddable":true,"href":"https:\/\/nexgendecors.com\/es\/wp-json\/wp\/v2\/comments?post=168251"}],"version-history":[{"count":0,"href":"https:\/\/nexgendecors.com\/es\/wp-json\/wp\/v2\/product\/168251\/revisions"}],"wp:featuredmedia":[{"embeddable":true,"href":"https:\/\/nexgendecors.com\/es\/wp-json\/wp\/v2\/media\/168250"}],"wp:attachment":[{"href":"https:\/\/nexgendecors.com\/es\/wp-json\/wp\/v2\/media?parent=168251"}],"wp:term":[{"taxonomy":"product_brand","embeddable":true,"href":"https:\/\/nexgendecors.com\/es\/wp-json\/wp\/v2\/product_brand?post=168251"},{"taxonomy":"product_cat","embeddable":true,"href":"https:\/\/nexgendecors.com\/es\/wp-json\/wp\/v2\/product_cat?post=168251"},{"taxonomy":"product_tag","embeddable":true,"href":"https:\/\/nexgendecors.com\/es\/wp-json\/wp\/v2\/product_tag?post=168251"}],"curies":[{"name":"wp","href":"https:\/\/api.w.org\/{rel}","templated":true}]}}