{"id":168364,"date":"2025-02-23T11:37:48","date_gmt":"2025-02-23T11:37:48","guid":{"rendered":"https:\/\/nexgendecors.com\/en\/product\/hippocampus-latex-high-end-mattress-soft-and-hard-dual-purpose-memory-foam-household-cushion-environmentally-friendly-independent-spring-mattress-manufacturer\/"},"modified":"2025-03-31T17:25:53","modified_gmt":"2025-03-31T17:25:53","slug":"hippocampus-latex-high-end-mattress-soft-and-hard-dual-purpose-memory-foam-household-cushion-environmentally-friendly-independent-spring-mattress-manufacturer","status":"publish","type":"product","link":"https:\/\/nexgendecors.com\/es\/product\/hippocampus-latex-high-end-mattress-soft-and-hard-dual-purpose-memory-foam-household-cushion-environmentally-friendly-independent-spring-mattress-manufacturer\/","title":{"rendered":"Colch\u00f3n de l\u00e1tex Hippocampus de alta gama, suave y duro, de espuma viscoel\u00e1stica de doble prop\u00f3sito, coj\u00edn para el hogar, ecol\u00f3gico, fabricante independiente de colchones con resortes."},"content":{"rendered":"<p><b>tipo<\/b>: Latex mattress<\/p>\n<p><b>marca<\/b>: Caballo mojado<\/p>\n<p><b>Material<\/b>: emulsion<\/p>\n<p><b>N\u00famero de pieza<\/b>: SC-0012<\/p>\n<p><b>Grosor del colch\u00f3n<\/b>: 258mm<\/p>\n<p><b>\u00bfEs personalizable?<\/b>: S\u00ed<\/p>\n<p><b>\u00bfTiene funci\u00f3n asistencial?<\/b>: S\u00ed<\/p>\n<p><b>Grupo objetivo<\/b>:adulto<\/p>\n<p><b>color<\/b>: Thickness 25.8cm, Thickness 23.8cm, Thickness 22cm<\/p>\n<p><b>Especificaci\u00f3n<\/b>: 1.35*2 meters, 1.5*1.9 meters, 1.5*2 meters, 1.8*2 meters<\/p>\n<p><b>volumen<\/b>: 0.86m\u00b3<\/p>\n<p><b>peso<\/b>: 39kg<\/p>\n<p><b>Ya sea una fuente dedicada de bienes para la exportaci\u00f3n transfronteriza<\/b>: No<\/p>\n<p><b>estilo<\/b>:Moderno y sencillo<\/p>\n<p><b>espacio<\/b>: dormitorio<\/p>\n<p><b>Ya sea para entregar a su puerta<\/b>: Delivery to pick-up point<\/p>\n<p><b>\u00bfSe proporciona servicio de instalaci\u00f3n?<\/b>: No<\/p>\n<p><b>\u00bfEs un contribuyente general?<\/b>: S\u00ed<\/p>\n<p><b>\u00bfExiste una patente?<\/b>: No<\/p>\n<p><b>N\u00famero de patente<\/b>: 0666590<\/p>\n<p><b>Funci\u00f3n<\/b>: Disassembly<\/p>\n<p><b>Clientes objetivo<\/b>:adulto<\/p>\n<p><b>\u00bfExiste un modelo 3D?<\/b>: No<\/p>","protected":false},"excerpt":{"rendered":"<p>Tipo: Colch\u00f3n de l\u00e1tex Marca: Wetterhorse Material: emulsi\u00f3n N\u00famero de pieza: SC-0012 Grosor del colch\u00f3n: 258 mm \u00bfEs personalizable?: s\u00ed Tiene<\/p>","protected":false},"featured_media":168363,"comment_status":"open","ping_status":"closed","template":"","meta":[],"product_brand":[],"product_cat":[30926,30951],"product_tag":[],"class_list":{"0":"post-168364","1":"product","2":"type-product","3":"status-publish","4":"has-post-thumbnail","6":"product_cat-bedding","7":"product_cat-hotel-bedding","9":"first","10":"instock","11":"taxable","12":"shipping-taxable","13":"purchasable","14":"product-type-variable"},"_links":{"self":[{"href":"https:\/\/nexgendecors.com\/es\/wp-json\/wp\/v2\/product\/168364","targetHints":{"allow":["GET"]}}],"collection":[{"href":"https:\/\/nexgendecors.com\/es\/wp-json\/wp\/v2\/product"}],"about":[{"href":"https:\/\/nexgendecors.com\/es\/wp-json\/wp\/v2\/types\/product"}],"replies":[{"embeddable":true,"href":"https:\/\/nexgendecors.com\/es\/wp-json\/wp\/v2\/comments?post=168364"}],"version-history":[{"count":0,"href":"https:\/\/nexgendecors.com\/es\/wp-json\/wp\/v2\/product\/168364\/revisions"}],"wp:featuredmedia":[{"embeddable":true,"href":"https:\/\/nexgendecors.com\/es\/wp-json\/wp\/v2\/media\/168363"}],"wp:attachment":[{"href":"https:\/\/nexgendecors.com\/es\/wp-json\/wp\/v2\/media?parent=168364"}],"wp:term":[{"taxonomy":"product_brand","embeddable":true,"href":"https:\/\/nexgendecors.com\/es\/wp-json\/wp\/v2\/product_brand?post=168364"},{"taxonomy":"product_cat","embeddable":true,"href":"https:\/\/nexgendecors.com\/es\/wp-json\/wp\/v2\/product_cat?post=168364"},{"taxonomy":"product_tag","embeddable":true,"href":"https:\/\/nexgendecors.com\/es\/wp-json\/wp\/v2\/product_tag?post=168364"}],"curies":[{"name":"wp","href":"https:\/\/api.w.org\/{rel}","templated":true}]}}