{"id":168397,"date":"2025-02-23T11:39:34","date_gmt":"2025-02-23T11:39:34","guid":{"rendered":"https:\/\/nexgendecors.com\/en\/product\/manufacturers-quilt-core-hilton-five-star-hotel-special-quilt-core-pure-cotton-single-double-thick-warm-quilt\/"},"modified":"2025-04-06T10:02:40","modified_gmt":"2025-04-06T10:02:40","slug":"manufacturers-quilt-core-hilton-five-star-hotel-special-quilt-core-pure-cotton-single-double-thick-warm-quilt","status":"publish","type":"product","link":"https:\/\/nexgendecors.com\/es\/product\/manufacturers-quilt-core-hilton-five-star-hotel-special-quilt-core-pure-cotton-single-double-thick-warm-quilt\/","title":{"rendered":"N\u00facleo de edred\u00f3n del fabricante Hilton, n\u00facleo de edred\u00f3n especial para hotel de cinco estrellas, edred\u00f3n c\u00e1lido de algod\u00f3n puro individual y doble de grosor."},"content":{"rendered":"<p><b>marca<\/b>: BLACK FRIDAY<\/p>\n<p><b>N\u00famero de pieza<\/b>: G072 five-star quilt core<\/p>\n<p><b>Peso de la colcha<\/b>: 5 catties not included &#8211; 6 catties included<\/p>\n<p><b>Personalizaci\u00f3n del procesamiento<\/b>: S\u00ed<\/p>\n<p><b>Proceso de tejido<\/b>: Quilting<\/p>\n<p><b>Temporada aplicable<\/b>: Cuatro estaciones<\/p>\n<p><b>Material de la tela<\/b>: Algod\u00f3n<\/p>\n<p><b>color<\/b>: White 300-500g\/m2 Summer Cool Style, White 400-500g\/m2 Four Seasons Style, White 600g\/m2 Winter Style<\/p>\n<p><b>Dimensiones<\/b>: Applicable to 1m bed 145*200CM, Applicable to 1.2m bed 160*220CM, Applicable to 1.35m bed 180*220CM, Applicable to 1.5m bed 190*220CM, Applicable to 1.8m bed 220*220, Applicable to 1.8m bed 200*230, Applicable to 2m bed 240*220CM<\/p>\n<p><b>Relleno<\/b>:Fibra ordinaria<\/p>\n<p><b>\u00bfEs un contribuyente general?<\/b>: No<\/p>","protected":false},"excerpt":{"rendered":"<p>Marca: BLACK FRIDAY N\u00famero de pieza: n\u00facleo de edred\u00f3n de cinco estrellas G072 Peso del edred\u00f3n: 5 catties no incluidos \u2013 6 catties incluidos Procesamiento<\/p>","protected":false},"featured_media":168396,"comment_status":"open","ping_status":"closed","template":"","meta":[],"product_brand":[],"product_cat":[30951,30952],"product_tag":[],"class_list":{"0":"post-168397","1":"product","2":"type-product","3":"status-publish","4":"has-post-thumbnail","6":"product_cat-hotel-bedding","7":"product_cat-hotel-blanket-cover","9":"first","10":"instock","11":"taxable","12":"shipping-taxable","13":"purchasable","14":"product-type-variable"},"_links":{"self":[{"href":"https:\/\/nexgendecors.com\/es\/wp-json\/wp\/v2\/product\/168397","targetHints":{"allow":["GET"]}}],"collection":[{"href":"https:\/\/nexgendecors.com\/es\/wp-json\/wp\/v2\/product"}],"about":[{"href":"https:\/\/nexgendecors.com\/es\/wp-json\/wp\/v2\/types\/product"}],"replies":[{"embeddable":true,"href":"https:\/\/nexgendecors.com\/es\/wp-json\/wp\/v2\/comments?post=168397"}],"version-history":[{"count":0,"href":"https:\/\/nexgendecors.com\/es\/wp-json\/wp\/v2\/product\/168397\/revisions"}],"wp:featuredmedia":[{"embeddable":true,"href":"https:\/\/nexgendecors.com\/es\/wp-json\/wp\/v2\/media\/168396"}],"wp:attachment":[{"href":"https:\/\/nexgendecors.com\/es\/wp-json\/wp\/v2\/media?parent=168397"}],"wp:term":[{"taxonomy":"product_brand","embeddable":true,"href":"https:\/\/nexgendecors.com\/es\/wp-json\/wp\/v2\/product_brand?post=168397"},{"taxonomy":"product_cat","embeddable":true,"href":"https:\/\/nexgendecors.com\/es\/wp-json\/wp\/v2\/product_cat?post=168397"},{"taxonomy":"product_tag","embeddable":true,"href":"https:\/\/nexgendecors.com\/es\/wp-json\/wp\/v2\/product_tag?post=168397"}],"curies":[{"name":"wp","href":"https:\/\/api.w.org\/{rel}","templated":true}]}}