{"id":168467,"date":"2025-02-23T13:56:28","date_gmt":"2025-02-23T13:56:28","guid":{"rendered":"https:\/\/nexgendecors.com\/en\/product\/four-seasons-quilt-core-high-end-micro-business-supply-wholesale-spot-star-hotel-spring-and-autumn-winter-quilt-core\/"},"modified":"2025-04-06T10:02:44","modified_gmt":"2025-04-06T10:02:44","slug":"four-seasons-quilt-core-high-end-micro-business-supply-wholesale-spot-star-hotel-spring-and-autumn-winter-quilt-core","status":"publish","type":"product","link":"https:\/\/nexgendecors.com\/es\/product\/four-seasons-quilt-core-high-end-micro-business-supply-wholesale-spot-star-hotel-spring-and-autumn-winter-quilt-core\/","title":{"rendered":"Four Seasons Quilt Core Microempresa de gama alta de suministro al por mayor Spot Star Hotel Primavera y Oto\u00f1o Invierno Quilt Core"},"content":{"rendered":"<p><b>marca<\/b>: &#8211;<\/p>\n<p><b>N\u00famero de pieza<\/b>: 1128<\/p>\n<p><b>Peso de la colcha<\/b>:2 catties no incluidos \u2013 3 catties incluidos<\/p>\n<p><b>Personalizaci\u00f3n del procesamiento<\/b>: S\u00ed<\/p>\n<p><b>Proceso de tejido<\/b>: otro<\/p>\n<p><b>Temporada aplicable<\/b>: Cuatro estaciones<\/p>\n<p><b>Material de la tela<\/b>: Algod\u00f3n<\/p>\n<p><b>color<\/b>Edred\u00f3n de verano de algod\u00f3n de 200 g\/m\u00b2 con plum\u00f3n, edred\u00f3n de cuatro estaciones de algod\u00f3n de 400 g\/m\u00b2 con plum\u00f3n, edred\u00f3n de invierno de algod\u00f3n de 600 g\/m\u00b2 con plum\u00f3n.<\/p>\n<p><b>Dimensiones<\/b>: Cama de hotel de 1 m de 150 x 200 cm, cama de hotel de 1,20 m de 160 x 220 cm, cama de hotel de 1,35 m de 180 x 220 cm, cama de hotel de 1,5 m de 190 x 220 cm, cama de hotel de 1,8 m de 220 x 220 cm, cama de hotel de 2 m de 240 x 230 cm<\/p>\n<p><b>Relleno<\/b>:Fibra ordinaria<\/p>\n<p><b>\u00bfEs un contribuyente general?<\/b>: No<\/p>","protected":false},"excerpt":{"rendered":"<p>marca: - N\u00famero de pieza: 1128 Peso del edred\u00f3n: 2 gatitos no incluidos - 3 gatitos incluidos Procesamiento de personalizaci\u00f3n: s\u00ed Proceso de tejido:<\/p>","protected":false},"featured_media":168466,"comment_status":"open","ping_status":"closed","template":"","meta":[],"product_brand":[],"product_cat":[30951,30952,30953],"product_tag":[],"class_list":{"0":"post-168467","1":"product","2":"type-product","3":"status-publish","4":"has-post-thumbnail","6":"product_cat-hotel-bedding","7":"product_cat-hotel-blanket-cover","8":"product_cat-hotel-sheet-linen","10":"first","11":"instock","12":"taxable","13":"shipping-taxable","14":"purchasable","15":"product-type-variable"},"_links":{"self":[{"href":"https:\/\/nexgendecors.com\/es\/wp-json\/wp\/v2\/product\/168467","targetHints":{"allow":["GET"]}}],"collection":[{"href":"https:\/\/nexgendecors.com\/es\/wp-json\/wp\/v2\/product"}],"about":[{"href":"https:\/\/nexgendecors.com\/es\/wp-json\/wp\/v2\/types\/product"}],"replies":[{"embeddable":true,"href":"https:\/\/nexgendecors.com\/es\/wp-json\/wp\/v2\/comments?post=168467"}],"version-history":[{"count":0,"href":"https:\/\/nexgendecors.com\/es\/wp-json\/wp\/v2\/product\/168467\/revisions"}],"wp:featuredmedia":[{"embeddable":true,"href":"https:\/\/nexgendecors.com\/es\/wp-json\/wp\/v2\/media\/168466"}],"wp:attachment":[{"href":"https:\/\/nexgendecors.com\/es\/wp-json\/wp\/v2\/media?parent=168467"}],"wp:term":[{"taxonomy":"product_brand","embeddable":true,"href":"https:\/\/nexgendecors.com\/es\/wp-json\/wp\/v2\/product_brand?post=168467"},{"taxonomy":"product_cat","embeddable":true,"href":"https:\/\/nexgendecors.com\/es\/wp-json\/wp\/v2\/product_cat?post=168467"},{"taxonomy":"product_tag","embeddable":true,"href":"https:\/\/nexgendecors.com\/es\/wp-json\/wp\/v2\/product_tag?post=168467"}],"curies":[{"name":"wp","href":"https:\/\/api.w.org\/{rel}","templated":true}]}}