{"id":168530,"date":"2025-02-23T13:57:32","date_gmt":"2025-02-23T13:57:32","guid":{"rendered":"https:\/\/nexgendecors.com\/en\/product\/pure-cotton-hotel-pillow-pillow-core-wholesale-five-star-hotel-neck-pillow-white-pillow-pillow-core-micro-business-supply\/"},"modified":"2025-04-06T10:02:49","modified_gmt":"2025-04-06T10:02:49","slug":"pure-cotton-hotel-pillow-pillow-core-wholesale-five-star-hotel-neck-pillow-white-pillow-pillow-core-micro-business-supply","status":"publish","type":"product","link":"https:\/\/nexgendecors.com\/es\/product\/pure-cotton-hotel-pillow-pillow-core-wholesale-five-star-hotel-neck-pillow-white-pillow-pillow-core-micro-business-supply\/","title":{"rendered":"Puro algod\u00f3n hotel almohada almohada n\u00facleo venta al por mayor hotel de cinco estrellas cuello almohada almohada blanca almohada n\u00facleo micro business supply"},"content":{"rendered":"<p><b>marca<\/b>: &#8211;<\/p>\n<p><b>N\u00famero de pieza<\/b>: Weifuya pillow core<\/p>\n<p><b>Pillow core height<\/b>: 15.1-20cm<\/p>\n<p><b>Pillow shape<\/b>: rectangle<\/p>\n<p><b>Pillow weight<\/b>: 1.1-2 catties<\/p>\n<p><b>Personalizaci\u00f3n del procesamiento<\/b>: S\u00ed<\/p>\n<p><b>\u00bfEs compatible con el env\u00edo directo?<\/b>: apoyo<\/p>\n<p><b>Contenido de los principales ingredientes de los rellenos<\/b>: 90<\/p>\n<p><b>Ingredientes del relleno<\/b>: Fibra de poli\u00e9ster poli\u00e9ster<\/p>\n<p><b>Contenido del material de relleno<\/b>: 10<\/p>\n<p><b>Contenido del ingrediente principal de la tela<\/b>: 90<\/p>\n<p><b>Subingredientes de la tela<\/b>: algod\u00f3n<\/p>\n<p><b>Contenido del subcomponente de tela<\/b>: 10<\/p>\n<p><b>N\u00famero de personas aplicable<\/b>: Single<\/p>\n<p><b>ordenar por color<\/b>: Blanco<\/p>\n<p><b>Grado del producto<\/b>:Productos calificados<\/p>\n<p><b>Clientes objetivo<\/b>:adulto<\/p>\n<p><b>Relleno<\/b>:Fibra ordinaria<\/p>\n<p><b>Pillow fabric<\/b>: Algod\u00f3n<\/p>\n<p><b>color<\/b>: Blanco<\/p>\n<p><b>Dimensiones<\/b>: 45*75 low pillow 1000g, 45*75 medium pillow 1200g, 45*75 high pillow 1300g, 50*50 hug pillow 800g cm or mm<\/p>\n<p><b>Ya sea una fuente dedicada de bienes para la exportaci\u00f3n transfronteriza<\/b>: No<\/p>\n<p><b>estilo<\/b>:Simplicidad<\/p>\n<p><b>\u00bfEs un contribuyente general?<\/b>: S\u00ed<\/p>\n<p><b>Filling main ingredients<\/b>: 90<\/p>","protected":false},"excerpt":{"rendered":"<p>marca: - N\u00famero de pieza: Weifuya n\u00facleo de la almohada Altura del n\u00facleo de la almohada: 15,1-20cm Forma de la almohada: rect\u00e1ngulo Peso de la almohada: 1,1-2 catties Personalizaci\u00f3n de procesamiento:<\/p>","protected":false},"featured_media":168529,"comment_status":"open","ping_status":"closed","template":"","meta":[],"product_brand":[],"product_cat":[30951,30954],"product_tag":[],"class_list":{"0":"post-168530","1":"product","2":"type-product","3":"status-publish","4":"has-post-thumbnail","6":"product_cat-hotel-bedding","7":"product_cat-hotel-pillows-and-covers","9":"first","10":"instock","11":"taxable","12":"shipping-taxable","13":"purchasable","14":"product-type-variable"},"_links":{"self":[{"href":"https:\/\/nexgendecors.com\/es\/wp-json\/wp\/v2\/product\/168530","targetHints":{"allow":["GET"]}}],"collection":[{"href":"https:\/\/nexgendecors.com\/es\/wp-json\/wp\/v2\/product"}],"about":[{"href":"https:\/\/nexgendecors.com\/es\/wp-json\/wp\/v2\/types\/product"}],"replies":[{"embeddable":true,"href":"https:\/\/nexgendecors.com\/es\/wp-json\/wp\/v2\/comments?post=168530"}],"version-history":[{"count":0,"href":"https:\/\/nexgendecors.com\/es\/wp-json\/wp\/v2\/product\/168530\/revisions"}],"wp:featuredmedia":[{"embeddable":true,"href":"https:\/\/nexgendecors.com\/es\/wp-json\/wp\/v2\/media\/168529"}],"wp:attachment":[{"href":"https:\/\/nexgendecors.com\/es\/wp-json\/wp\/v2\/media?parent=168530"}],"wp:term":[{"taxonomy":"product_brand","embeddable":true,"href":"https:\/\/nexgendecors.com\/es\/wp-json\/wp\/v2\/product_brand?post=168530"},{"taxonomy":"product_cat","embeddable":true,"href":"https:\/\/nexgendecors.com\/es\/wp-json\/wp\/v2\/product_cat?post=168530"},{"taxonomy":"product_tag","embeddable":true,"href":"https:\/\/nexgendecors.com\/es\/wp-json\/wp\/v2\/product_tag?post=168530"}],"curies":[{"name":"wp","href":"https:\/\/api.w.org\/{rel}","templated":true}]}}