{"id":168541,"date":"2025-02-23T13:59:03","date_gmt":"2025-02-23T13:59:03","guid":{"rendered":"https:\/\/nexgendecors.com\/en\/product\/hotel-bathroom-pure-cotton-white-towel-hotel-linen-manufacturers-produce-ready-to-stock-wholesale-bath-towels\/"},"modified":"2025-04-06T10:02:52","modified_gmt":"2025-04-06T10:02:52","slug":"hotel-bathroom-pure-cotton-white-towel-hotel-linen-manufacturers-produce-ready-to-stock-wholesale-bath-towels","status":"publish","type":"product","link":"https:\/\/nexgendecors.com\/es\/product\/hotel-bathroom-pure-cotton-white-towel-hotel-linen-manufacturers-produce-ready-to-stock-wholesale-bath-towels\/","title":{"rendered":"Toallas blancas de algod\u00f3n puro para ba\u00f1o de hotel. Fabricantes de ropa de cama para hotel que producen toallas de ba\u00f1o al por mayor listas para almacenar."},"content":{"rendered":"<p><b>marca<\/b>: &#8211;<\/p>\n<p><b>Categor\u00edas de productos<\/b>: Hotel towels<\/p>\n<p><b>N\u00famero de pieza<\/b>: &#8211;<\/p>\n<p><b>Material<\/b>: algod\u00f3n<\/p>\n<p><b>Yarn Technology<\/b>: Single yarn<\/p>\n<p><b>Yarn Specifications<\/b>: 8<\/p>\n<p><b>Production process<\/b>: Plain Weave<\/p>\n<p><b>Peso<\/b>: 110g<\/p>\n<p><b>Impresi\u00f3n de LOGO<\/b>: Poder<\/p>\n<p><b>Personalizaci\u00f3n del procesamiento<\/b>: S\u00ed<\/p>\n<p><b>\u00bfEs compatible con el env\u00edo directo?<\/b>: apoyo<\/p>\n<p><b>Principal Components<\/b>: algod\u00f3n<\/p>\n<p><b>Main component content<\/b>: 90<\/p>\n<p><b>Secondary ingredients<\/b>: &#8211;<\/p>\n<p><b>Subcomponent content<\/b>: 10<\/p>\n<p><b>Absorci\u00f3n de agua<\/b>: &#8211;<\/p>\n<p><b>Grupo objetivo<\/b>: General<\/p>\n<p><b>Towels and towels segment<\/b>: Other towels<\/p>\n<p><b>color<\/b>: Plain weave, platinum section<\/p>\n<p><b>Specifications length*width cm<\/b>: Square towel 32*32 60g, square towel 35*35 70g, towel 35*75 150g, towel 40*80 180g, bath towel 70*140 600g, bath towel 80*160 800g, floor towel 50*80 350g, floor towel 50*80 400g<\/p>\n<p><b>Ya sea una fuente dedicada de bienes para la exportaci\u00f3n transfronteriza<\/b>: No<\/p>\n<p><b>\u00bfEs un contribuyente general?<\/b>: S\u00ed<\/p>","protected":false},"excerpt":{"rendered":"<p>Marca: \u2013 Categor\u00edas de productos: Toallas de hotel N\u00famero de pieza: \u2013 Material: algod\u00f3n Tecnolog\u00eda del hilo: Hilo simple Especificaciones del hilo: 8 Proceso de producci\u00f3n:<\/p>","protected":false},"featured_media":168540,"comment_status":"open","ping_status":"closed","template":"","meta":[],"product_brand":[],"product_cat":[30949,30937,30880],"product_tag":[],"class_list":{"0":"post-168541","1":"product","2":"type-product","3":"status-publish","4":"has-post-thumbnail","6":"product_cat-hotel-supplies","7":"product_cat-hotel-towels","8":"product_cat-wholesales-bathroom-sink","10":"first","11":"instock","12":"taxable","13":"shipping-taxable","14":"purchasable","15":"product-type-variable"},"_links":{"self":[{"href":"https:\/\/nexgendecors.com\/es\/wp-json\/wp\/v2\/product\/168541","targetHints":{"allow":["GET"]}}],"collection":[{"href":"https:\/\/nexgendecors.com\/es\/wp-json\/wp\/v2\/product"}],"about":[{"href":"https:\/\/nexgendecors.com\/es\/wp-json\/wp\/v2\/types\/product"}],"replies":[{"embeddable":true,"href":"https:\/\/nexgendecors.com\/es\/wp-json\/wp\/v2\/comments?post=168541"}],"version-history":[{"count":0,"href":"https:\/\/nexgendecors.com\/es\/wp-json\/wp\/v2\/product\/168541\/revisions"}],"wp:featuredmedia":[{"embeddable":true,"href":"https:\/\/nexgendecors.com\/es\/wp-json\/wp\/v2\/media\/168540"}],"wp:attachment":[{"href":"https:\/\/nexgendecors.com\/es\/wp-json\/wp\/v2\/media?parent=168541"}],"wp:term":[{"taxonomy":"product_brand","embeddable":true,"href":"https:\/\/nexgendecors.com\/es\/wp-json\/wp\/v2\/product_brand?post=168541"},{"taxonomy":"product_cat","embeddable":true,"href":"https:\/\/nexgendecors.com\/es\/wp-json\/wp\/v2\/product_cat?post=168541"},{"taxonomy":"product_tag","embeddable":true,"href":"https:\/\/nexgendecors.com\/es\/wp-json\/wp\/v2\/product_tag?post=168541"}],"curies":[{"name":"wp","href":"https:\/\/api.w.org\/{rel}","templated":true}]}}