{"id":168587,"date":"2025-02-23T14:00:04","date_gmt":"2025-02-23T14:00:04","guid":{"rendered":"https:\/\/nexgendecors.com\/en\/product\/hotel-bathroom-white-cotton-floor-towel-wholesale-non-slip-foot-mat-soft-absorbent-floor-mat-star-hotel-floor-towel\/"},"modified":"2025-04-06T10:02:55","modified_gmt":"2025-04-06T10:02:55","slug":"hotel-bathroom-white-cotton-floor-towel-wholesale-non-slip-foot-mat-soft-absorbent-floor-mat-star-hotel-floor-towel","status":"publish","type":"product","link":"https:\/\/nexgendecors.com\/es\/product\/hotel-bathroom-white-cotton-floor-towel-wholesale-non-slip-foot-mat-soft-absorbent-floor-mat-star-hotel-floor-towel\/","title":{"rendered":"Toalla de algod\u00f3n blanca para ba\u00f1o de hotel, venta al por mayor, alfombrilla antideslizante, alfombrilla absorbente suave, toalla de suelo de hotel estrella"},"content":{"rendered":"<p><b>Material<\/b>: algod\u00f3n<\/p>\n<p><b>N\u00famero de pieza<\/b>: 1123<\/p>\n<p><b>Personalizaci\u00f3n del procesamiento<\/b>: S\u00ed<\/p>\n<p><b>Impresi\u00f3n de LOGO<\/b>: Poder<\/p>\n<p><b>Peso<\/b>: 25g<\/p>\n<p><b>marca<\/b>: &#8211;<\/p>\n<p><b>Yarn Technology<\/b>: Single yarn<\/p>\n<p><b>Yarn Specifications<\/b>: 32<\/p>\n<p><b>Production process<\/b>: otro<\/p>\n<p><b>Principal Components<\/b>: algod\u00f3n<\/p>\n<p><b>Main component content<\/b>: 90<\/p>\n<p><b>Secondary ingredients<\/b>: &#8211;<\/p>\n<p><b>Subcomponent content<\/b>: &#8211;<\/p>\n<p><b>Categor\u00edas de productos<\/b>: Floor towel<\/p>\n<p><b>Grupo objetivo<\/b>: General<\/p>\n<p><b>Absorci\u00f3n de agua<\/b>: &#8211;<\/p>\n<p><b>color<\/b>: Blanco<\/p>\n<p><b>Specifications length*width cm<\/b>: 50*80 350g,50*80 400g<\/p>\n<p><b>Ya sea una fuente dedicada de bienes para la exportaci\u00f3n transfronteriza<\/b>: No<\/p>\n<p><b>\u00bfEs un contribuyente general?<\/b>: S\u00ed<\/p>","protected":false},"excerpt":{"rendered":"<p>Material: algod\u00f3n N\u00famero de pieza: 1123 Personalizaci\u00f3n del procesamiento: s\u00ed Impresi\u00f3n de LOGOTIPO: Lata Peso: 25 g Marca: \u2013 Tecnolog\u00eda del hilo: Hilo simple<\/p>","protected":false},"featured_media":168586,"comment_status":"open","ping_status":"closed","template":"","meta":[],"product_brand":[],"product_cat":[30949,30937,30880],"product_tag":[],"class_list":{"0":"post-168587","1":"product","2":"type-product","3":"status-publish","4":"has-post-thumbnail","6":"product_cat-hotel-supplies","7":"product_cat-hotel-towels","8":"product_cat-wholesales-bathroom-sink","10":"first","11":"instock","12":"taxable","13":"shipping-taxable","14":"purchasable","15":"product-type-variable"},"_links":{"self":[{"href":"https:\/\/nexgendecors.com\/es\/wp-json\/wp\/v2\/product\/168587","targetHints":{"allow":["GET"]}}],"collection":[{"href":"https:\/\/nexgendecors.com\/es\/wp-json\/wp\/v2\/product"}],"about":[{"href":"https:\/\/nexgendecors.com\/es\/wp-json\/wp\/v2\/types\/product"}],"replies":[{"embeddable":true,"href":"https:\/\/nexgendecors.com\/es\/wp-json\/wp\/v2\/comments?post=168587"}],"version-history":[{"count":0,"href":"https:\/\/nexgendecors.com\/es\/wp-json\/wp\/v2\/product\/168587\/revisions"}],"wp:featuredmedia":[{"embeddable":true,"href":"https:\/\/nexgendecors.com\/es\/wp-json\/wp\/v2\/media\/168586"}],"wp:attachment":[{"href":"https:\/\/nexgendecors.com\/es\/wp-json\/wp\/v2\/media?parent=168587"}],"wp:term":[{"taxonomy":"product_brand","embeddable":true,"href":"https:\/\/nexgendecors.com\/es\/wp-json\/wp\/v2\/product_brand?post=168587"},{"taxonomy":"product_cat","embeddable":true,"href":"https:\/\/nexgendecors.com\/es\/wp-json\/wp\/v2\/product_cat?post=168587"},{"taxonomy":"product_tag","embeddable":true,"href":"https:\/\/nexgendecors.com\/es\/wp-json\/wp\/v2\/product_tag?post=168587"}],"curies":[{"name":"wp","href":"https:\/\/api.w.org\/{rel}","templated":true}]}}