{"id":168596,"date":"2025-02-23T14:01:36","date_gmt":"2025-02-23T14:01:36","guid":{"rendered":"https:\/\/nexgendecors.com\/en\/product\/star-hotel-pure-white-protective-pad-manufacturer-produces-wholesale-mattress-wholesale-simmons-protective-pad\/"},"modified":"2025-04-06T10:02:58","modified_gmt":"2025-04-06T10:02:58","slug":"star-hotel-pure-white-protective-pad-manufacturer-produces-wholesale-mattress-wholesale-simmons-protective-pad","status":"publish","type":"product","link":"https:\/\/nexgendecors.com\/es\/product\/star-hotel-pure-white-protective-pad-manufacturer-produces-wholesale-mattress-wholesale-simmons-protective-pad\/","title":{"rendered":"El fabricante de almohadillas protectoras blancas puras para hoteles Star produce colchones al por mayor. Almohadilla protectora Simmons al por mayor."},"content":{"rendered":"<p><b>marca<\/b>: &#8211;<\/p>\n<p><b>Categor\u00edas de productos<\/b>: Fitted Sheet<\/p>\n<p><b>N\u00famero de pieza<\/b>: 1137<\/p>\n<p><b>Personalizaci\u00f3n del procesamiento<\/b>: S\u00ed<\/p>\n<p><b>patr\u00f3n<\/b>: Solid Color<\/p>\n<p><b>Tipo de flor<\/b>: Brushed cloth 200g\/m2, Brushed cloth 500g\/m2, 110*90 plain cloth 200g\/m2<\/p>\n<p><b>Dimensiones<\/b>: 100*200,120*200,135*200,150*200,180*200,200*200<\/p>\n<p><b>Proceso de tejido<\/b>: otro<\/p>\n<p><b>Printing and dyeing process<\/b>: Reactive printing and dyeing<\/p>\n<p><b>Material<\/b>:Fibra qu\u00edmica<\/p>\n<p><b>Applicable bed size<\/b>: 1.5m 5ft bed<\/p>\n<p><b>Peso<\/b>: 1500g inclusive ~ 2000g exclusive<\/p>\n<p><b>estilo<\/b>:Moderno y sencillo<\/p>\n<p><b>\u00bfEs un contribuyente general?<\/b>: S\u00ed<\/p>","protected":false},"excerpt":{"rendered":"<p>Marca: \u2013 Categor\u00edas de productos: S\u00e1bana ajustable N\u00famero de pieza: 1137 Personalizaci\u00f3n del procesamiento: s\u00ed Patr\u00f3n: Flor de color s\u00f3lido Tipo: Tela cepillada 200 g\/m2,<\/p>","protected":false},"featured_media":168595,"comment_status":"open","ping_status":"closed","template":"","meta":[],"product_brand":[],"product_cat":[30926,30951,30956],"product_tag":[],"class_list":{"0":"post-168596","1":"product","2":"type-product","3":"status-publish","4":"has-post-thumbnail","6":"product_cat-bedding","7":"product_cat-hotel-bedding","8":"product_cat-mattress-cover","10":"first","11":"instock","12":"taxable","13":"shipping-taxable","14":"purchasable","15":"product-type-variable"},"_links":{"self":[{"href":"https:\/\/nexgendecors.com\/es\/wp-json\/wp\/v2\/product\/168596","targetHints":{"allow":["GET"]}}],"collection":[{"href":"https:\/\/nexgendecors.com\/es\/wp-json\/wp\/v2\/product"}],"about":[{"href":"https:\/\/nexgendecors.com\/es\/wp-json\/wp\/v2\/types\/product"}],"replies":[{"embeddable":true,"href":"https:\/\/nexgendecors.com\/es\/wp-json\/wp\/v2\/comments?post=168596"}],"version-history":[{"count":0,"href":"https:\/\/nexgendecors.com\/es\/wp-json\/wp\/v2\/product\/168596\/revisions"}],"wp:featuredmedia":[{"embeddable":true,"href":"https:\/\/nexgendecors.com\/es\/wp-json\/wp\/v2\/media\/168595"}],"wp:attachment":[{"href":"https:\/\/nexgendecors.com\/es\/wp-json\/wp\/v2\/media?parent=168596"}],"wp:term":[{"taxonomy":"product_brand","embeddable":true,"href":"https:\/\/nexgendecors.com\/es\/wp-json\/wp\/v2\/product_brand?post=168596"},{"taxonomy":"product_cat","embeddable":true,"href":"https:\/\/nexgendecors.com\/es\/wp-json\/wp\/v2\/product_cat?post=168596"},{"taxonomy":"product_tag","embeddable":true,"href":"https:\/\/nexgendecors.com\/es\/wp-json\/wp\/v2\/product_tag?post=168596"}],"curies":[{"name":"wp","href":"https:\/\/api.w.org\/{rel}","templated":true}]}}