{"id":169452,"date":"2025-02-24T06:01:03","date_gmt":"2025-02-24T06:01:03","guid":{"rendered":"https:\/\/nexgendecors.com\/en\/product\/hotel-four-piece-set-100-cotton-80-count-satin-ribbon-quilt-cover-hotel-bed-and-breakfast-bedding-set-five-star-hotel-linen\/"},"modified":"2025-04-06T10:03:34","modified_gmt":"2025-04-06T10:03:34","slug":"hotel-four-piece-set-100-cotton-80-count-satin-ribbon-quilt-cover-hotel-bed-and-breakfast-bedding-set-five-star-hotel-linen","status":"publish","type":"product","link":"https:\/\/nexgendecors.com\/es\/product\/hotel-four-piece-set-100-cotton-80-count-satin-ribbon-quilt-cover-hotel-bed-and-breakfast-bedding-set-five-star-hotel-linen\/","title":{"rendered":"Juego de cama de hotel de cuatro piezas 100% de algod\u00f3n de 80 hilos con funda de edred\u00f3n y cinta de sat\u00e9n, juego de cama para hotel y desayuno, ropa de cama para hotel de cinco estrellas"},"content":{"rendered":"","protected":false},"excerpt":{"rendered":"","protected":false},"featured_media":169451,"comment_status":"open","ping_status":"closed","template":"","meta":[],"product_brand":[],"product_cat":[30926,30951,30953],"product_tag":[],"class_list":{"0":"post-169452","1":"product","2":"type-product","3":"status-publish","4":"has-post-thumbnail","6":"product_cat-bedding","7":"product_cat-hotel-bedding","8":"product_cat-hotel-sheet-linen","10":"first","11":"instock","12":"taxable","13":"shipping-taxable","14":"purchasable","15":"product-type-simple"},"_links":{"self":[{"href":"https:\/\/nexgendecors.com\/es\/wp-json\/wp\/v2\/product\/169452","targetHints":{"allow":["GET"]}}],"collection":[{"href":"https:\/\/nexgendecors.com\/es\/wp-json\/wp\/v2\/product"}],"about":[{"href":"https:\/\/nexgendecors.com\/es\/wp-json\/wp\/v2\/types\/product"}],"replies":[{"embeddable":true,"href":"https:\/\/nexgendecors.com\/es\/wp-json\/wp\/v2\/comments?post=169452"}],"version-history":[{"count":0,"href":"https:\/\/nexgendecors.com\/es\/wp-json\/wp\/v2\/product\/169452\/revisions"}],"wp:featuredmedia":[{"embeddable":true,"href":"https:\/\/nexgendecors.com\/es\/wp-json\/wp\/v2\/media\/169451"}],"wp:attachment":[{"href":"https:\/\/nexgendecors.com\/es\/wp-json\/wp\/v2\/media?parent=169452"}],"wp:term":[{"taxonomy":"product_brand","embeddable":true,"href":"https:\/\/nexgendecors.com\/es\/wp-json\/wp\/v2\/product_brand?post=169452"},{"taxonomy":"product_cat","embeddable":true,"href":"https:\/\/nexgendecors.com\/es\/wp-json\/wp\/v2\/product_cat?post=169452"},{"taxonomy":"product_tag","embeddable":true,"href":"https:\/\/nexgendecors.com\/es\/wp-json\/wp\/v2\/product_tag?post=169452"}],"curies":[{"name":"wp","href":"https:\/\/api.w.org\/{rel}","templated":true}]}}