{"id":169458,"date":"2025-02-24T06:02:48","date_gmt":"2025-02-24T06:02:48","guid":{"rendered":"https:\/\/nexgendecors.com\/en\/product\/hotel-pillow-feather-silk-cotton-low-medium-high-three-dimensional-non-deformation-hotel-pillow-core-hotel-homestay-five-star-hotel-pillow\/"},"modified":"2025-04-06T10:03:36","modified_gmt":"2025-04-06T10:03:36","slug":"almohada-de-hotel-de-plumas-seda-y-algodon-baja-media-y-alta-tridimensional-sin-deformacion-nucleo-de-almohada-de-hotel-alojamiento-familiar-almohada-de-hotel-de-cinco-estrellas","status":"publish","type":"product","link":"https:\/\/nexgendecors.com\/es\/product\/almohada-de-hotel-de-plumas-seda-y-algodon-baja-media-y-alta-tridimensional-sin-deformacion-nucleo-de-almohada-de-hotel-alojamiento-familiar-almohada-de-hotel-de-cinco-estrellas\/","title":{"rendered":"Hotel almohada de plumas de seda de algod\u00f3n baja media alta tridimensional no deformaci\u00f3n hotel almohada n\u00facleo hotel homestay hotel de cinco estrellas almohada"},"content":{"rendered":"","protected":false},"excerpt":{"rendered":"","protected":false},"featured_media":169457,"comment_status":"open","ping_status":"closed","template":"","meta":[],"product_brand":[],"product_cat":[30951,30954],"product_tag":[],"class_list":{"0":"post-169458","1":"product","2":"type-product","3":"status-publish","4":"has-post-thumbnail","6":"product_cat-hotel-bedding","7":"product_cat-hotel-pillows-and-covers","9":"first","10":"instock","11":"taxable","12":"shipping-taxable","13":"purchasable","14":"product-type-simple"},"_links":{"self":[{"href":"https:\/\/nexgendecors.com\/es\/wp-json\/wp\/v2\/product\/169458","targetHints":{"allow":["GET"]}}],"collection":[{"href":"https:\/\/nexgendecors.com\/es\/wp-json\/wp\/v2\/product"}],"about":[{"href":"https:\/\/nexgendecors.com\/es\/wp-json\/wp\/v2\/types\/product"}],"replies":[{"embeddable":true,"href":"https:\/\/nexgendecors.com\/es\/wp-json\/wp\/v2\/comments?post=169458"}],"version-history":[{"count":0,"href":"https:\/\/nexgendecors.com\/es\/wp-json\/wp\/v2\/product\/169458\/revisions"}],"wp:featuredmedia":[{"embeddable":true,"href":"https:\/\/nexgendecors.com\/es\/wp-json\/wp\/v2\/media\/169457"}],"wp:attachment":[{"href":"https:\/\/nexgendecors.com\/es\/wp-json\/wp\/v2\/media?parent=169458"}],"wp:term":[{"taxonomy":"product_brand","embeddable":true,"href":"https:\/\/nexgendecors.com\/es\/wp-json\/wp\/v2\/product_brand?post=169458"},{"taxonomy":"product_cat","embeddable":true,"href":"https:\/\/nexgendecors.com\/es\/wp-json\/wp\/v2\/product_cat?post=169458"},{"taxonomy":"product_tag","embeddable":true,"href":"https:\/\/nexgendecors.com\/es\/wp-json\/wp\/v2\/product_tag?post=169458"}],"curies":[{"name":"wp","href":"https:\/\/api.w.org\/{rel}","templated":true}]}}