{"id":169470,"date":"2025-02-24T06:03:57","date_gmt":"2025-02-24T06:03:57","guid":{"rendered":"https:\/\/nexgendecors.com\/en\/product\/pure-cotton-waffle-bathrobe-spring-autumn-winter-star-hotel-robe-white-beauty-salon-hotel-thick-terry-bathrobe\/"},"modified":"2025-04-06T10:03:41","modified_gmt":"2025-04-06T10:03:41","slug":"pure-cotton-waffle-bathrobe-spring-autumn-winter-star-hotel-robe-white-beauty-salon-hotel-thick-terry-bathrobe","status":"publish","type":"product","link":"https:\/\/nexgendecors.com\/es\/product\/pure-cotton-waffle-bathrobe-spring-autumn-winter-star-hotel-robe-white-beauty-salon-hotel-thick-terry-bathrobe\/","title":{"rendered":"Albornoz de algod\u00f3n puro con dise\u00f1o de gofre para primavera, oto\u00f1o e invierno, bata de hotel estrella blanca, bata de ba\u00f1o de felpa gruesa para sal\u00f3n de belleza y hotel"},"content":{"rendered":"","protected":false},"excerpt":{"rendered":"","protected":false},"featured_media":169469,"comment_status":"open","ping_status":"closed","template":"","meta":[],"product_brand":[],"product_cat":[30927,30937],"product_tag":[],"class_list":{"0":"post-169470","1":"product","2":"type-product","3":"status-publish","4":"has-post-thumbnail","6":"product_cat-bath","7":"product_cat-hotel-towels","9":"first","10":"instock","11":"taxable","12":"shipping-taxable","13":"purchasable","14":"product-type-simple"},"_links":{"self":[{"href":"https:\/\/nexgendecors.com\/es\/wp-json\/wp\/v2\/product\/169470","targetHints":{"allow":["GET"]}}],"collection":[{"href":"https:\/\/nexgendecors.com\/es\/wp-json\/wp\/v2\/product"}],"about":[{"href":"https:\/\/nexgendecors.com\/es\/wp-json\/wp\/v2\/types\/product"}],"replies":[{"embeddable":true,"href":"https:\/\/nexgendecors.com\/es\/wp-json\/wp\/v2\/comments?post=169470"}],"version-history":[{"count":0,"href":"https:\/\/nexgendecors.com\/es\/wp-json\/wp\/v2\/product\/169470\/revisions"}],"wp:featuredmedia":[{"embeddable":true,"href":"https:\/\/nexgendecors.com\/es\/wp-json\/wp\/v2\/media\/169469"}],"wp:attachment":[{"href":"https:\/\/nexgendecors.com\/es\/wp-json\/wp\/v2\/media?parent=169470"}],"wp:term":[{"taxonomy":"product_brand","embeddable":true,"href":"https:\/\/nexgendecors.com\/es\/wp-json\/wp\/v2\/product_brand?post=169470"},{"taxonomy":"product_cat","embeddable":true,"href":"https:\/\/nexgendecors.com\/es\/wp-json\/wp\/v2\/product_cat?post=169470"},{"taxonomy":"product_tag","embeddable":true,"href":"https:\/\/nexgendecors.com\/es\/wp-json\/wp\/v2\/product_tag?post=169470"}],"curies":[{"name":"wp","href":"https:\/\/api.w.org\/{rel}","templated":true}]}}