{"id":169581,"date":"2025-02-24T06:21:06","date_gmt":"2025-02-24T06:21:06","guid":{"rendered":"https:\/\/nexgendecors.com\/en\/product\/hotel-bedding-wholesale-cotton-feather-velvet-quilt-fiber-spring-and-autumn-air-conditioning-winter-thick-large-quilt-core\/"},"modified":"2025-04-06T10:04:04","modified_gmt":"2025-04-06T10:04:04","slug":"hotel-bedding-wholesale-cotton-feather-velvet-quilt-fiber-spring-and-autumn-air-conditioning-winter-thick-large-quilt-core","status":"publish","type":"product","link":"https:\/\/nexgendecors.com\/es\/product\/hotel-bedding-wholesale-cotton-feather-velvet-quilt-fiber-spring-and-autumn-air-conditioning-winter-thick-large-quilt-core\/","title":{"rendered":"Venta al por mayor de ropa de cama de hotel, edred\u00f3n de algod\u00f3n, plumas y terciopelo, fibra de primavera y oto\u00f1o, aire acondicionado, invierno, edred\u00f3n grueso y grande."},"content":{"rendered":"","protected":false},"excerpt":{"rendered":"","protected":false},"featured_media":169580,"comment_status":"open","ping_status":"closed","template":"","meta":[],"product_brand":[],"product_cat":[30951,30953],"product_tag":[],"class_list":{"0":"post-169581","1":"product","2":"type-product","3":"status-publish","4":"has-post-thumbnail","6":"product_cat-hotel-bedding","7":"product_cat-hotel-sheet-linen","9":"first","10":"instock","11":"taxable","12":"shipping-taxable","13":"purchasable","14":"product-type-simple"},"_links":{"self":[{"href":"https:\/\/nexgendecors.com\/es\/wp-json\/wp\/v2\/product\/169581","targetHints":{"allow":["GET"]}}],"collection":[{"href":"https:\/\/nexgendecors.com\/es\/wp-json\/wp\/v2\/product"}],"about":[{"href":"https:\/\/nexgendecors.com\/es\/wp-json\/wp\/v2\/types\/product"}],"replies":[{"embeddable":true,"href":"https:\/\/nexgendecors.com\/es\/wp-json\/wp\/v2\/comments?post=169581"}],"version-history":[{"count":0,"href":"https:\/\/nexgendecors.com\/es\/wp-json\/wp\/v2\/product\/169581\/revisions"}],"wp:featuredmedia":[{"embeddable":true,"href":"https:\/\/nexgendecors.com\/es\/wp-json\/wp\/v2\/media\/169580"}],"wp:attachment":[{"href":"https:\/\/nexgendecors.com\/es\/wp-json\/wp\/v2\/media?parent=169581"}],"wp:term":[{"taxonomy":"product_brand","embeddable":true,"href":"https:\/\/nexgendecors.com\/es\/wp-json\/wp\/v2\/product_brand?post=169581"},{"taxonomy":"product_cat","embeddable":true,"href":"https:\/\/nexgendecors.com\/es\/wp-json\/wp\/v2\/product_cat?post=169581"},{"taxonomy":"product_tag","embeddable":true,"href":"https:\/\/nexgendecors.com\/es\/wp-json\/wp\/v2\/product_tag?post=169581"}],"curies":[{"name":"wp","href":"https:\/\/api.w.org\/{rel}","templated":true}]}}