{"id":169731,"date":"2025-02-24T06:32:27","date_gmt":"2025-02-24T06:32:27","guid":{"rendered":"https:\/\/nexgendecors.com\/en\/product\/disposable-toiletries-for-hotel-rooms-small-soap-soap-round-small-soap\/"},"modified":"2025-04-06T10:04:25","modified_gmt":"2025-04-06T10:04:25","slug":"articulos-de-tocador-desechables-para-habitaciones-de-hotel-jabon-pequeno-jabon-redondo-jabon-pequeno","status":"publish","type":"product","link":"https:\/\/nexgendecors.com\/es\/product\/articulos-de-tocador-desechables-para-habitaciones-de-hotel-jabon-pequeno-jabon-redondo-jabon-pequeno\/","title":{"rendered":"Art\u00edculos de tocador desechables para habitaciones de hotel Jab\u00f3n peque\u00f1o Jab\u00f3n Jab\u00f3n redondo peque\u00f1o"},"content":{"rendered":"","protected":false},"excerpt":{"rendered":"","protected":false},"featured_media":169729,"comment_status":"open","ping_status":"closed","template":"","meta":[],"product_brand":[],"product_cat":[30927,30939],"product_tag":[],"class_list":{"0":"post-169731","1":"product","2":"type-product","3":"status-publish","4":"has-post-thumbnail","6":"product_cat-bath","7":"product_cat-hotel-soaps-amenities","9":"first","10":"instock","11":"taxable","12":"shipping-taxable","13":"purchasable","14":"product-type-simple"},"_links":{"self":[{"href":"https:\/\/nexgendecors.com\/es\/wp-json\/wp\/v2\/product\/169731","targetHints":{"allow":["GET"]}}],"collection":[{"href":"https:\/\/nexgendecors.com\/es\/wp-json\/wp\/v2\/product"}],"about":[{"href":"https:\/\/nexgendecors.com\/es\/wp-json\/wp\/v2\/types\/product"}],"replies":[{"embeddable":true,"href":"https:\/\/nexgendecors.com\/es\/wp-json\/wp\/v2\/comments?post=169731"}],"version-history":[{"count":0,"href":"https:\/\/nexgendecors.com\/es\/wp-json\/wp\/v2\/product\/169731\/revisions"}],"wp:featuredmedia":[{"embeddable":true,"href":"https:\/\/nexgendecors.com\/es\/wp-json\/wp\/v2\/media\/169729"}],"wp:attachment":[{"href":"https:\/\/nexgendecors.com\/es\/wp-json\/wp\/v2\/media?parent=169731"}],"wp:term":[{"taxonomy":"product_brand","embeddable":true,"href":"https:\/\/nexgendecors.com\/es\/wp-json\/wp\/v2\/product_brand?post=169731"},{"taxonomy":"product_cat","embeddable":true,"href":"https:\/\/nexgendecors.com\/es\/wp-json\/wp\/v2\/product_cat?post=169731"},{"taxonomy":"product_tag","embeddable":true,"href":"https:\/\/nexgendecors.com\/es\/wp-json\/wp\/v2\/product_tag?post=169731"}],"curies":[{"name":"wp","href":"https:\/\/api.w.org\/{rel}","templated":true}]}}