{"id":169782,"date":"2025-02-24T06:36:14","date_gmt":"2025-02-24T06:36:14","guid":{"rendered":"https:\/\/nexgendecors.com\/en\/product\/japanese-style-all-cotton-four-seasons-extended-honeycomb-waffle-bathrobe-bathrobe-robe-home-clothes-couple-men-and-women-hotel-homestay\/"},"modified":"2025-04-06T10:04:29","modified_gmt":"2025-04-06T10:04:29","slug":"albornoz-de-algodon-estilo-japones-para-las-cuatro-estaciones-con-diseno-de-panal-estilo-waffle-para-el-hogar-para-parejas-hombres-y-mujeres-para-hoteles-y-casas-de-familia","status":"publish","type":"product","link":"https:\/\/nexgendecors.com\/es\/product\/albornoz-de-algodon-estilo-japones-para-las-cuatro-estaciones-con-diseno-de-panal-estilo-waffle-para-el-hogar-para-parejas-hombres-y-mujeres-para-hoteles-y-casas-de-familia\/","title":{"rendered":"Albornoz de algod\u00f3n estilo japon\u00e9s, estilo panal de abeja extendido para las cuatro estaciones, bata de ba\u00f1o, ropa de hogar, pareja, hombres y mujeres, hotel, alojamiento familiar"},"content":{"rendered":"","protected":false},"excerpt":{"rendered":"","protected":false},"featured_media":169781,"comment_status":"open","ping_status":"closed","template":"","meta":[],"product_brand":[],"product_cat":[30927,30941],"product_tag":[],"class_list":{"0":"post-169782","1":"product","2":"type-product","3":"status-publish","4":"has-post-thumbnail","6":"product_cat-bath","7":"product_cat-hotel-robes-slippers","9":"first","10":"instock","11":"taxable","12":"shipping-taxable","13":"purchasable","14":"product-type-simple"},"_links":{"self":[{"href":"https:\/\/nexgendecors.com\/es\/wp-json\/wp\/v2\/product\/169782","targetHints":{"allow":["GET"]}}],"collection":[{"href":"https:\/\/nexgendecors.com\/es\/wp-json\/wp\/v2\/product"}],"about":[{"href":"https:\/\/nexgendecors.com\/es\/wp-json\/wp\/v2\/types\/product"}],"replies":[{"embeddable":true,"href":"https:\/\/nexgendecors.com\/es\/wp-json\/wp\/v2\/comments?post=169782"}],"version-history":[{"count":0,"href":"https:\/\/nexgendecors.com\/es\/wp-json\/wp\/v2\/product\/169782\/revisions"}],"wp:featuredmedia":[{"embeddable":true,"href":"https:\/\/nexgendecors.com\/es\/wp-json\/wp\/v2\/media\/169781"}],"wp:attachment":[{"href":"https:\/\/nexgendecors.com\/es\/wp-json\/wp\/v2\/media?parent=169782"}],"wp:term":[{"taxonomy":"product_brand","embeddable":true,"href":"https:\/\/nexgendecors.com\/es\/wp-json\/wp\/v2\/product_brand?post=169782"},{"taxonomy":"product_cat","embeddable":true,"href":"https:\/\/nexgendecors.com\/es\/wp-json\/wp\/v2\/product_cat?post=169782"},{"taxonomy":"product_tag","embeddable":true,"href":"https:\/\/nexgendecors.com\/es\/wp-json\/wp\/v2\/product_tag?post=169782"}],"curies":[{"name":"wp","href":"https:\/\/api.w.org\/{rel}","templated":true}]}}