{"id":169874,"date":"2025-02-24T06:46:42","date_gmt":"2025-02-24T06:46:42","guid":{"rendered":"https:\/\/nexgendecors.com\/en\/product\/single-head-hotel-manual-soap-dispenser-wall-mounted-shampoo-shower-gel-box-portable-press-liquid\/"},"modified":"2025-04-06T10:04:35","modified_gmt":"2025-04-06T10:04:35","slug":"single-head-hotel-manual-soap-dispenser-wall-mounted-shampoo-shower-gel-box-portable-press-liquid","status":"publish","type":"product","link":"https:\/\/nexgendecors.com\/es\/product\/single-head-hotel-manual-soap-dispenser-wall-mounted-shampoo-shower-gel-box-portable-press-liquid\/","title":{"rendered":"Dispensador de jab\u00f3n manual monocabezal para hotel montado en la pared caja de gel de ducha champ\u00fa l\u00edquido de prensa port\u00e1til"},"content":{"rendered":"","protected":false},"excerpt":{"rendered":"","protected":false},"featured_media":169873,"comment_status":"open","ping_status":"closed","template":"","meta":[],"product_brand":[],"product_cat":[30927,30940],"product_tag":[],"class_list":{"0":"post-169874","1":"product","2":"type-product","3":"status-publish","4":"has-post-thumbnail","6":"product_cat-bath","7":"product_cat-hotel-shower-dispensers-liquid","9":"first","10":"instock","11":"taxable","12":"shipping-taxable","13":"purchasable","14":"product-type-simple"},"_links":{"self":[{"href":"https:\/\/nexgendecors.com\/es\/wp-json\/wp\/v2\/product\/169874","targetHints":{"allow":["GET"]}}],"collection":[{"href":"https:\/\/nexgendecors.com\/es\/wp-json\/wp\/v2\/product"}],"about":[{"href":"https:\/\/nexgendecors.com\/es\/wp-json\/wp\/v2\/types\/product"}],"replies":[{"embeddable":true,"href":"https:\/\/nexgendecors.com\/es\/wp-json\/wp\/v2\/comments?post=169874"}],"version-history":[{"count":0,"href":"https:\/\/nexgendecors.com\/es\/wp-json\/wp\/v2\/product\/169874\/revisions"}],"wp:featuredmedia":[{"embeddable":true,"href":"https:\/\/nexgendecors.com\/es\/wp-json\/wp\/v2\/media\/169873"}],"wp:attachment":[{"href":"https:\/\/nexgendecors.com\/es\/wp-json\/wp\/v2\/media?parent=169874"}],"wp:term":[{"taxonomy":"product_brand","embeddable":true,"href":"https:\/\/nexgendecors.com\/es\/wp-json\/wp\/v2\/product_brand?post=169874"},{"taxonomy":"product_cat","embeddable":true,"href":"https:\/\/nexgendecors.com\/es\/wp-json\/wp\/v2\/product_cat?post=169874"},{"taxonomy":"product_tag","embeddable":true,"href":"https:\/\/nexgendecors.com\/es\/wp-json\/wp\/v2\/product_tag?post=169874"}],"curies":[{"name":"wp","href":"https:\/\/api.w.org\/{rel}","templated":true}]}}