{"id":169895,"date":"2025-02-24T06:47:22","date_gmt":"2025-02-24T06:47:22","guid":{"rendered":"https:\/\/nexgendecors.com\/en\/product\/hotel-soap-dispenser-soap-dispenser-bath-box-shampoo-box-anti-fall-anti-theft-durable\/"},"modified":"2025-04-06T10:04:40","modified_gmt":"2025-04-06T10:04:40","slug":"dispensador-de-jabon-para-hotel-dispensador-de-jabon-caja-de-bano-caja-de-champu-anticaida-antirrobo-duradero","status":"publish","type":"product","link":"https:\/\/nexgendecors.com\/es\/product\/dispensador-de-jabon-para-hotel-dispensador-de-jabon-caja-de-bano-caja-de-champu-anticaida-antirrobo-duradero\/","title":{"rendered":"Dosificador de jab\u00f3n de hotel dosificador de jab\u00f3n caja de ba\u00f1o caja de champ\u00fa antica\u00edda antirrobo duradero"},"content":{"rendered":"","protected":false},"excerpt":{"rendered":"","protected":false},"featured_media":169894,"comment_status":"open","ping_status":"closed","template":"","meta":[],"product_brand":[],"product_cat":[30927,30940],"product_tag":[],"class_list":{"0":"post-169895","1":"product","2":"type-product","3":"status-publish","4":"has-post-thumbnail","6":"product_cat-bath","7":"product_cat-hotel-shower-dispensers-liquid","9":"first","10":"instock","11":"taxable","12":"shipping-taxable","13":"purchasable","14":"product-type-simple"},"_links":{"self":[{"href":"https:\/\/nexgendecors.com\/es\/wp-json\/wp\/v2\/product\/169895","targetHints":{"allow":["GET"]}}],"collection":[{"href":"https:\/\/nexgendecors.com\/es\/wp-json\/wp\/v2\/product"}],"about":[{"href":"https:\/\/nexgendecors.com\/es\/wp-json\/wp\/v2\/types\/product"}],"replies":[{"embeddable":true,"href":"https:\/\/nexgendecors.com\/es\/wp-json\/wp\/v2\/comments?post=169895"}],"version-history":[{"count":0,"href":"https:\/\/nexgendecors.com\/es\/wp-json\/wp\/v2\/product\/169895\/revisions"}],"wp:featuredmedia":[{"embeddable":true,"href":"https:\/\/nexgendecors.com\/es\/wp-json\/wp\/v2\/media\/169894"}],"wp:attachment":[{"href":"https:\/\/nexgendecors.com\/es\/wp-json\/wp\/v2\/media?parent=169895"}],"wp:term":[{"taxonomy":"product_brand","embeddable":true,"href":"https:\/\/nexgendecors.com\/es\/wp-json\/wp\/v2\/product_brand?post=169895"},{"taxonomy":"product_cat","embeddable":true,"href":"https:\/\/nexgendecors.com\/es\/wp-json\/wp\/v2\/product_cat?post=169895"},{"taxonomy":"product_tag","embeddable":true,"href":"https:\/\/nexgendecors.com\/es\/wp-json\/wp\/v2\/product_tag?post=169895"}],"curies":[{"name":"wp","href":"https:\/\/api.w.org\/{rel}","templated":true}]}}